{"id":7647,"date":"2021-01-12T13:33:09","date_gmt":"2021-01-12T20:33:09","guid":{"rendered":"https:\/\/csop.cirasync.com\/mettre-a-jour-synchroniser-et-distribuer-les-bases-de-donnees-de-contacts-avec-csop\/licence-dapplication-mobile\/"},"modified":"2026-02-23T12:49:52","modified_gmt":"2026-02-23T18:49:52","slug":"licence-dapplication-mobile","status":"publish","type":"page","link":"https:\/\/csop.cirasync.com\/fr\/a-propos\/licence-dapplication-mobile\/","title":{"rendered":"Licence d&rsquo;application mobile"},"content":{"rendered":"<p>[et_pb_section fb_built=\u00a0\u00bb1&Prime; fullwidth=\u00a0\u00bbon\u00a0\u00bb admin_label=\u00a0\u00bbSection\u00a0\u00bb _builder_version=\u00a0\u00bb4.16&Prime; global_colors_info=\u00a0\u00bb{}\u00a0\u00bb][et_pb_fullwidth_header title=\u00a0\u00bbContrat de licence utilisateur final de l&rsquo;application mobile\u00a0\u00bb _builder_version=\u00a0\u00bb4.16&Prime; global_colors_info=\u00a0\u00bb{}\u00a0\u00bb][\/et_pb_fullwidth_header][\/et_pb_section][et_pb_section fb_built=\u00a0\u00bb1&Prime; _builder_version=\u00a0\u00bb4.16&Prime; global_colors_info=\u00a0\u00bb{}\u00a0\u00bb][et_pb_row _builder_version=\u00a0\u00bb4.16&Prime; global_colors_info=\u00a0\u00bb{}\u00a0\u00bb][et_pb_column type=\u00a0\u00bb4_4&Prime; _builder_version=\u00a0\u00bb4.16&Prime; global_colors_info=\u00a0\u00bb{}\u00a0\u00bb][et_pb_text _builder_version=\u00a0\u00bb4.16&Prime; custom_padding=\u00a0\u00bb||0px|||\u00a0\u00bb global_colors_info=\u00a0\u00bb{}\u00a0\u00bb]Veuillez lire ce contrat de licence utilisateur final d&rsquo;application mobile (\u00ab<strong> CLUF<\/strong> \u00bb) Soigneusement avant de t\u00e9l\u00e9charger ou d&rsquo;utiliser le logiciel itrezzo, Inc. (\u00ab<strong> Itrezzo<\/strong> \u00ab\u00a0) Application mobile (le\u00a0\u00bb<strong> Application mobile<\/strong>\u201d). Ce CLUF constitue un accord juridique contraignant entre vous (et toute autre entit\u00e9 au nom de laquelle vous acceptez ces conditions) (collectivement \u00ab\u00a0<strong>Toi<\/strong> \u00a0\u00bb ou \u00ab\u00a0<strong> Votre<\/strong> \u201d) Et CiraSync On-Prem (chacun s\u00e9par\u00e9ment un\u201c<strong> F\u00eate<\/strong> \u00bbEt collectivement le\u00ab<strong> Des soir\u00e9es<\/strong>\u201d) \u00c0 la date \u00e0 laquelle vous t\u00e9l\u00e9chargez l&rsquo;application mobile. Votre utilisation de l&rsquo;application mobile est soumise \u00e0 ce CLUF.<\/p>\n<p><strong>Licence. <\/strong>CiraSync On-Prem vous accorde une licence r\u00e9vocable, non exclusive, non transf\u00e9rable et limit\u00e9e pour t\u00e9l\u00e9charger, installer et utiliser l&rsquo;application mobile \u00e0 vos fins personnelles et professionnelles en stricte conformit\u00e9 avec le pr\u00e9sent CLUF et le contrat d&rsquo;abonnement.<\/p>\n<p><strong>Modifications de ce CLUF.<\/strong> CiraSync On-Prem se r\u00e9serve le droit de modifier ce CLUF \u00e0 tout moment et pour quelque raison que ce soit. CiraSync On-Prem publiera la version la plus r\u00e9cente de ce CLUF sur:<br \/>\n<a title=\"Mobile Application End-User License Agreement\" href=\"https:\/\/csop.cirasync.com\/fr\/a-propos\/licence-dapplication-mobile\/\">https:\/\/csop.cirasync.com\/About\/MobileAppLicense<\/a> .<\/p>\n<p>Vous \u00eates responsable du respect des conditions mises \u00e0 jour publi\u00e9es en ligne sur le site Web d&rsquo;CiraSync On-Prem m\u00eame si ces conditions mises \u00e0 jour apparaissent en ligne sur le site Web d&rsquo;CiraSync On-Prem avant d&rsquo;\u00eatre publi\u00e9es sur l&rsquo;application mobile. Votre utilisation continue de l&rsquo;application mobile apr\u00e8s la publication par CiraSync On-Prem d&rsquo;un avis de modification de ce CLUF indique votre consentement aux conditions mises \u00e0 jour.<\/p>\n<p><strong>Pas de maintenance et de support inclus. <\/strong>CiraSync On-Prem peut d\u00e9ployer \u00e0 tout moment des modifications, des mises \u00e0 jour ou des am\u00e9liorations de l&rsquo;application mobile. CiraSync On-Prem peut assurer la maintenance et le support de l&rsquo;application mobile, mais n&rsquo;a aucune obligation de vous fournir ces services et peut mettre fin \u00e0 ces services \u00e0 tout moment sans pr\u00e9avis. Vous reconnaissez que ni Apple (pour l&rsquo;application mobile iOS) ni Google (pour l&rsquo;application mobile Android) n&rsquo;ont l&rsquo;obligation de fournir des services de maintenance ou d&rsquo;assistance en relation avec l&rsquo;application mobile.<\/p>\n<p><strong>Intimit\u00e9. <\/strong>Afin de faire fonctionner et de fournir l&rsquo;application mobile, CiraSync On-Prem vous demandera d&rsquo;enregistrer votre adresse e-mail et de vous inscrire \u00e0 un e-mail trimestriel d&rsquo;CiraSync On-Prem. CiraSync On-Prem n&rsquo;a pas acc\u00e8s au contenu de vos communications par e-mail, ni n&rsquo;enregistre ni n&rsquo;a acc\u00e8s \u00e0 votre mot de passe. CiraSync On-Prem ne partagera vos informations de contact qu&rsquo;avec sa filiale Cira Apps, Ltd. CiraSync On-Prem utilise et prot\u00e8ge ces informations conform\u00e9ment \u00e0 la politique de confidentialit\u00e9 d&rsquo;CiraSync On-Prem (dont une version actuelle peut \u00eatre trouv\u00e9e sur <a title=\"CiraSync On-Prem Privacy Policy\" href=\"https:\/\/csop.cirasync.com\/fr\/a-propos\/politique-de-confidentialite-dcsop\/\">https:\/\/csop.cirasync.com\/About\/Privacy<\/a><\/p>\n<p><strong>Consentement aux communications \u00e9lectroniques et \u00e0 la sollicitation. <\/strong>En t\u00e9l\u00e9chargeant l&rsquo;application mobile, vous autorisez CiraSync On-Prem \u00e0 vous envoyer (y compris par e-mail et notifications push) des informations concernant l&rsquo;application mobile, telles que: (a) des avis concernant votre utilisation de l&rsquo;application mobile, y compris des avis de violation d&rsquo;utilisation; (b) les mises \u00e0 jour de l&rsquo;application mobile et les nouvelles fonctionnalit\u00e9s ou produits; et (c) des informations et du mat\u00e9riel promotionnels concernant les produits et services d&rsquo;itrezzo.<\/p>\n<p><strong>Aucune garantie. <\/strong>VOTRE UTILISATION DE L&rsquo;APPLICATION MOBILE EST \u00c0 VOS PROPRES RISQUES. L&rsquo;APPLICATION MOBILE EST FOURNIE \u00abTELLE QUELLE\u00bb ET \u00abTELLE QUE DISPONIBLE\u00bb. ITREZZO D\u00c9CLINE EXPRESS\u00c9MENT TOUTE GARANTIE DE QUELQUE NATURE QUE CE SOIT, EXPRESSE OU IMPLICITE, Y COMPRIS LES GARANTIES IMPLICITES DE QUALIT\u00c9 MARCHANDE, D&rsquo;AD\u00c9QUATION \u00c0 UN USAGE PARTICULIER ET D&rsquo;ABSENCE DE CONTREFA\u00c7ON. ITREZZO N&rsquo;EST PAS RESPONSABLE DES PERTES OU DOMMAGES R\u00c9SULTANT DE OU LI\u00c9S \u00c0 VOTRE UTILISATION DE L&rsquo;APPLICATION MOBILE, Y COMPRIS, MAIS SANS S&rsquo;Y LIMITER, LES DOMMAGES INDIRECTS, SP\u00c9CIAUX, PUNITIFS OU CONS\u00c9CUTIFS.<\/p>\n<p>L&rsquo;application mobile n&rsquo;est disponible que pour les appareils pris en charge et peut ne pas fonctionner sur tous les appareils. D\u00e9terminer si votre appareil est un appareil pris en charge ou compatible pour l&rsquo;utilisation de l&rsquo;application mobile rel\u00e8ve de votre seule responsabilit\u00e9, et le t\u00e9l\u00e9chargement de l&rsquo;application mobile se fait \u00e0 vos propres risques. CiraSync On-Prem ne d\u00e9clare ni ne garantit que l&rsquo;application mobile et votre appareil sont compatibles ou que l&rsquo;application mobile fonctionnera sur votre appareil.<\/p>\n<p style=\"padding-left: 30px;\"><strong>Application iOS. <\/strong>DANS LA MESURE MAXIMALE AUTORIS\u00c9E PAR LA LOI APPLICABLE, APPLE N&rsquo;A AUCUNE AUTRE OBLIGATION DE GARANTIE EN CE QUI CONCERNE (A) L&rsquo;APPLICATION MOBILE, ET (B) TOUT AUTRE R\u00c9CLAMATION, PERTE, RESPONSABILIT\u00c9, DOMMAGES, FRAIS OU D\u00c9PENSES ATTRIBUABLES \u00c0 TOUT NON-RESPECT DE TOUTE GARANTIE.<\/p>\n<p style=\"padding-left: 30px;\"><strong>Application Android. <\/strong>GOOGLE D\u00c9CLINE EXPRESS\u00c9MENT TOUTES LES GARANTIES ET CONDITIONS DE QUELQUE NATURE QUE CE SOIT, EXPRESSE OU IMPLICITE, Y COMPRIS, MAIS SANS S&rsquo;Y LIMITER, LES GARANTIES ET CONDITIONS IMPLICITES DE QUALIT\u00c9 MARCHANDE, D&rsquo;AD\u00c9QUATION \u00c0 UN USAGE PARTICULIER ET D&rsquo;ABSENCE DE CONTREFA\u00c7ON.<\/p>\n<p><strong>Suspension et r\u00e9siliation de l&rsquo;application mobile. <\/strong>CiraSync On-Prem se r\u00e9serve le droit de suspendre ou de r\u00e9silier votre acc\u00e8s \u00e0 l&rsquo;application mobile si vous ne respectez pas le pr\u00e9sent accord ou les conditions g\u00e9n\u00e9rales li\u00e9es \u00e0 votre utilisation des services d&rsquo;itrezzo.<\/p>\n<p>&nbsp;<\/p>\n<p><strong>Droits de propri\u00e9t\u00e9 intellectuelle. <\/strong>En cas de r\u00e9clamation d&rsquo;un tiers selon laquelle l&rsquo;application mobile, ou votre possession et utilisation de l&rsquo;application mobile, enfreint les droits de propri\u00e9t\u00e9 intellectuelle de tiers, CiraSync On-Prem sera seul responsable de l&rsquo;enqu\u00eate, de la d\u00e9fense, du r\u00e8glement et de la d\u00e9charge de toute violation de propri\u00e9t\u00e9 intellectuelle. pr\u00e9tendre.<\/p>\n<p>&nbsp;<\/p>\n<p><strong>Conformit\u00e9 l\u00e9gale. <\/strong>Vous d\u00e9clarez et garantissez que: (a) Vous n&rsquo;\u00eates pas situ\u00e9 dans un pays soumis \u00e0 un embargo du gouvernement des \u00c9tats-Unis, ou qui se trouve au titre 15, partie 740, suppl\u00e9ment 1, groupe de pays E du Code des r\u00e8glements f\u00e9d\u00e9raux des \u00c9tats-Unis; (b) Vous n&rsquo;\u00eates pas situ\u00e9 dans un pays qui a \u00e9t\u00e9 d\u00e9sign\u00e9 par le gouvernement des \u00c9tats-Unis comme un pays \u00absoutenant le terrorisme\u00bb; et (c) Vous ne figurez sur aucune liste du gouvernement am\u00e9ricain des parties interdites ou restreintes. Vous acceptez en outre de ne pas transporter ou utiliser l&rsquo;application mobile dans un de ces pays.<\/p>\n<p>&nbsp;<\/p>\n<p><strong>B\u00e9n\u00e9ficiaires tiers. <\/strong>Ce CLUF est ex\u00e9cut\u00e9 entre vous et CiraSync On-Prem et non entre vous et toute autre partie, y compris Apple pour les utilisateurs iOS et Google pour les utilisateurs Android. Vous acceptez que toute r\u00e9clamation de votre part d\u00e9coulant du pr\u00e9sent CLUF ou de votre utilisation de l&rsquo;application mobile ne sera pas faite contre Apple ou Google, selon le cas. Nonobstant ce qui pr\u00e9c\u00e8de, votre acceptation de ce CLUF permet \u00e0 Apple ou \u00e0 Google, selon le cas, d&rsquo;appliquer ce CLUF \u00e0 votre encontre en tant que tiers b\u00e9n\u00e9ficiaire de celui-ci. CiraSync On-Prem n&rsquo;est pas responsable de tout accord tiers applicable entre Vous et Votre tout tiers, y compris votre fournisseur de services sans fil.<br \/>\n[\/et_pb_text][\/et_pb_column][\/et_pb_row][\/et_pb_section]<\/p>\n","protected":false},"excerpt":{"rendered":"<p>Veuillez lire ce contrat de licence utilisateur final d&rsquo;application mobile (\u00ab CLUF \u00bb) Soigneusement avant de t\u00e9l\u00e9charger ou d&rsquo;utiliser le logiciel itrezzo, Inc. (\u00ab Itrezzo \u00ab\u00a0) Application mobile (le\u00a0\u00bb Application mobile\u201d). Ce CLUF constitue un accord juridique contraignant entre vous (et toute autre entit\u00e9 au nom de laquelle vous acceptez ces conditions) (collectivement \u00ab\u00a0Toi \u00a0\u00bb [&hellip;]<\/p>\n","protected":false},"author":3,"featured_media":0,"parent":7116,"menu_order":0,"comment_status":"closed","ping_status":"closed","template":"","meta":{"_et_pb_use_builder":"on","_et_pb_old_content":"","_et_gb_content_width":"","inline_featured_image":false,"footnotes":""},"class_list":["post-7647","page","type-page","status-publish","hentry"],"yoast_head":"<!-- This site is optimized with the Yoast SEO Premium plugin v27.1 (Yoast SEO v27.4) - https:\/\/yoast.com\/product\/yoast-seo-premium-wordpress\/ -->\n<title>Licence d&#039;application mobile<\/title>\n<meta name=\"description\" content=\"Informations sur la licence d&#039;application mobile CiraSync On-Prem. Options de licence par utilisateur pour la synchronisation Exchange\/Outlook.\" \/>\n<meta name=\"robots\" content=\"index, follow, max-snippet:-1, max-image-preview:large, max-video-preview:-1\" \/>\n<link rel=\"canonical\" href=\"https:\/\/csop.cirasync.com\/fr\/a-propos\/licence-dapplication-mobile\/\" \/>\n<meta property=\"og:locale\" content=\"fr_FR\" \/>\n<meta property=\"og:type\" content=\"article\" \/>\n<meta property=\"og:title\" content=\"Licence d&#039;application mobile\" \/>\n<meta property=\"og:description\" content=\"Informations sur la licence d&#039;application mobile CiraSync On-Prem. Options de licence par utilisateur pour la synchronisation Exchange\/Outlook.\" \/>\n<meta property=\"og:url\" content=\"https:\/\/csop.cirasync.com\/fr\/a-propos\/licence-dapplication-mobile\/\" \/>\n<meta property=\"og:site_name\" content=\"CiraSync On-Prem - Sync Global Address List and Public Folders\" \/>\n<meta property=\"article:publisher\" content=\"https:\/\/www.facebook.com\/itrezzo\" \/>\n<meta property=\"article:modified_time\" content=\"2026-02-23T18:49:52+00:00\" \/>\n<meta name=\"twitter:card\" content=\"summary_large_image\" \/>\n<meta name=\"twitter:site\" content=\"@itrezzo\" \/>\n<script type=\"application\/ld+json\" class=\"yoast-schema-graph\">{\"@context\":\"https:\\\/\\\/schema.org\",\"@graph\":[{\"@type\":\"WebPage\",\"@id\":\"https:\\\/\\\/csop.cirasync.com\\\/fr\\\/a-propos\\\/licence-dapplication-mobile\\\/\",\"url\":\"https:\\\/\\\/csop.cirasync.com\\\/fr\\\/a-propos\\\/licence-dapplication-mobile\\\/\",\"name\":\"Licence d'application mobile\",\"isPartOf\":{\"@id\":\"https:\\\/\\\/csop.cirasync.com\\\/fr\\\/#website\"},\"datePublished\":\"2021-01-12T20:33:09+00:00\",\"dateModified\":\"2026-02-23T18:49:52+00:00\",\"description\":\"Informations sur la licence d'application mobile CiraSync On-Prem. Options de licence par utilisateur pour la synchronisation Exchange\\\/Outlook.\",\"breadcrumb\":{\"@id\":\"https:\\\/\\\/csop.cirasync.com\\\/fr\\\/a-propos\\\/licence-dapplication-mobile\\\/#breadcrumb\"},\"inLanguage\":\"fr-FR\",\"potentialAction\":[{\"@type\":\"ReadAction\",\"target\":[\"https:\\\/\\\/csop.cirasync.com\\\/fr\\\/a-propos\\\/licence-dapplication-mobile\\\/\"]}]},{\"@type\":\"BreadcrumbList\",\"@id\":\"https:\\\/\\\/csop.cirasync.com\\\/fr\\\/a-propos\\\/licence-dapplication-mobile\\\/#breadcrumb\",\"itemListElement\":[{\"@type\":\"ListItem\",\"position\":1,\"name\":\"Home\",\"item\":\"https:\\\/\\\/csop.cirasync.com\\\/fr\\\/\"},{\"@type\":\"ListItem\",\"position\":2,\"name\":\"Mettre \u00e0 jour, synchroniser et distribuer les bases de donn\u00e9es de contacts avec CiraSync On-Prem\",\"item\":\"https:\\\/\\\/csop.cirasync.com\\\/fr\\\/a-propos\\\/\"},{\"@type\":\"ListItem\",\"position\":3,\"name\":\"Licence d&#8217;application mobile\"}]},{\"@type\":\"WebSite\",\"@id\":\"https:\\\/\\\/csop.cirasync.com\\\/fr\\\/#website\",\"url\":\"https:\\\/\\\/csop.cirasync.com\\\/fr\\\/\",\"name\":\"CiraSync On-Prem - Sync Global Address List and Public Folders\",\"description\":\"Sync the GAL and Public Folders to Outlook and smartphones\",\"publisher\":{\"@id\":\"https:\\\/\\\/csop.cirasync.com\\\/fr\\\/#organization\"},\"potentialAction\":[{\"@type\":\"SearchAction\",\"target\":{\"@type\":\"EntryPoint\",\"urlTemplate\":\"https:\\\/\\\/csop.cirasync.com\\\/fr\\\/?s={search_term_string}\"},\"query-input\":{\"@type\":\"PropertyValueSpecification\",\"valueRequired\":true,\"valueName\":\"search_term_string\"}}],\"inLanguage\":\"fr-FR\"},{\"@type\":\"Organization\",\"@id\":\"https:\\\/\\\/csop.cirasync.com\\\/fr\\\/#organization\",\"name\":\"CiraSync On-Prem contact management and sync software\",\"url\":\"https:\\\/\\\/csop.cirasync.com\\\/fr\\\/\",\"logo\":{\"@type\":\"ImageObject\",\"inLanguage\":\"fr-FR\",\"@id\":\"https:\\\/\\\/csop.cirasync.com\\\/fr\\\/#\\\/schema\\\/logo\\\/image\\\/\",\"url\":\"https:\\\/\\\/csop.cirasync.com\\\/wp-content\\\/uploads\\\/2020\\\/04\\\/logo.png\",\"contentUrl\":\"https:\\\/\\\/csop.cirasync.com\\\/wp-content\\\/uploads\\\/2020\\\/04\\\/logo.png\",\"width\":172,\"height\":40,\"caption\":\"CiraSync On-Prem contact management and sync software\"},\"image\":{\"@id\":\"https:\\\/\\\/csop.cirasync.com\\\/fr\\\/#\\\/schema\\\/logo\\\/image\\\/\"},\"sameAs\":[\"https:\\\/\\\/www.facebook.com\\\/itrezzo\",\"https:\\\/\\\/x.com\\\/itrezzo\",\"https:\\\/\\\/www.linkedin.com\\\/company\\\/sync-the-global-address-list-to-an-iphone-android-or-blackberry\",\"https:\\\/\\\/www.youtube.com\\\/channel\\\/UCyAwGMuXo3HPNDpZeBAQyNQ\"]}]}<\/script>\n<!-- \/ Yoast SEO Premium plugin. -->","yoast_head_json":{"title":"Licence d'application mobile","description":"Informations sur la licence d'application mobile CiraSync On-Prem. Options de licence par utilisateur pour la synchronisation Exchange\/Outlook.","robots":{"index":"index","follow":"follow","max-snippet":"max-snippet:-1","max-image-preview":"max-image-preview:large","max-video-preview":"max-video-preview:-1"},"canonical":"https:\/\/csop.cirasync.com\/fr\/a-propos\/licence-dapplication-mobile\/","og_locale":"fr_FR","og_type":"article","og_title":"Licence d'application mobile","og_description":"Informations sur la licence d'application mobile CiraSync On-Prem. Options de licence par utilisateur pour la synchronisation Exchange\/Outlook.","og_url":"https:\/\/csop.cirasync.com\/fr\/a-propos\/licence-dapplication-mobile\/","og_site_name":"CiraSync On-Prem - Sync Global Address List and Public Folders","article_publisher":"https:\/\/www.facebook.com\/itrezzo","article_modified_time":"2026-02-23T18:49:52+00:00","twitter_card":"summary_large_image","twitter_site":"@itrezzo","schema":{"@context":"https:\/\/schema.org","@graph":[{"@type":"WebPage","@id":"https:\/\/csop.cirasync.com\/fr\/a-propos\/licence-dapplication-mobile\/","url":"https:\/\/csop.cirasync.com\/fr\/a-propos\/licence-dapplication-mobile\/","name":"Licence d'application mobile","isPartOf":{"@id":"https:\/\/csop.cirasync.com\/fr\/#website"},"datePublished":"2021-01-12T20:33:09+00:00","dateModified":"2026-02-23T18:49:52+00:00","description":"Informations sur la licence d'application mobile CiraSync On-Prem. Options de licence par utilisateur pour la synchronisation Exchange\/Outlook.","breadcrumb":{"@id":"https:\/\/csop.cirasync.com\/fr\/a-propos\/licence-dapplication-mobile\/#breadcrumb"},"inLanguage":"fr-FR","potentialAction":[{"@type":"ReadAction","target":["https:\/\/csop.cirasync.com\/fr\/a-propos\/licence-dapplication-mobile\/"]}]},{"@type":"BreadcrumbList","@id":"https:\/\/csop.cirasync.com\/fr\/a-propos\/licence-dapplication-mobile\/#breadcrumb","itemListElement":[{"@type":"ListItem","position":1,"name":"Home","item":"https:\/\/csop.cirasync.com\/fr\/"},{"@type":"ListItem","position":2,"name":"Mettre \u00e0 jour, synchroniser et distribuer les bases de donn\u00e9es de contacts avec CiraSync On-Prem","item":"https:\/\/csop.cirasync.com\/fr\/a-propos\/"},{"@type":"ListItem","position":3,"name":"Licence d&#8217;application mobile"}]},{"@type":"WebSite","@id":"https:\/\/csop.cirasync.com\/fr\/#website","url":"https:\/\/csop.cirasync.com\/fr\/","name":"CiraSync On-Prem - Sync Global Address List and Public Folders","description":"Sync the GAL and Public Folders to Outlook and smartphones","publisher":{"@id":"https:\/\/csop.cirasync.com\/fr\/#organization"},"potentialAction":[{"@type":"SearchAction","target":{"@type":"EntryPoint","urlTemplate":"https:\/\/csop.cirasync.com\/fr\/?s={search_term_string}"},"query-input":{"@type":"PropertyValueSpecification","valueRequired":true,"valueName":"search_term_string"}}],"inLanguage":"fr-FR"},{"@type":"Organization","@id":"https:\/\/csop.cirasync.com\/fr\/#organization","name":"CiraSync On-Prem contact management and sync software","url":"https:\/\/csop.cirasync.com\/fr\/","logo":{"@type":"ImageObject","inLanguage":"fr-FR","@id":"https:\/\/csop.cirasync.com\/fr\/#\/schema\/logo\/image\/","url":"https:\/\/csop.cirasync.com\/wp-content\/uploads\/2020\/04\/logo.png","contentUrl":"https:\/\/csop.cirasync.com\/wp-content\/uploads\/2020\/04\/logo.png","width":172,"height":40,"caption":"CiraSync On-Prem contact management and sync software"},"image":{"@id":"https:\/\/csop.cirasync.com\/fr\/#\/schema\/logo\/image\/"},"sameAs":["https:\/\/www.facebook.com\/itrezzo","https:\/\/x.com\/itrezzo","https:\/\/www.linkedin.com\/company\/sync-the-global-address-list-to-an-iphone-android-or-blackberry","https:\/\/www.youtube.com\/channel\/UCyAwGMuXo3HPNDpZeBAQyNQ"]}]}},"_links":{"self":[{"href":"https:\/\/csop.cirasync.com\/fr\/wp-json\/wp\/v2\/pages\/7647","targetHints":{"allow":["GET"]}}],"collection":[{"href":"https:\/\/csop.cirasync.com\/fr\/wp-json\/wp\/v2\/pages"}],"about":[{"href":"https:\/\/csop.cirasync.com\/fr\/wp-json\/wp\/v2\/types\/page"}],"author":[{"embeddable":true,"href":"https:\/\/csop.cirasync.com\/fr\/wp-json\/wp\/v2\/users\/3"}],"replies":[{"embeddable":true,"href":"https:\/\/csop.cirasync.com\/fr\/wp-json\/wp\/v2\/comments?post=7647"}],"version-history":[{"count":10,"href":"https:\/\/csop.cirasync.com\/fr\/wp-json\/wp\/v2\/pages\/7647\/revisions"}],"predecessor-version":[{"id":13460,"href":"https:\/\/csop.cirasync.com\/fr\/wp-json\/wp\/v2\/pages\/7647\/revisions\/13460"}],"up":[{"embeddable":true,"href":"https:\/\/csop.cirasync.com\/fr\/wp-json\/wp\/v2\/pages\/7116"}],"wp:attachment":[{"href":"https:\/\/csop.cirasync.com\/fr\/wp-json\/wp\/v2\/media?parent=7647"}],"curies":[{"name":"wp","href":"https:\/\/api.w.org\/{rel}","templated":true}]}}