{"id":7590,"date":"2021-01-12T13:32:53","date_gmt":"2021-01-12T20:32:53","guid":{"rendered":"https:\/\/csop.cirasync.com\/mettre-a-jour-synchroniser-et-distribuer-les-bases-de-donnees-de-contacts-avec-csop\/emplacements-des-bureaux\/"},"modified":"2023-02-01T02:56:37","modified_gmt":"2023-02-01T09:56:37","slug":"localisation","status":"publish","type":"page","link":"https:\/\/csop.cirasync.com\/fr\/a-propos\/localisation\/","title":{"rendered":"Localisation des bureaux"},"content":{"rendered":"<p>[et_pb_section fb_built=\u00a0\u00bb1&Prime; fullwidth=\u00a0\u00bbon\u00a0\u00bb admin_label=\u00a0\u00bbHeader\u00a0\u00bb _builder_version=\u00a0\u00bb4.16&Prime; use_background_color_gradient=\u00a0\u00bbon\u00a0\u00bb background_color_gradient_direction=\u00a0\u00bb163deg\u00a0\u00bb background_color_gradient_stops=\u00a0\u00bbrgba(0,0,0,0.02) 50%|#ffffff 50%\u00a0\u00bb background_color_gradient_start=\u00a0\u00bbrgba(0,0,0,0.02)\u00a0\u00bb background_color_gradient_start_position=\u00a0\u00bb50%\u00a0\u00bb background_color_gradient_end=\u00a0\u00bb#ffffff\u00a0\u00bb background_color_gradient_end_position=\u00a0\u00bb0%\u00a0\u00bb background_enable_image=\u00a0\u00bboff\u00a0\u00bb parallax=\u00a0\u00bbon\u00a0\u00bb custom_padding=\u00a0\u00bb||||false|false\u00a0\u00bb animation_style=\u00a0\u00bbfade\u00a0\u00bb global_colors_info=\u00a0\u00bb{}\u00a0\u00bb][et_pb_fullwidth_header title=\u00a0\u00bbLocalisation des bureaux\u00a0\u00bb text_orientation=\u00a0\u00bbcenter\u00a0\u00bb content_max_width=\u00a0\u00bb640px\u00a0\u00bb _builder_version=\u00a0\u00bb4.16&Prime; title_font=\u00a0\u00bbLato|900|||||||\u00a0\u00bb title_font_size=\u00a0\u00bb40px\u00a0\u00bb title_line_height=\u00a0\u00bb1.5em\u00a0\u00bb content_font=\u00a0\u00bb||||||||\u00a0\u00bb content_font_size=\u00a0\u00bb16px\u00a0\u00bb content_line_height=\u00a0\u00bb2em\u00a0\u00bb subhead_font=\u00a0\u00bb|600|||||||\u00a0\u00bb subhead_font_size=\u00a0\u00bb26px\u00a0\u00bb background_color=\u00a0\u00bbrgba(0,0,0,0)\u00a0\u00bb custom_button_one=\u00a0\u00bbon\u00a0\u00bb button_one_text_size=\u00a0\u00bb14px\u00a0\u00bb button_one_text_color=\u00a0\u00bb#ffffff\u00a0\u00bb button_one_bg_color=\u00a0\u00bb#0054ff\u00a0\u00bb button_one_border_width=\u00a0\u00bb14px\u00a0\u00bb button_one_border_color=\u00a0\u00bbrgba(0,0,0,0)\u00a0\u00bb button_one_border_radius=\u00a0\u00bb0px\u00a0\u00bb button_one_letter_spacing=\u00a0\u00bb2px\u00a0\u00bb button_one_font=\u00a0\u00bb|600||on|||||\u00a0\u00bb button_one_icon=\u00a0\u00bb&#x39;||divi||400&Prime; button_one_on_hover=\u00a0\u00bboff\u00a0\u00bb custom_button_two=\u00a0\u00bbon\u00a0\u00bb button_two_text_size=\u00a0\u00bb14px\u00a0\u00bb button_two_text_color=\u00a0\u00bb#0054ff\u00a0\u00bb button_two_bg_color=\u00a0\u00bbrgba(255,255,255,0)\u00a0\u00bb button_two_border_width=\u00a0\u00bb12px\u00a0\u00bb button_two_border_color=\u00a0\u00bbrgba(0,0,0,0)\u00a0\u00bb button_two_border_radius=\u00a0\u00bb0px\u00a0\u00bb button_two_letter_spacing=\u00a0\u00bb2px\u00a0\u00bb button_two_font=\u00a0\u00bb|600||on|||||\u00a0\u00bb button_two_icon=\u00a0\u00bb&#x39;||divi||400&Prime; button_two_on_hover=\u00a0\u00bboff\u00a0\u00bb custom_margin=\u00a0\u00bb|||\u00a0\u00bb custom_padding=\u00a0\u00bb20px||20px||true|false\u00a0\u00bb animation_style=\u00a0\u00bbzoom\u00a0\u00bb animation_intensity_zoom=\u00a0\u00bb-5%\u00a0\u00bb title_font_size_tablet=\u00a0\u00bb\u00a0\u00bb title_font_size_phone=\u00a0\u00bb25px\u00a0\u00bb title_font_size_last_edited=\u00a0\u00bbon|desktop\u00a0\u00bb box_shadow_style_button_two=\u00a0\u00bbpreset1&Prime; box_shadow_vertical_button_two=\u00a0\u00bb0px\u00a0\u00bb box_shadow_blur_button_two=\u00a0\u00bb0px\u00a0\u00bb box_shadow_spread_button_two=\u00a0\u00bb2px\u00a0\u00bb box_shadow_color_button_two=\u00a0\u00bb#0054ff\u00a0\u00bb button_one_letter_spacing_hover=\u00a0\u00bb2px\u00a0\u00bb button_two_letter_spacing_hover=\u00a0\u00bb2px\u00a0\u00bb global_colors_info=\u00a0\u00bb{}\u00a0\u00bb button_one_text_size__hover_enabled=\u00a0\u00bboff\u00a0\u00bb button_two_text_size__hover_enabled=\u00a0\u00bboff\u00a0\u00bb button_one_text_color__hover_enabled=\u00a0\u00bboff\u00a0\u00bb button_two_text_color__hover_enabled=\u00a0\u00bboff\u00a0\u00bb button_one_border_width__hover_enabled=\u00a0\u00bboff\u00a0\u00bb button_two_border_width__hover_enabled=\u00a0\u00bboff\u00a0\u00bb button_one_border_color__hover_enabled=\u00a0\u00bboff\u00a0\u00bb button_two_border_color__hover_enabled=\u00a0\u00bboff\u00a0\u00bb button_one_border_radius__hover_enabled=\u00a0\u00bboff\u00a0\u00bb button_two_border_radius__hover_enabled=\u00a0\u00bboff\u00a0\u00bb button_one_letter_spacing__hover_enabled=\u00a0\u00bbon\u00a0\u00bb button_one_letter_spacing__hover=\u00a0\u00bb2px\u00a0\u00bb button_two_letter_spacing__hover_enabled=\u00a0\u00bbon\u00a0\u00bb button_two_letter_spacing__hover=\u00a0\u00bb2px\u00a0\u00bb button_one_bg_color__hover_enabled=\u00a0\u00bboff\u00a0\u00bb button_two_bg_color__hover_enabled=\u00a0\u00bboff\u00a0\u00bb][\/et_pb_fullwidth_header][\/et_pb_section][et_pb_section fb_built=\u00a0\u00bb1&Prime; admin_label=\u00a0\u00bbProjects\u00a0\u00bb _builder_version=\u00a0\u00bb4.16&Prime; custom_padding=\u00a0\u00bb54px|0px|0|0px|false|false\u00a0\u00bb global_colors_info=\u00a0\u00bb{}\u00a0\u00bb][et_pb_row column_structure=\u00a0\u00bb1_2,1_2&Prime; disabled_on=\u00a0\u00bbon|on|on\u00a0\u00bb _builder_version=\u00a0\u00bb4.16&Prime; disabled=\u00a0\u00bbon\u00a0\u00bb global_colors_info=\u00a0\u00bb{}\u00a0\u00bb][et_pb_column type=\u00a0\u00bb1_2&Prime; _builder_version=\u00a0\u00bb4.16&Prime; global_colors_info=\u00a0\u00bb{}\u00a0\u00bb][et_pb_text _builder_version=\u00a0\u00bb4.16&Prime; header_3_font=\u00a0\u00bbLato|800|||||||\u00a0\u00bb global_colors_info=\u00a0\u00bb{}\u00a0\u00bb]<\/p>\n<h3>itrezzo, Inc<\/h3>\n<p>333, rue West San Carlos &#8211; Suite 600<br \/>San Jose, Californie 95110 <br \/>+1 408-540-5020<\/p>\n<p>[\/et_pb_text][et_pb_map address=\u00a0\u00bb333 W San Carlos St suite 600, San Jose, CA 95110, United States\u00a0\u00bb _builder_version=\u00a0\u00bb4.16&Prime; global_colors_info=\u00a0\u00bb{}\u00a0\u00bb][et_pb_map_pin title=\u00a0\u00bbCira Apps Limited\u00a0\u00bb _builder_version=\u00a0\u00bb4.4.7&Prime; global_colors_info=\u00a0\u00bb{}\u00a0\u00bb]<\/p>\n<div class=\"place-desc-large\">\n<div jstcache=\"37\" class=\"address\" jsan=\"7.address\">333 W San Carlos St suite 600, San Jose, CA 95110, \u00c9tats-Unis<\/div>\n<\/div>\n<p>&nbsp;<\/p>\n<p>[\/et_pb_map_pin][\/et_pb_map][\/et_pb_column][et_pb_column type=\u00a0\u00bb1_2&Prime; _builder_version=\u00a0\u00bb4.16&Prime; global_colors_info=\u00a0\u00bb{}\u00a0\u00bb][et_pb_text _builder_version=\u00a0\u00bb4.16&Prime; header_3_font=\u00a0\u00bbLato|800|||||||\u00a0\u00bb global_colors_info=\u00a0\u00bb{}\u00a0\u00bb]<\/p>\n<h3>CiraSync On-Prem Development, Ukraine<\/h3>\n<p>Place Troitska, 3\/13<br \/> Dnepropetrovsk, 49000<br \/> Ukraine<\/p>\n<p>[\/et_pb_text][et_pb_map address=\u00a0\u00bb333 W San Carlos St suite 600, San Jose, CA 95110, United States\u00a0\u00bb _builder_version=\u00a0\u00bb4.16&Prime; global_colors_info=\u00a0\u00bb{}\u00a0\u00bb][et_pb_map_pin title=\u00a0\u00bbPlace Troitska, 3&Prime; pin_address=\u00a0\u00bbTroitska Square, 3, Dnipropetrovs&rsquo;k, Dnipropetrovs&rsquo;ka oblast, Ukraine, 49000&Prime; _builder_version=\u00a0\u00bb4.4.7&Prime; global_colors_info=\u00a0\u00bb{}\u00a0\u00bb]<\/p>\n<div class=\"place-desc-large\">\n<div jstcache=\"37\" class=\"address\" jsan=\"7.address\"><span>Troitska Square, 3, Dnipropetrovs&rsquo;k, Oblast de Dnipropetrovs&rsquo;ka, Ukraine, 49000<\/span><\/div>\n<\/div>\n<p>[\/et_pb_map_pin][\/et_pb_map][\/et_pb_column][\/et_pb_row][et_pb_row column_structure=\u00a0\u00bb1_2,1_2&Prime; _builder_version=\u00a0\u00bb4.16&Prime; global_colors_info=\u00a0\u00bb{}\u00a0\u00bb][et_pb_column type=\u00a0\u00bb1_2&Prime; _builder_version=\u00a0\u00bb4.16&Prime; global_colors_info=\u00a0\u00bb{}\u00a0\u00bb][et_pb_text _builder_version=\u00a0\u00bb4.16&Prime; header_3_font=\u00a0\u00bbLato|800|||||||\u00a0\u00bb global_colors_info=\u00a0\u00bb{}\u00a0\u00bb]<\/p>\n<h3>itrezzo, Inc<\/h3>\n<p>333, rue West San Carlos &#8211; Suite 600<br \/>San Jose, Californie 95110 <br \/>+1 408-540-5020<\/p>\n<p><img decoding=\"async\" src=\"\/wp-content\/uploads\/2020\/07\/itrezzoInc-map.jpg\">[\/et_pb_text][\/et_pb_column][et_pb_column type=\u00a0\u00bb1_2&Prime; _builder_version=\u00a0\u00bb4.16&Prime; global_colors_info=\u00a0\u00bb{}\u00a0\u00bb][et_pb_text _builder_version=\u00a0\u00bb4.16&Prime; header_3_font=\u00a0\u00bbLato|800|||||||\u00a0\u00bb global_colors_info=\u00a0\u00bb{}\u00a0\u00bb]<\/p>\n<h3>CiraSync On-Prem Development, Ukraine<\/h3>\n<p>Pavla Nirinberha 10<br \/> Dnipro, 49000<br \/> Ukraine<\/p>\n<p><img decoding=\"async\" src=\"\/wp-content\/uploads\/2021\/02\/itrezzoDevelopmentUkraine-map.jpg\">[\/et_pb_text][\/et_pb_column][\/et_pb_row][et_pb_row column_structure=\u00a0\u00bb1_2,1_2&Prime; _builder_version=\u00a0\u00bb4.16&Prime; global_colors_info=\u00a0\u00bb{}\u00a0\u00bb][et_pb_column type=\u00a0\u00bb1_2&Prime; _builder_version=\u00a0\u00bb4.16&Prime; global_colors_info=\u00a0\u00bb{}\u00a0\u00bb][et_pb_text _builder_version=\u00a0\u00bb4.16&Prime; header_3_font=\u00a0\u00bbLato|800|||||||\u00a0\u00bb global_colors_info=\u00a0\u00bb{}\u00a0\u00bb]<\/p>\n<h3>Adresse postale<\/h3>\n<p>itrezzo, Inc<br \/> 24527,<br \/> San Jose, CA 95154-4527<\/p>\n<p><img decoding=\"async\" src=\"\/wp-content\/uploads\/2020\/06\/mailing-address-.svg\">[\/et_pb_text][\/et_pb_column][et_pb_column type=\u00a0\u00bb1_2&Prime; _builder_version=\u00a0\u00bb4.16&Prime; global_colors_info=\u00a0\u00bb{}\u00a0\u00bb][\/et_pb_column][\/et_pb_row][\/et_pb_section]<\/p>\n","protected":false},"excerpt":{"rendered":"<p>itrezzo, Inc 333, rue West San Carlos &#8211; Suite 600San Jose, Californie 95110 +1 408-540-5020 333 W San Carlos St suite 600, San Jose, CA 95110, \u00c9tats-Unis &nbsp;CiraSync On-Prem Development, Ukraine Place Troitska, 3\/13 Dnepropetrovsk, 49000 Ukraine Troitska Square, 3, Dnipropetrovs&rsquo;k, Oblast de Dnipropetrovs&rsquo;ka, Ukraine, 49000 itrezzo, Inc 333, rue West San Carlos &#8211; Suite [&hellip;]<\/p>\n","protected":false},"author":3,"featured_media":0,"parent":7116,"menu_order":0,"comment_status":"closed","ping_status":"closed","template":"","meta":{"_et_pb_use_builder":"on","_et_pb_old_content":"","_et_gb_content_width":"","inline_featured_image":false,"footnotes":""},"class_list":["post-7590","page","type-page","status-publish","hentry"],"yoast_head":"<!-- This site is optimized with the Yoast SEO Premium plugin v27.1 (Yoast SEO v27.4) - https:\/\/yoast.com\/product\/yoast-seo-premium-wordpress\/ -->\n<title>Localisation des bureaux &#8212; CiraSync On-Prem<\/title>\n<meta name=\"description\" content=\"D\u00e9couvrez notre emplacement et comment nous pouvons vous aider \u00e0 am\u00e9liorer votre gestion de contacts avec CiraSync On-Prem. Visitez notre site web.\" \/>\n<meta name=\"robots\" content=\"index, follow, max-snippet:-1, max-image-preview:large, max-video-preview:-1\" \/>\n<link rel=\"canonical\" href=\"https:\/\/csop.cirasync.com\/fr\/a-propos\/localisation\/\" \/>\n<meta property=\"og:locale\" content=\"fr_FR\" \/>\n<meta property=\"og:type\" content=\"article\" \/>\n<meta property=\"og:title\" content=\"Localisation des bureaux\" \/>\n<meta property=\"og:description\" content=\"D\u00e9couvrez notre emplacement et comment nous pouvons vous aider \u00e0 am\u00e9liorer votre gestion de contacts avec CiraSync On-Prem. Visitez notre site web.\" \/>\n<meta property=\"og:url\" content=\"https:\/\/csop.cirasync.com\/fr\/a-propos\/localisation\/\" \/>\n<meta property=\"og:site_name\" content=\"CiraSync On-Prem - Sync Global Address List and Public Folders\" \/>\n<meta property=\"article:publisher\" content=\"https:\/\/www.facebook.com\/itrezzo\" \/>\n<meta property=\"article:modified_time\" content=\"2023-02-01T09:56:37+00:00\" \/>\n<meta name=\"twitter:card\" content=\"summary_large_image\" \/>\n<meta name=\"twitter:site\" content=\"@itrezzo\" \/>\n<script type=\"application\/ld+json\" class=\"yoast-schema-graph\">{\"@context\":\"https:\\\/\\\/schema.org\",\"@graph\":[{\"@type\":\"WebPage\",\"@id\":\"https:\\\/\\\/csop.cirasync.com\\\/fr\\\/a-propos\\\/localisation\\\/\",\"url\":\"https:\\\/\\\/csop.cirasync.com\\\/fr\\\/a-propos\\\/localisation\\\/\",\"name\":\"Localisation des bureaux &#8212; CiraSync On-Prem\",\"isPartOf\":{\"@id\":\"https:\\\/\\\/csop.cirasync.com\\\/fr\\\/#website\"},\"datePublished\":\"2021-01-12T20:32:53+00:00\",\"dateModified\":\"2023-02-01T09:56:37+00:00\",\"description\":\"D\u00e9couvrez notre emplacement et comment nous pouvons vous aider \u00e0 am\u00e9liorer votre gestion de contacts avec CiraSync On-Prem. Visitez notre site web.\",\"breadcrumb\":{\"@id\":\"https:\\\/\\\/csop.cirasync.com\\\/fr\\\/a-propos\\\/localisation\\\/#breadcrumb\"},\"inLanguage\":\"fr-FR\",\"potentialAction\":[{\"@type\":\"ReadAction\",\"target\":[\"https:\\\/\\\/csop.cirasync.com\\\/fr\\\/a-propos\\\/localisation\\\/\"]}]},{\"@type\":\"BreadcrumbList\",\"@id\":\"https:\\\/\\\/csop.cirasync.com\\\/fr\\\/a-propos\\\/localisation\\\/#breadcrumb\",\"itemListElement\":[{\"@type\":\"ListItem\",\"position\":1,\"name\":\"Home\",\"item\":\"https:\\\/\\\/csop.cirasync.com\\\/fr\\\/\"},{\"@type\":\"ListItem\",\"position\":2,\"name\":\"Mettre \u00e0 jour, synchroniser et distribuer les bases de donn\u00e9es de contacts avec CiraSync On-Prem\",\"item\":\"https:\\\/\\\/csop.cirasync.com\\\/fr\\\/a-propos\\\/\"},{\"@type\":\"ListItem\",\"position\":3,\"name\":\"Localisation des bureaux\"}]},{\"@type\":\"WebSite\",\"@id\":\"https:\\\/\\\/csop.cirasync.com\\\/fr\\\/#website\",\"url\":\"https:\\\/\\\/csop.cirasync.com\\\/fr\\\/\",\"name\":\"CiraSync On-Prem - Sync Global Address List and Public Folders\",\"description\":\"Sync the GAL and Public Folders to Outlook and smartphones\",\"publisher\":{\"@id\":\"https:\\\/\\\/csop.cirasync.com\\\/fr\\\/#organization\"},\"potentialAction\":[{\"@type\":\"SearchAction\",\"target\":{\"@type\":\"EntryPoint\",\"urlTemplate\":\"https:\\\/\\\/csop.cirasync.com\\\/fr\\\/?s={search_term_string}\"},\"query-input\":{\"@type\":\"PropertyValueSpecification\",\"valueRequired\":true,\"valueName\":\"search_term_string\"}}],\"inLanguage\":\"fr-FR\"},{\"@type\":\"Organization\",\"@id\":\"https:\\\/\\\/csop.cirasync.com\\\/fr\\\/#organization\",\"name\":\"CiraSync On-Prem contact management and sync software\",\"url\":\"https:\\\/\\\/csop.cirasync.com\\\/fr\\\/\",\"logo\":{\"@type\":\"ImageObject\",\"inLanguage\":\"fr-FR\",\"@id\":\"https:\\\/\\\/csop.cirasync.com\\\/fr\\\/#\\\/schema\\\/logo\\\/image\\\/\",\"url\":\"https:\\\/\\\/csop.cirasync.com\\\/wp-content\\\/uploads\\\/2020\\\/04\\\/logo.png\",\"contentUrl\":\"https:\\\/\\\/csop.cirasync.com\\\/wp-content\\\/uploads\\\/2020\\\/04\\\/logo.png\",\"width\":172,\"height\":40,\"caption\":\"CiraSync On-Prem contact management and sync software\"},\"image\":{\"@id\":\"https:\\\/\\\/csop.cirasync.com\\\/fr\\\/#\\\/schema\\\/logo\\\/image\\\/\"},\"sameAs\":[\"https:\\\/\\\/www.facebook.com\\\/itrezzo\",\"https:\\\/\\\/x.com\\\/itrezzo\",\"https:\\\/\\\/www.linkedin.com\\\/company\\\/sync-the-global-address-list-to-an-iphone-android-or-blackberry\",\"https:\\\/\\\/www.youtube.com\\\/channel\\\/UCyAwGMuXo3HPNDpZeBAQyNQ\"]}]}<\/script>\n<!-- \/ Yoast SEO Premium plugin. -->","yoast_head_json":{"title":"Localisation des bureaux &#8212; CiraSync On-Prem","description":"D\u00e9couvrez notre emplacement et comment nous pouvons vous aider \u00e0 am\u00e9liorer votre gestion de contacts avec CiraSync On-Prem. Visitez notre site web.","robots":{"index":"index","follow":"follow","max-snippet":"max-snippet:-1","max-image-preview":"max-image-preview:large","max-video-preview":"max-video-preview:-1"},"canonical":"https:\/\/csop.cirasync.com\/fr\/a-propos\/localisation\/","og_locale":"fr_FR","og_type":"article","og_title":"Localisation des bureaux","og_description":"D\u00e9couvrez notre emplacement et comment nous pouvons vous aider \u00e0 am\u00e9liorer votre gestion de contacts avec CiraSync On-Prem. Visitez notre site web.","og_url":"https:\/\/csop.cirasync.com\/fr\/a-propos\/localisation\/","og_site_name":"CiraSync On-Prem - Sync Global Address List and Public Folders","article_publisher":"https:\/\/www.facebook.com\/itrezzo","article_modified_time":"2023-02-01T09:56:37+00:00","twitter_card":"summary_large_image","twitter_site":"@itrezzo","schema":{"@context":"https:\/\/schema.org","@graph":[{"@type":"WebPage","@id":"https:\/\/csop.cirasync.com\/fr\/a-propos\/localisation\/","url":"https:\/\/csop.cirasync.com\/fr\/a-propos\/localisation\/","name":"Localisation des bureaux &#8212; CiraSync On-Prem","isPartOf":{"@id":"https:\/\/csop.cirasync.com\/fr\/#website"},"datePublished":"2021-01-12T20:32:53+00:00","dateModified":"2023-02-01T09:56:37+00:00","description":"D\u00e9couvrez notre emplacement et comment nous pouvons vous aider \u00e0 am\u00e9liorer votre gestion de contacts avec CiraSync On-Prem. Visitez notre site web.","breadcrumb":{"@id":"https:\/\/csop.cirasync.com\/fr\/a-propos\/localisation\/#breadcrumb"},"inLanguage":"fr-FR","potentialAction":[{"@type":"ReadAction","target":["https:\/\/csop.cirasync.com\/fr\/a-propos\/localisation\/"]}]},{"@type":"BreadcrumbList","@id":"https:\/\/csop.cirasync.com\/fr\/a-propos\/localisation\/#breadcrumb","itemListElement":[{"@type":"ListItem","position":1,"name":"Home","item":"https:\/\/csop.cirasync.com\/fr\/"},{"@type":"ListItem","position":2,"name":"Mettre \u00e0 jour, synchroniser et distribuer les bases de donn\u00e9es de contacts avec CiraSync On-Prem","item":"https:\/\/csop.cirasync.com\/fr\/a-propos\/"},{"@type":"ListItem","position":3,"name":"Localisation des bureaux"}]},{"@type":"WebSite","@id":"https:\/\/csop.cirasync.com\/fr\/#website","url":"https:\/\/csop.cirasync.com\/fr\/","name":"CiraSync On-Prem - Sync Global Address List and Public Folders","description":"Sync the GAL and Public Folders to Outlook and smartphones","publisher":{"@id":"https:\/\/csop.cirasync.com\/fr\/#organization"},"potentialAction":[{"@type":"SearchAction","target":{"@type":"EntryPoint","urlTemplate":"https:\/\/csop.cirasync.com\/fr\/?s={search_term_string}"},"query-input":{"@type":"PropertyValueSpecification","valueRequired":true,"valueName":"search_term_string"}}],"inLanguage":"fr-FR"},{"@type":"Organization","@id":"https:\/\/csop.cirasync.com\/fr\/#organization","name":"CiraSync On-Prem contact management and sync software","url":"https:\/\/csop.cirasync.com\/fr\/","logo":{"@type":"ImageObject","inLanguage":"fr-FR","@id":"https:\/\/csop.cirasync.com\/fr\/#\/schema\/logo\/image\/","url":"https:\/\/csop.cirasync.com\/wp-content\/uploads\/2020\/04\/logo.png","contentUrl":"https:\/\/csop.cirasync.com\/wp-content\/uploads\/2020\/04\/logo.png","width":172,"height":40,"caption":"CiraSync On-Prem contact management and sync software"},"image":{"@id":"https:\/\/csop.cirasync.com\/fr\/#\/schema\/logo\/image\/"},"sameAs":["https:\/\/www.facebook.com\/itrezzo","https:\/\/x.com\/itrezzo","https:\/\/www.linkedin.com\/company\/sync-the-global-address-list-to-an-iphone-android-or-blackberry","https:\/\/www.youtube.com\/channel\/UCyAwGMuXo3HPNDpZeBAQyNQ"]}]}},"_links":{"self":[{"href":"https:\/\/csop.cirasync.com\/fr\/wp-json\/wp\/v2\/pages\/7590","targetHints":{"allow":["GET"]}}],"collection":[{"href":"https:\/\/csop.cirasync.com\/fr\/wp-json\/wp\/v2\/pages"}],"about":[{"href":"https:\/\/csop.cirasync.com\/fr\/wp-json\/wp\/v2\/types\/page"}],"author":[{"embeddable":true,"href":"https:\/\/csop.cirasync.com\/fr\/wp-json\/wp\/v2\/users\/3"}],"replies":[{"embeddable":true,"href":"https:\/\/csop.cirasync.com\/fr\/wp-json\/wp\/v2\/comments?post=7590"}],"version-history":[{"count":21,"href":"https:\/\/csop.cirasync.com\/fr\/wp-json\/wp\/v2\/pages\/7590\/revisions"}],"predecessor-version":[{"id":11483,"href":"https:\/\/csop.cirasync.com\/fr\/wp-json\/wp\/v2\/pages\/7590\/revisions\/11483"}],"up":[{"embeddable":true,"href":"https:\/\/csop.cirasync.com\/fr\/wp-json\/wp\/v2\/pages\/7116"}],"wp:attachment":[{"href":"https:\/\/csop.cirasync.com\/fr\/wp-json\/wp\/v2\/media?parent=7590"}],"curies":[{"name":"wp","href":"https:\/\/api.w.org\/{rel}","templated":true}]}}