{"id":7073,"date":"2021-01-12T13:31:50","date_gmt":"2021-01-12T20:31:50","guid":{"rendered":"https:\/\/csop.cirasync.com\/page-dexemple\/"},"modified":"2026-03-24T23:18:53","modified_gmt":"2026-03-25T04:18:53","slug":"page-dexemple","status":"publish","type":"page","link":"https:\/\/csop.cirasync.com\/fr\/page-dexemple\/","title":{"rendered":"Page d&rsquo;exemple"},"content":{"rendered":"<p>[et_pb_section fb_built=\u00a0\u00bb1&Prime; _builder_version=\u00a0\u00bb4.16&Prime; global_colors_info=\u00a0\u00bb{}\u00a0\u00bb][et_pb_row _builder_version=\u00a0\u00bb4.16&Prime; background_size=\u00a0\u00bbinitial\u00a0\u00bb background_position=\u00a0\u00bbtop_left\u00a0\u00bb background_repeat=\u00a0\u00bbrepeat\u00a0\u00bb global_colors_info=\u00a0\u00bb{}\u00a0\u00bb][et_pb_column type=\u00a0\u00bb4_4&Prime; _builder_version=\u00a0\u00bb4.16&Prime; custom_padding=\u00a0\u00bb|||\u00a0\u00bb global_colors_info=\u00a0\u00bb{}\u00a0\u00bb custom_padding__hover=\u00a0\u00bb|||\u00a0\u00bb][et_pb_text _builder_version=\u00a0\u00bb4.27.5&Prime; background_size=\u00a0\u00bbinitial\u00a0\u00bb background_position=\u00a0\u00bbtop_left\u00a0\u00bb background_repeat=\u00a0\u00bbrepeat\u00a0\u00bb global_colors_info=\u00a0\u00bb{}\u00a0\u00bb]<\/p>\n<h1>Ceci est une page d&rsquo;exemple<\/h1>\n<p>C&rsquo;est diff\u00e9rent d&rsquo;un article de blog car il restera au m\u00eame endroit et appara\u00eetra dans la navigation de votre site (dans la plupart des th\u00e8mes). La plupart des gens commencent par une page \u00c0 propos qui les pr\u00e9sente aux visiteurs potentiels du site. Cela pourrait dire quelque chose comme ceci:<\/p>\n<p>&nbsp;<\/p>\n<blockquote class=\"wp-block-quote\">\n<p>Salut! Je suis un messager \u00e0 v\u00e9lo le jour, un acteur en herbe la nuit, et c&rsquo;est mon site Web. Je vis \u00e0 Los Angeles, j&rsquo;ai un super chien nomm\u00e9 Jack et j&rsquo;aime les pi\u00f1a coladas. (Et se faire prendre sous la pluie.)<\/p>\n<\/blockquote>\n<p>&#8230;ou quelque chose comme \u00e7a:<\/p>\n<p>&nbsp;<\/p>\n<blockquote class=\"wp-block-quote\">\n<p>La soci\u00e9t\u00e9 XYZ Doohickey a \u00e9t\u00e9 fond\u00e9e en 1971 et propose depuis lors des doohickeys de qualit\u00e9 au public. Situ\u00e9 \u00e0 Gotham City, XYZ emploie plus de 2 000 personnes et fait toutes sortes de choses formidables pour la communaut\u00e9 de Gotham.<\/p>\n<\/blockquote>\n<p>En tant que nouvel utilisateur de WordPress, vous devriez aller \u00e0<a href=\"https:\/\/csop.cirasync.com\/wp-admin\/\"> votre tableau de bord<\/a> pour supprimer cette page et cr\u00e9er de nouvelles pages pour votre contenu. S&rsquo;amuser!<\/p>\n<p>&nbsp;<\/p>\n<p>[\/et_pb_text][\/et_pb_column][\/et_pb_row][\/et_pb_section]<\/p>\n","protected":false},"excerpt":{"rendered":"<p>Ceci est une page d&rsquo;exemple C&rsquo;est diff\u00e9rent d&rsquo;un article de blog car il restera au m\u00eame endroit et appara\u00eetra dans la navigation de votre site (dans la plupart des th\u00e8mes). La plupart des gens commencent par une page \u00c0 propos qui les pr\u00e9sente aux visiteurs potentiels du site. Cela pourrait dire quelque chose comme ceci: [&hellip;]<\/p>\n","protected":false},"author":5,"featured_media":0,"parent":0,"menu_order":0,"comment_status":"closed","ping_status":"closed","template":"","meta":{"_et_pb_use_builder":"on","_et_pb_old_content":"","_et_gb_content_width":"","inline_featured_image":false,"footnotes":""},"class_list":["post-7073","page","type-page","status-publish","hentry"],"yoast_head":"<!-- This site is optimized with the Yoast SEO Premium plugin v27.1 (Yoast SEO v27.4) - https:\/\/yoast.com\/product\/yoast-seo-premium-wordpress\/ -->\n<title>Page d\u2019exemple | Aper\u00e7u du contenu CSOP<\/title>\n<meta name=\"description\" content=\"Page d&#039;exemple pour les tests de contenu CiraSync On-Prem. Explorez les fonctions de synchronisation de contacts entreprise pour Exchange et Outlook mobile.\" \/>\n<meta name=\"robots\" content=\"index, follow, max-snippet:-1, max-image-preview:large, max-video-preview:-1\" \/>\n<link rel=\"canonical\" href=\"https:\/\/csop.cirasync.com\/fr\/page-dexemple\/\" \/>\n<meta property=\"og:locale\" content=\"fr_FR\" \/>\n<meta property=\"og:type\" content=\"article\" \/>\n<meta property=\"og:title\" content=\"Page d&#039;exemple\" \/>\n<meta property=\"og:description\" content=\"Page d&#039;exemple pour les tests de contenu CiraSync On-Prem. Explorez les fonctions de synchronisation de contacts entreprise pour Exchange et Outlook mobile.\" \/>\n<meta property=\"og:url\" content=\"https:\/\/csop.cirasync.com\/fr\/page-dexemple\/\" \/>\n<meta property=\"og:site_name\" content=\"CiraSync On-Prem - Sync Global Address List and Public Folders\" \/>\n<meta property=\"article:publisher\" content=\"https:\/\/www.facebook.com\/itrezzo\" \/>\n<meta property=\"article:modified_time\" content=\"2026-03-25T04:18:53+00:00\" \/>\n<meta name=\"twitter:card\" content=\"summary_large_image\" \/>\n<meta name=\"twitter:site\" content=\"@itrezzo\" \/>\n<script type=\"application\/ld+json\" class=\"yoast-schema-graph\">{\"@context\":\"https:\\\/\\\/schema.org\",\"@graph\":[{\"@type\":\"WebPage\",\"@id\":\"https:\\\/\\\/csop.cirasync.com\\\/fr\\\/page-dexemple\\\/\",\"url\":\"https:\\\/\\\/csop.cirasync.com\\\/fr\\\/page-dexemple\\\/\",\"name\":\"Page d\u2019exemple | Aper\u00e7u du contenu CSOP\",\"isPartOf\":{\"@id\":\"https:\\\/\\\/csop.cirasync.com\\\/fr\\\/#website\"},\"datePublished\":\"2021-01-12T20:31:50+00:00\",\"dateModified\":\"2026-03-25T04:18:53+00:00\",\"description\":\"Page d'exemple pour les tests de contenu CiraSync On-Prem. Explorez les fonctions de synchronisation de contacts entreprise pour Exchange et Outlook mobile.\",\"breadcrumb\":{\"@id\":\"https:\\\/\\\/csop.cirasync.com\\\/fr\\\/page-dexemple\\\/#breadcrumb\"},\"inLanguage\":\"fr-FR\",\"potentialAction\":[{\"@type\":\"ReadAction\",\"target\":[\"https:\\\/\\\/csop.cirasync.com\\\/fr\\\/page-dexemple\\\/\"]}]},{\"@type\":\"BreadcrumbList\",\"@id\":\"https:\\\/\\\/csop.cirasync.com\\\/fr\\\/page-dexemple\\\/#breadcrumb\",\"itemListElement\":[{\"@type\":\"ListItem\",\"position\":1,\"name\":\"Home\",\"item\":\"https:\\\/\\\/csop.cirasync.com\\\/fr\\\/\"},{\"@type\":\"ListItem\",\"position\":2,\"name\":\"Page d&#8217;exemple\"}]},{\"@type\":\"WebSite\",\"@id\":\"https:\\\/\\\/csop.cirasync.com\\\/fr\\\/#website\",\"url\":\"https:\\\/\\\/csop.cirasync.com\\\/fr\\\/\",\"name\":\"CiraSync On-Prem - Sync Global Address List and Public Folders\",\"description\":\"Sync the GAL and Public Folders to Outlook and smartphones\",\"publisher\":{\"@id\":\"https:\\\/\\\/csop.cirasync.com\\\/fr\\\/#organization\"},\"potentialAction\":[{\"@type\":\"SearchAction\",\"target\":{\"@type\":\"EntryPoint\",\"urlTemplate\":\"https:\\\/\\\/csop.cirasync.com\\\/fr\\\/?s={search_term_string}\"},\"query-input\":{\"@type\":\"PropertyValueSpecification\",\"valueRequired\":true,\"valueName\":\"search_term_string\"}}],\"inLanguage\":\"fr-FR\"},{\"@type\":\"Organization\",\"@id\":\"https:\\\/\\\/csop.cirasync.com\\\/fr\\\/#organization\",\"name\":\"CiraSync On-Prem contact management and sync software\",\"url\":\"https:\\\/\\\/csop.cirasync.com\\\/fr\\\/\",\"logo\":{\"@type\":\"ImageObject\",\"inLanguage\":\"fr-FR\",\"@id\":\"https:\\\/\\\/csop.cirasync.com\\\/fr\\\/#\\\/schema\\\/logo\\\/image\\\/\",\"url\":\"https:\\\/\\\/csop.cirasync.com\\\/wp-content\\\/uploads\\\/2020\\\/04\\\/logo.png\",\"contentUrl\":\"https:\\\/\\\/csop.cirasync.com\\\/wp-content\\\/uploads\\\/2020\\\/04\\\/logo.png\",\"width\":172,\"height\":40,\"caption\":\"CiraSync On-Prem contact management and sync software\"},\"image\":{\"@id\":\"https:\\\/\\\/csop.cirasync.com\\\/fr\\\/#\\\/schema\\\/logo\\\/image\\\/\"},\"sameAs\":[\"https:\\\/\\\/www.facebook.com\\\/itrezzo\",\"https:\\\/\\\/x.com\\\/itrezzo\",\"https:\\\/\\\/www.linkedin.com\\\/company\\\/sync-the-global-address-list-to-an-iphone-android-or-blackberry\",\"https:\\\/\\\/www.youtube.com\\\/channel\\\/UCyAwGMuXo3HPNDpZeBAQyNQ\"]}]}<\/script>\n<!-- \/ Yoast SEO Premium plugin. -->","yoast_head_json":{"title":"Page d\u2019exemple | Aper\u00e7u du contenu CSOP","description":"Page d'exemple pour les tests de contenu CiraSync On-Prem. Explorez les fonctions de synchronisation de contacts entreprise pour Exchange et Outlook mobile.","robots":{"index":"index","follow":"follow","max-snippet":"max-snippet:-1","max-image-preview":"max-image-preview:large","max-video-preview":"max-video-preview:-1"},"canonical":"https:\/\/csop.cirasync.com\/fr\/page-dexemple\/","og_locale":"fr_FR","og_type":"article","og_title":"Page d'exemple","og_description":"Page d'exemple pour les tests de contenu CiraSync On-Prem. Explorez les fonctions de synchronisation de contacts entreprise pour Exchange et Outlook mobile.","og_url":"https:\/\/csop.cirasync.com\/fr\/page-dexemple\/","og_site_name":"CiraSync On-Prem - Sync Global Address List and Public Folders","article_publisher":"https:\/\/www.facebook.com\/itrezzo","article_modified_time":"2026-03-25T04:18:53+00:00","twitter_card":"summary_large_image","twitter_site":"@itrezzo","schema":{"@context":"https:\/\/schema.org","@graph":[{"@type":"WebPage","@id":"https:\/\/csop.cirasync.com\/fr\/page-dexemple\/","url":"https:\/\/csop.cirasync.com\/fr\/page-dexemple\/","name":"Page d\u2019exemple | Aper\u00e7u du contenu CSOP","isPartOf":{"@id":"https:\/\/csop.cirasync.com\/fr\/#website"},"datePublished":"2021-01-12T20:31:50+00:00","dateModified":"2026-03-25T04:18:53+00:00","description":"Page d'exemple pour les tests de contenu CiraSync On-Prem. Explorez les fonctions de synchronisation de contacts entreprise pour Exchange et Outlook mobile.","breadcrumb":{"@id":"https:\/\/csop.cirasync.com\/fr\/page-dexemple\/#breadcrumb"},"inLanguage":"fr-FR","potentialAction":[{"@type":"ReadAction","target":["https:\/\/csop.cirasync.com\/fr\/page-dexemple\/"]}]},{"@type":"BreadcrumbList","@id":"https:\/\/csop.cirasync.com\/fr\/page-dexemple\/#breadcrumb","itemListElement":[{"@type":"ListItem","position":1,"name":"Home","item":"https:\/\/csop.cirasync.com\/fr\/"},{"@type":"ListItem","position":2,"name":"Page d&#8217;exemple"}]},{"@type":"WebSite","@id":"https:\/\/csop.cirasync.com\/fr\/#website","url":"https:\/\/csop.cirasync.com\/fr\/","name":"CiraSync On-Prem - Sync Global Address List and Public Folders","description":"Sync the GAL and Public Folders to Outlook and smartphones","publisher":{"@id":"https:\/\/csop.cirasync.com\/fr\/#organization"},"potentialAction":[{"@type":"SearchAction","target":{"@type":"EntryPoint","urlTemplate":"https:\/\/csop.cirasync.com\/fr\/?s={search_term_string}"},"query-input":{"@type":"PropertyValueSpecification","valueRequired":true,"valueName":"search_term_string"}}],"inLanguage":"fr-FR"},{"@type":"Organization","@id":"https:\/\/csop.cirasync.com\/fr\/#organization","name":"CiraSync On-Prem contact management and sync software","url":"https:\/\/csop.cirasync.com\/fr\/","logo":{"@type":"ImageObject","inLanguage":"fr-FR","@id":"https:\/\/csop.cirasync.com\/fr\/#\/schema\/logo\/image\/","url":"https:\/\/csop.cirasync.com\/wp-content\/uploads\/2020\/04\/logo.png","contentUrl":"https:\/\/csop.cirasync.com\/wp-content\/uploads\/2020\/04\/logo.png","width":172,"height":40,"caption":"CiraSync On-Prem contact management and sync software"},"image":{"@id":"https:\/\/csop.cirasync.com\/fr\/#\/schema\/logo\/image\/"},"sameAs":["https:\/\/www.facebook.com\/itrezzo","https:\/\/x.com\/itrezzo","https:\/\/www.linkedin.com\/company\/sync-the-global-address-list-to-an-iphone-android-or-blackberry","https:\/\/www.youtube.com\/channel\/UCyAwGMuXo3HPNDpZeBAQyNQ"]}]}},"_links":{"self":[{"href":"https:\/\/csop.cirasync.com\/fr\/wp-json\/wp\/v2\/pages\/7073","targetHints":{"allow":["GET"]}}],"collection":[{"href":"https:\/\/csop.cirasync.com\/fr\/wp-json\/wp\/v2\/pages"}],"about":[{"href":"https:\/\/csop.cirasync.com\/fr\/wp-json\/wp\/v2\/types\/page"}],"author":[{"embeddable":true,"href":"https:\/\/csop.cirasync.com\/fr\/wp-json\/wp\/v2\/users\/5"}],"replies":[{"embeddable":true,"href":"https:\/\/csop.cirasync.com\/fr\/wp-json\/wp\/v2\/comments?post=7073"}],"version-history":[{"count":6,"href":"https:\/\/csop.cirasync.com\/fr\/wp-json\/wp\/v2\/pages\/7073\/revisions"}],"predecessor-version":[{"id":13462,"href":"https:\/\/csop.cirasync.com\/fr\/wp-json\/wp\/v2\/pages\/7073\/revisions\/13462"}],"wp:attachment":[{"href":"https:\/\/csop.cirasync.com\/fr\/wp-json\/wp\/v2\/media?parent=7073"}],"curies":[{"name":"wp","href":"https:\/\/api.w.org\/{rel}","templated":true}]}}