{"id":10031,"date":"2026-01-30T12:11:55","date_gmt":"2026-01-30T18:11:55","guid":{"rendered":"https:\/\/csop.cirasync.com\/?page_id=10031"},"modified":"2026-03-27T11:42:40","modified_gmt":"2026-03-27T16:42:40","slug":"je-vous-remercie-2","status":"publish","type":"page","link":"https:\/\/csop.cirasync.com\/fr\/je-vous-remercie-2\/","title":{"rendered":"Merci Demo"},"content":{"rendered":"<p>[et_pb_section fb_built=\u00a0\u00bb1&Prime; custom_padding_last_edited=\u00a0\u00bboff|desktop\u00a0\u00bb admin_label=\u00a0\u00bbHero\u00a0\u00bb _builder_version=\u00a0\u00bb4.16&Prime; background_color=\u00a0\u00bb#333333&Prime; background_color_gradient_direction=\u00a0\u00bb60deg\u00a0\u00bb custom_padding=\u00a0\u00bb20px|0px|20px||false|false\u00a0\u00bb locked=\u00a0\u00bboff\u00a0\u00bb global_colors_info=\u00a0\u00bb{}\u00a0\u00bb][et_pb_row _builder_version=\u00a0\u00bb4.16&Prime; module_alignment=\u00a0\u00bbcenter\u00a0\u00bb custom_padding=\u00a0\u00bb|||\u00a0\u00bb global_colors_info=\u00a0\u00bb{}\u00a0\u00bb][et_pb_column type=\u00a0\u00bb4_4&Prime; _builder_version=\u00a0\u00bb4.16&Prime; custom_padding=\u00a0\u00bb|||\u00a0\u00bb global_colors_info=\u00a0\u00bb{}\u00a0\u00bb custom_padding__hover=\u00a0\u00bb|||\u00a0\u00bb][et_pb_text _builder_version=\u00a0\u00bb4.27.5&Prime; text_font=\u00a0\u00bbOpen Sans||||||||\u00a0\u00bb text_font_size=\u00a0\u00bb16px\u00a0\u00bb header_font=\u00a0\u00bb||||||||\u00a0\u00bb header_2_font=\u00a0\u00bbPoppins||||||||\u00a0\u00bb header_2_font_size=\u00a0\u00bb36px\u00a0\u00bb header_2_line_height=\u00a0\u00bb1.4em\u00a0\u00bb text_orientation=\u00a0\u00bbcenter\u00a0\u00bb background_layout=\u00a0\u00bbdark\u00a0\u00bb max_width=\u00a0\u00bb700px\u00a0\u00bb module_alignment=\u00a0\u00bbcenter\u00a0\u00bb global_colors_info=\u00a0\u00bb{}\u00a0\u00bb]<\/p>\n<h2><span class=\"et-pb-icon\" style=\"color: #f04438;\">\ue052<\/span><\/h2>\n<h1>Merci de nous avoir contact\u00e9!<\/h1>\n<p>Nous vous contacterons sous peu.<\/p>\n<p>[\/et_pb_text][\/et_pb_column][\/et_pb_row][\/et_pb_section][et_pb_section fb_built=\u00a0\u00bb1&Prime; _builder_version=\u00a0\u00bb4.16&Prime; global_colors_info=\u00a0\u00bb{}\u00a0\u00bb][et_pb_row _builder_version=\u00a0\u00bb4.16&Prime; global_colors_info=\u00a0\u00bb{}\u00a0\u00bb][et_pb_column type=\u00a0\u00bb4_4&Prime; _builder_version=\u00a0\u00bb4.16&Prime; global_colors_info=\u00a0\u00bb{}\u00a0\u00bb][et_pb_text _builder_version=\u00a0\u00bb4.16&Prime; text_orientation=\u00a0\u00bbcenter\u00a0\u00bb global_colors_info=\u00a0\u00bb{}\u00a0\u00bb]<\/p>\n<h3>Liens utiles<\/h3>\n<p><a href=\"\/\">Accueil<\/a><br \/> <a href=\"https:\/\/csop.cirasync.com\/fr\/assistance\/\">Soutien<\/a><br \/> <a href=\"\/contactmesyncgal2smartphone\/\">Contactez nous<\/a><\/p>\n<p>[\/et_pb_text][\/et_pb_column][\/et_pb_row][\/et_pb_section]<\/p>\n","protected":false},"excerpt":{"rendered":"<p>\ue052 Merci de nous avoir contact\u00e9! Nous vous contacterons sous peu.Liens utiles Accueil Soutien Contactez nous<\/p>\n","protected":false},"author":4,"featured_media":0,"parent":0,"menu_order":0,"comment_status":"closed","ping_status":"closed","template":"","meta":{"_et_pb_use_builder":"on","_et_pb_old_content":"","_et_gb_content_width":"","inline_featured_image":false,"footnotes":""},"class_list":["post-10031","page","type-page","status-publish","hentry"],"yoast_head":"<!-- This site is optimized with the Yoast SEO Premium plugin v27.1 (Yoast SEO v27.1.1) - https:\/\/yoast.com\/product\/yoast-seo-premium-wordpress\/ -->\n<title>Merci | Demande de d\u00e9monstration re\u00e7ue | Cirasync CSOP<\/title>\n<meta name=\"description\" content=\"Merci d&#039;avoir demand\u00e9 une d\u00e9monstration de CiraSync On-Prem. V\u00e9rifiez votre email pour les d\u00e9tails de la programmation. Notre \u00e9quipe vous contactera rapidement pour r\u00e9pondre \u00e0 vos besoins de synchronisation Microsoft.\" \/>\n<meta name=\"robots\" content=\"index, follow, max-snippet:-1, max-image-preview:large, max-video-preview:-1\" \/>\n<link rel=\"canonical\" href=\"https:\/\/csop.cirasync.com\/fr\/je-vous-remercie-2\/\" \/>\n<meta property=\"og:locale\" content=\"fr_FR\" \/>\n<meta property=\"og:type\" content=\"article\" \/>\n<meta property=\"og:title\" content=\"Merci Demo\" \/>\n<meta property=\"og:description\" content=\"Merci d&#039;avoir demand\u00e9 une d\u00e9monstration de CiraSync On-Prem. V\u00e9rifiez votre email pour les d\u00e9tails de la programmation. Notre \u00e9quipe vous contactera rapidement pour r\u00e9pondre \u00e0 vos besoins de synchronisation Microsoft.\" \/>\n<meta property=\"og:url\" content=\"https:\/\/csop.cirasync.com\/fr\/je-vous-remercie-2\/\" \/>\n<meta property=\"og:site_name\" content=\"CiraSync On-Prem - Sync Global Address List and Public Folders\" \/>\n<meta property=\"article:publisher\" content=\"https:\/\/www.facebook.com\/itrezzo\" \/>\n<meta property=\"article:modified_time\" content=\"2026-03-27T16:42:40+00:00\" \/>\n<meta name=\"twitter:card\" content=\"summary_large_image\" \/>\n<meta name=\"twitter:site\" content=\"@itrezzo\" \/>\n<script type=\"application\/ld+json\" class=\"yoast-schema-graph\">{\"@context\":\"https:\/\/schema.org\",\"@graph\":[{\"@type\":\"WebPage\",\"@id\":\"https:\/\/csop.cirasync.com\/fr\/je-vous-remercie-2\/\",\"url\":\"https:\/\/csop.cirasync.com\/fr\/je-vous-remercie-2\/\",\"name\":\"Merci | Demande de d\u00e9monstration re\u00e7ue | Cirasync CSOP\",\"isPartOf\":{\"@id\":\"https:\/\/csop.cirasync.com\/fr\/#website\"},\"datePublished\":\"2026-01-30T18:11:55+00:00\",\"dateModified\":\"2026-03-27T16:42:40+00:00\",\"description\":\"Merci d'avoir demand\u00e9 une d\u00e9monstration de CiraSync On-Prem. V\u00e9rifiez votre email pour les d\u00e9tails de la programmation. Notre \u00e9quipe vous contactera rapidement pour r\u00e9pondre \u00e0 vos besoins de synchronisation Microsoft.\",\"breadcrumb\":{\"@id\":\"https:\/\/csop.cirasync.com\/fr\/je-vous-remercie-2\/#breadcrumb\"},\"inLanguage\":\"fr-FR\",\"potentialAction\":[{\"@type\":\"ReadAction\",\"target\":[\"https:\/\/csop.cirasync.com\/fr\/je-vous-remercie-2\/\"]}]},{\"@type\":\"BreadcrumbList\",\"@id\":\"https:\/\/csop.cirasync.com\/fr\/je-vous-remercie-2\/#breadcrumb\",\"itemListElement\":[{\"@type\":\"ListItem\",\"position\":1,\"name\":\"Home\",\"item\":\"https:\/\/csop.cirasync.com\/fr\/\"},{\"@type\":\"ListItem\",\"position\":2,\"name\":\"Merci Demo\"}]},{\"@type\":\"WebSite\",\"@id\":\"https:\/\/csop.cirasync.com\/fr\/#website\",\"url\":\"https:\/\/csop.cirasync.com\/fr\/\",\"name\":\"CiraSync On-Prem - Sync Global Address List and Public Folders\",\"description\":\"Sync the GAL and Public Folders to Outlook and smartphones\",\"publisher\":{\"@id\":\"https:\/\/csop.cirasync.com\/fr\/#organization\"},\"potentialAction\":[{\"@type\":\"SearchAction\",\"target\":{\"@type\":\"EntryPoint\",\"urlTemplate\":\"https:\/\/csop.cirasync.com\/fr\/?s={search_term_string}\"},\"query-input\":{\"@type\":\"PropertyValueSpecification\",\"valueRequired\":true,\"valueName\":\"search_term_string\"}}],\"inLanguage\":\"fr-FR\"},{\"@type\":\"Organization\",\"@id\":\"https:\/\/csop.cirasync.com\/fr\/#organization\",\"name\":\"CiraSync On-Prem contact management and sync software\",\"url\":\"https:\/\/csop.cirasync.com\/fr\/\",\"logo\":{\"@type\":\"ImageObject\",\"inLanguage\":\"fr-FR\",\"@id\":\"https:\/\/csop.cirasync.com\/fr\/#\/schema\/logo\/image\/\",\"url\":\"https:\/\/csop.cirasync.com\/wp-content\/uploads\/2020\/04\/logo.png\",\"contentUrl\":\"https:\/\/csop.cirasync.com\/wp-content\/uploads\/2020\/04\/logo.png\",\"width\":172,\"height\":40,\"caption\":\"CiraSync On-Prem contact management and sync software\"},\"image\":{\"@id\":\"https:\/\/csop.cirasync.com\/fr\/#\/schema\/logo\/image\/\"},\"sameAs\":[\"https:\/\/www.facebook.com\/itrezzo\",\"https:\/\/x.com\/itrezzo\",\"https:\/\/www.linkedin.com\/company\/sync-the-global-address-list-to-an-iphone-android-or-blackberry\",\"https:\/\/www.youtube.com\/channel\/UCyAwGMuXo3HPNDpZeBAQyNQ\"]}]}<\/script>\n<!-- \/ Yoast SEO Premium plugin. -->","yoast_head_json":{"title":"Merci | Demande de d\u00e9monstration re\u00e7ue | Cirasync CSOP","description":"Merci d'avoir demand\u00e9 une d\u00e9monstration de CiraSync On-Prem. V\u00e9rifiez votre email pour les d\u00e9tails de la programmation. Notre \u00e9quipe vous contactera rapidement pour r\u00e9pondre \u00e0 vos besoins de synchronisation Microsoft.","robots":{"index":"index","follow":"follow","max-snippet":"max-snippet:-1","max-image-preview":"max-image-preview:large","max-video-preview":"max-video-preview:-1"},"canonical":"https:\/\/csop.cirasync.com\/fr\/je-vous-remercie-2\/","og_locale":"fr_FR","og_type":"article","og_title":"Merci Demo","og_description":"Merci d'avoir demand\u00e9 une d\u00e9monstration de CiraSync On-Prem. V\u00e9rifiez votre email pour les d\u00e9tails de la programmation. Notre \u00e9quipe vous contactera rapidement pour r\u00e9pondre \u00e0 vos besoins de synchronisation Microsoft.","og_url":"https:\/\/csop.cirasync.com\/fr\/je-vous-remercie-2\/","og_site_name":"CiraSync On-Prem - Sync Global Address List and Public Folders","article_publisher":"https:\/\/www.facebook.com\/itrezzo","article_modified_time":"2026-03-27T16:42:40+00:00","twitter_card":"summary_large_image","twitter_site":"@itrezzo","schema":{"@context":"https:\/\/schema.org","@graph":[{"@type":"WebPage","@id":"https:\/\/csop.cirasync.com\/fr\/je-vous-remercie-2\/","url":"https:\/\/csop.cirasync.com\/fr\/je-vous-remercie-2\/","name":"Merci | Demande de d\u00e9monstration re\u00e7ue | Cirasync CSOP","isPartOf":{"@id":"https:\/\/csop.cirasync.com\/fr\/#website"},"datePublished":"2026-01-30T18:11:55+00:00","dateModified":"2026-03-27T16:42:40+00:00","description":"Merci d'avoir demand\u00e9 une d\u00e9monstration de CiraSync On-Prem. V\u00e9rifiez votre email pour les d\u00e9tails de la programmation. Notre \u00e9quipe vous contactera rapidement pour r\u00e9pondre \u00e0 vos besoins de synchronisation Microsoft.","breadcrumb":{"@id":"https:\/\/csop.cirasync.com\/fr\/je-vous-remercie-2\/#breadcrumb"},"inLanguage":"fr-FR","potentialAction":[{"@type":"ReadAction","target":["https:\/\/csop.cirasync.com\/fr\/je-vous-remercie-2\/"]}]},{"@type":"BreadcrumbList","@id":"https:\/\/csop.cirasync.com\/fr\/je-vous-remercie-2\/#breadcrumb","itemListElement":[{"@type":"ListItem","position":1,"name":"Home","item":"https:\/\/csop.cirasync.com\/fr\/"},{"@type":"ListItem","position":2,"name":"Merci Demo"}]},{"@type":"WebSite","@id":"https:\/\/csop.cirasync.com\/fr\/#website","url":"https:\/\/csop.cirasync.com\/fr\/","name":"CiraSync On-Prem - Sync Global Address List and Public Folders","description":"Sync the GAL and Public Folders to Outlook and smartphones","publisher":{"@id":"https:\/\/csop.cirasync.com\/fr\/#organization"},"potentialAction":[{"@type":"SearchAction","target":{"@type":"EntryPoint","urlTemplate":"https:\/\/csop.cirasync.com\/fr\/?s={search_term_string}"},"query-input":{"@type":"PropertyValueSpecification","valueRequired":true,"valueName":"search_term_string"}}],"inLanguage":"fr-FR"},{"@type":"Organization","@id":"https:\/\/csop.cirasync.com\/fr\/#organization","name":"CiraSync On-Prem contact management and sync software","url":"https:\/\/csop.cirasync.com\/fr\/","logo":{"@type":"ImageObject","inLanguage":"fr-FR","@id":"https:\/\/csop.cirasync.com\/fr\/#\/schema\/logo\/image\/","url":"https:\/\/csop.cirasync.com\/wp-content\/uploads\/2020\/04\/logo.png","contentUrl":"https:\/\/csop.cirasync.com\/wp-content\/uploads\/2020\/04\/logo.png","width":172,"height":40,"caption":"CiraSync On-Prem contact management and sync software"},"image":{"@id":"https:\/\/csop.cirasync.com\/fr\/#\/schema\/logo\/image\/"},"sameAs":["https:\/\/www.facebook.com\/itrezzo","https:\/\/x.com\/itrezzo","https:\/\/www.linkedin.com\/company\/sync-the-global-address-list-to-an-iphone-android-or-blackberry","https:\/\/www.youtube.com\/channel\/UCyAwGMuXo3HPNDpZeBAQyNQ"]}]}},"_links":{"self":[{"href":"https:\/\/csop.cirasync.com\/fr\/wp-json\/wp\/v2\/pages\/10031","targetHints":{"allow":["GET"]}}],"collection":[{"href":"https:\/\/csop.cirasync.com\/fr\/wp-json\/wp\/v2\/pages"}],"about":[{"href":"https:\/\/csop.cirasync.com\/fr\/wp-json\/wp\/v2\/types\/page"}],"author":[{"embeddable":true,"href":"https:\/\/csop.cirasync.com\/fr\/wp-json\/wp\/v2\/users\/4"}],"replies":[{"embeddable":true,"href":"https:\/\/csop.cirasync.com\/fr\/wp-json\/wp\/v2\/comments?post=10031"}],"version-history":[{"count":12,"href":"https:\/\/csop.cirasync.com\/fr\/wp-json\/wp\/v2\/pages\/10031\/revisions"}],"predecessor-version":[{"id":13582,"href":"https:\/\/csop.cirasync.com\/fr\/wp-json\/wp\/v2\/pages\/10031\/revisions\/13582"}],"wp:attachment":[{"href":"https:\/\/csop.cirasync.com\/fr\/wp-json\/wp\/v2\/media?parent=10031"}],"curies":[{"name":"wp","href":"https:\/\/api.w.org\/{rel}","templated":true}]}}