{"id":6531,"date":"2021-01-08T13:39:29","date_gmt":"2021-01-08T20:39:29","guid":{"rendered":"https:\/\/csop.cirasync.com\/inicio-de-soporte\/"},"modified":"2026-01-16T13:05:53","modified_gmt":"2026-01-16T19:05:53","slug":"soporte-inicio","status":"publish","type":"page","link":"https:\/\/csop.cirasync.com\/es\/soporte-inicio\/","title":{"rendered":"Soporte"},"content":{"rendered":"<p>[et_pb_section fb_built=\u00bb1&#8243; custom_padding_last_edited=\u00bboff|desktop\u00bb admin_label=\u00bbHero\u00bb _builder_version=\u00bb4.16&#8243; background_color=\u00bb#f04438&#8243; background_color_gradient_direction=\u00bb60deg\u00bb custom_padding=\u00bb20px|0px|20px||false|false\u00bb locked=\u00bboff\u00bb global_colors_info=\u00bb{}\u00bb][et_pb_row _builder_version=\u00bb4.16&#8243; module_alignment=\u00bbcenter\u00bb custom_margin=\u00bb|auto|-18px|auto||\u00bb custom_padding=\u00bb|||\u00bb global_colors_info=\u00bb{}\u00bb][et_pb_column type=\u00bb4_4&#8243; _builder_version=\u00bb4.16&#8243; custom_padding=\u00bb|||\u00bb global_colors_info=\u00bb{}\u00bb custom_padding__hover=\u00bb|||\u00bb][et_pb_text _builder_version=\u00bb4.19.4&#8243; text_font=\u00bbOpen Sans|600|||||||\u00bb text_font_size=\u00bb16px\u00bb header_font=\u00bb||||||||\u00bb header_2_font=\u00bbPoppins||||||||\u00bb header_2_font_size=\u00bb36px\u00bb header_2_line_height=\u00bb1.4em\u00bb text_orientation=\u00bbcenter\u00bb background_layout=\u00bbdark\u00bb max_width=\u00bb700px\u00bb module_alignment=\u00bbcenter\u00bb global_colors_info=\u00bb{}\u00bb]<\/p>\n<h1><strong>\u00bfC\u00f3mo podemos ayudar?<\/strong><\/h1>\n<p>[\/et_pb_text][\/et_pb_column][\/et_pb_row][\/et_pb_section][et_pb_section fb_built=\u00bb1&#8243; _builder_version=\u00bb4.16&#8243; locked=\u00bboff\u00bb global_colors_info=\u00bb{}\u00bb][et_pb_row _builder_version=\u00bb4.16&#8243; custom_padding=\u00bb0px||||false|false\u00bb link_option_url=\u00bb\/?cat_ID=201&#8243; global_colors_info=\u00bb{}\u00bb][et_pb_column type=\u00bb4_4&#8243; _builder_version=\u00bb4.16&#8243; custom_padding=\u00bb|||\u00bb global_colors_info=\u00bb{}\u00bb custom_padding__hover=\u00bb|||\u00bb][et_pb_testimonial company_name=\u00bbDirector de IT, Office Pavilion Houston\u00bb portrait_url=\u00bb\/wp-content\/uploads\/2020\/06\/Submit-Tech-Support-Request.svg\u00bb quote_icon_color=\u00bbrgba(0,0,0,0)\u00bb quote_icon_background_color=\u00bbrgba(0,0,0,0)\u00bb disabled_on=\u00bbon|on|on\u00bb _builder_version=\u00bb4.16&#8243; body_font=\u00bbPoppins||||||||\u00bb body_letter_spacing=\u00bb0.25px\u00bb author_font=\u00bbPoppins|700|||||||\u00bb company_font=\u00bbPoppins||||||||\u00bb background_color=\u00bb#ffffff\u00bb custom_css_testimonial_description=\u00bbfont-size: 15px;\u00bb custom_css_testimonial_meta=\u00bbfont-size: 14px!important;\u00bb box_shadow_style=\u00bbpreset2&#8243; box_shadow_horizontal=\u00bb0px\u00bb box_shadow_vertical=\u00bb0px\u00bb box_shadow_blur=\u00bb60px\u00bb box_shadow_color=\u00bbrgba(71,74,182,0.12)\u00bb box_shadow_style_image=\u00bbpreset4&#8243; box_shadow_horizontal_image=\u00bb0px\u00bb box_shadow_vertical_image=\u00bb0px\u00bb disabled=\u00bbon\u00bb global_colors_info=\u00bb{}\u00bb]\u00bbTodos los d\u00edas, CiraSync On-Prem Unified Contact Manager sincroniza miles de contactos con Outlook y los tel\u00e9fonos m\u00f3viles de nuestro equipo de ventas\u00bb.[\/et_pb_testimonial][et_pb_text disabled_on=\u00bboff|off|off\u00bb module_class=\u00bbsubmit-btn\u00bb _builder_version=\u00bb4.16&#8243; text_font=\u00bbPoppins|300|||||||\u00bb text_font_size=\u00bb13px\u00bb text_line_height=\u00bb2em\u00bb header_font=\u00bb||||||||\u00bb header_text_color=\u00bb#7272ff\u00bb header_font_size=\u00bb130px\u00bb header_2_font=\u00bb||||||||\u00bb header_2_font_size=\u00bb32px\u00bb header_2_letter_spacing=\u00bb0.5px\u00bb header_2_line_height=\u00bb2em\u00bb header_3_font=\u00bb||||||||\u00bb header_3_font_size=\u00bb24px\u00bb header_3_letter_spacing=\u00bb0.5px\u00bb header_3_line_height=\u00bb2em\u00bb header_4_font=\u00bb||||||||\u00bb header_4_font_size=\u00bb16px\u00bb header_4_letter_spacing=\u00bb0.5px\u00bb header_4_line_height=\u00bb2em\u00bb header_5_font=\u00bb|700||on|||||\u00bb header_5_text_color=\u00bb#8585bd\u00bb header_5_font_size=\u00bb13px\u00bb header_5_letter_spacing=\u00bb2px\u00bb header_5_line_height=\u00bb3em\u00bb background_color=\u00bb#ffffff\u00bb background_enable_image=\u00bboff\u00bb background_blend=\u00bboverlay\u00bb custom_margin=\u00bb|||\u00bb custom_padding=\u00bb20px|30px|20px|30px|false|false\u00bb animation_style=\u00bbroll\u00bb animation_intensity_roll=\u00bb1%\u00bb link_option_url=\u00bbhttps:\/\/csop.cirasync.com\/es\/soporte-tecnico-para-csop\/solicitud-de-soporte-tecnico-2\/\u00bb link_option_url_new_window=\u00bbon\u00bb border_radii=\u00bbon|10px|10px|10px|10px\u00bb box_shadow_style=\u00bbpreset2&#8243; box_shadow_horizontal=\u00bb0px\u00bb box_shadow_vertical=\u00bb0px\u00bb box_shadow_blur=\u00bb60px\u00bb box_shadow_color=\u00bbrgba(71,74,182,0.12)\u00bb locked=\u00bboff\u00bb global_colors_info=\u00bb{}\u00bb]<img decoding=\"async\" src=\"\/wp-content\/uploads\/2020\/06\/Submit-Tech-Support-Request-2.svg\"><\/p>\n<h3>Enviar una solicitud de asistencia t\u00e9cnica<\/h3>\n<p>[\/et_pb_text][\/et_pb_column][\/et_pb_row][et_pb_row column_structure=\u00bb1_3,1_3,1_3&#8243; module_id=\u00bbrow_width\u00bb _builder_version=\u00bb4.16&#8243; global_colors_info=\u00bb{}\u00bb][et_pb_column type=\u00bb1_3&#8243; _builder_version=\u00bb4.16&#8243; global_colors_info=\u00bb{}\u00bb][et_pb_text disabled_on=\u00bboff|off|off\u00bb admin_label=\u00bbSetting up an Exchange Service Account\u00bb module_class=\u00bbblog\u00bb _builder_version=\u00bb4.16&#8243; text_font=\u00bbPoppins|300|||||||\u00bb text_font_size=\u00bb13px\u00bb text_line_height=\u00bb1.4em\u00bb header_font=\u00bb||||||||\u00bb header_text_color=\u00bb#7272ff\u00bb header_font_size=\u00bb130px\u00bb header_2_font=\u00bb||||||||\u00bb header_2_font_size=\u00bb32px\u00bb header_2_letter_spacing=\u00bb0.5px\u00bb header_2_line_height=\u00bb2em\u00bb header_3_font=\u00bb||||||||\u00bb header_3_font_size=\u00bb24px\u00bb header_3_letter_spacing=\u00bb0.5px\u00bb header_3_line_height=\u00bb2em\u00bb header_4_font=\u00bb||||||||\u00bb header_4_font_size=\u00bb16px\u00bb header_4_letter_spacing=\u00bb0.5px\u00bb header_4_line_height=\u00bb2em\u00bb header_5_font=\u00bb|700||on|||||\u00bb header_5_text_color=\u00bb#8585bd\u00bb header_5_font_size=\u00bb13px\u00bb header_5_letter_spacing=\u00bb2px\u00bb header_5_line_height=\u00bb3em\u00bb background_color=\u00bb#ffffff\u00bb background_enable_image=\u00bboff\u00bb background_blend=\u00bboverlay\u00bb text_orientation=\u00bbcenter\u00bb custom_margin=\u00bb|||\u00bb custom_margin_last_edited=\u00bboff|desktop\u00bb custom_padding=\u00bb20px|30px|20px|30px|false|false\u00bb animation_style=\u00bbroll\u00bb animation_intensity_roll=\u00bb1%\u00bb link_option_url=\u00bbhttps:\/\/csop.cirasync.com\/support\/itrezzo-service-account-requirements\/\u00bb link_option_url_new_window=\u00bbon\u00bb border_radii=\u00bbon|10px|10px|10px|10px\u00bb box_shadow_style=\u00bbpreset2&#8243; box_shadow_horizontal=\u00bb0px\u00bb box_shadow_vertical=\u00bb0px\u00bb box_shadow_blur=\u00bb60px\u00bb box_shadow_color=\u00bbrgba(71,74,182,0.12)\u00bb locked=\u00bboff\u00bb global_colors_info=\u00bb{}\u00bb]<img decoding=\"async\" src=\"\/wp-content\/uploads\/2020\/06\/Exchange-Service-Account-2.svg\"><\/p>\n<h4>Configurar una cuenta de servicio de Exchange<\/h4>\n<p>[\/et_pb_text][\/et_pb_column][et_pb_column type=\u00bb1_3&#8243; _builder_version=\u00bb4.16&#8243; global_colors_info=\u00bb{}\u00bb][et_pb_text disabled_on=\u00bboff|off|off\u00bb admin_label=\u00bbWindows Server Virtual machine Requirement\u00bb module_class=\u00bbblog\u00bb _builder_version=\u00bb4.16&#8243; text_font=\u00bbPoppins|300|||||||\u00bb text_font_size=\u00bb13px\u00bb text_line_height=\u00bb1.4em\u00bb header_font=\u00bb||||||||\u00bb header_text_color=\u00bb#7272ff\u00bb header_font_size=\u00bb130px\u00bb header_2_font=\u00bb||||||||\u00bb header_2_font_size=\u00bb32px\u00bb header_2_letter_spacing=\u00bb0.5px\u00bb header_2_line_height=\u00bb2em\u00bb header_3_font=\u00bb||||||||\u00bb header_3_font_size=\u00bb24px\u00bb header_3_letter_spacing=\u00bb0.5px\u00bb header_3_line_height=\u00bb2em\u00bb header_4_font=\u00bb||||||||\u00bb header_4_font_size=\u00bb16px\u00bb header_4_letter_spacing=\u00bb0.5px\u00bb header_4_line_height=\u00bb2em\u00bb header_5_font=\u00bb|700||on|||||\u00bb header_5_text_color=\u00bb#8585bd\u00bb header_5_font_size=\u00bb13px\u00bb header_5_letter_spacing=\u00bb2px\u00bb header_5_line_height=\u00bb3em\u00bb background_color=\u00bb#ffffff\u00bb background_enable_image=\u00bboff\u00bb background_blend=\u00bboverlay\u00bb text_orientation=\u00bbcenter\u00bb custom_margin=\u00bb|||\u00bb custom_padding=\u00bb20px|30px|20px|30px|false|false\u00bb animation_style=\u00bbroll\u00bb animation_intensity_roll=\u00bb1%\u00bb link_option_url=\u00bbhttps:\/\/csop.cirasync.com\/support\/itrezzo-server-software-requirements\/\u00bb link_option_url_new_window=\u00bbon\u00bb border_radii=\u00bbon|10px|10px|10px|10px\u00bb box_shadow_style=\u00bbpreset2&#8243; box_shadow_horizontal=\u00bb0px\u00bb box_shadow_vertical=\u00bb0px\u00bb box_shadow_blur=\u00bb60px\u00bb box_shadow_color=\u00bbrgba(71,74,182,0.12)\u00bb locked=\u00bboff\u00bb global_colors_info=\u00bb{}\u00bb]<\/p>\n<p><img decoding=\"async\" src=\"\/wp-content\/uploads\/2020\/06\/VM-Requirement-2.svg\"><\/p>\n<h4>Requisitos de la m\u00e1quina virtual de Windows Server<\/h4>\n<p>[\/et_pb_text][\/et_pb_column][et_pb_column type=\u00bb1_3&#8243; _builder_version=\u00bb4.16&#8243; global_colors_info=\u00bb{}\u00bb][et_pb_text disabled_on=\u00bboff|off|off\u00bb admin_label=\u00bbFirewall  Requirements\u00bb module_class=\u00bbblog\u00bb _builder_version=\u00bb4.16&#8243; text_font=\u00bbPoppins|300|||||||\u00bb text_font_size=\u00bb13px\u00bb text_line_height=\u00bb1.4em\u00bb header_font=\u00bb||||||||\u00bb header_text_color=\u00bb#7272ff\u00bb header_font_size=\u00bb130px\u00bb header_2_font=\u00bb||||||||\u00bb header_2_font_size=\u00bb32px\u00bb header_2_letter_spacing=\u00bb0.5px\u00bb header_2_line_height=\u00bb2em\u00bb header_3_font=\u00bb||||||||\u00bb header_3_font_size=\u00bb24px\u00bb header_3_letter_spacing=\u00bb0.5px\u00bb header_3_line_height=\u00bb2em\u00bb header_4_font=\u00bb||||||||\u00bb header_4_font_size=\u00bb16px\u00bb header_4_letter_spacing=\u00bb0.5px\u00bb header_4_line_height=\u00bb2em\u00bb header_5_font=\u00bb|700||on|||||\u00bb header_5_text_color=\u00bb#8585bd\u00bb header_5_font_size=\u00bb13px\u00bb header_5_letter_spacing=\u00bb2px\u00bb header_5_line_height=\u00bb3em\u00bb background_color=\u00bb#ffffff\u00bb background_enable_image=\u00bboff\u00bb background_blend=\u00bboverlay\u00bb text_orientation=\u00bbcenter\u00bb custom_margin=\u00bb|||\u00bb custom_padding=\u00bb20px|30px|20px|30px|false|false\u00bb animation_style=\u00bbroll\u00bb animation_intensity_roll=\u00bb1%\u00bb link_option_url=\u00bbhttps:\/\/csop.cirasync.com\/support\/firewall-requirements\/\u00bb link_option_url_new_window=\u00bbon\u00bb border_radii=\u00bbon|10px|10px|10px|10px\u00bb box_shadow_style=\u00bbpreset2&#8243; box_shadow_horizontal=\u00bb0px\u00bb box_shadow_vertical=\u00bb0px\u00bb box_shadow_blur=\u00bb60px\u00bb box_shadow_color=\u00bbrgba(71,74,182,0.12)\u00bb locked=\u00bboff\u00bb global_colors_info=\u00bb{}\u00bb]<\/p>\n<p><img decoding=\"async\" src=\"\/wp-content\/uploads\/2020\/06\/Firewall-Requirements-2.svg\"><\/p>\n<h4>Cortafuegos<br \/> Requisitos<\/h4>\n<p>[\/et_pb_text][\/et_pb_column][\/et_pb_row][et_pb_row column_structure=\u00bb1_2,1_2&#8243; module_id=\u00bbrow_width\u00bb _builder_version=\u00bb4.16&#8243; global_colors_info=\u00bb{}\u00bb][et_pb_column type=\u00bb1_2&#8243; _builder_version=\u00bb4.16&#8243; global_colors_info=\u00bb{}\u00bb][et_pb_text disabled_on=\u00bboff|off|off\u00bb admin_label=\u00bbCiraSync On-Prem Onboarding\u00bb module_class=\u00bbblog\u00bb _builder_version=\u00bb4.16&#8243; text_font=\u00bbPoppins|300|||||||\u00bb text_font_size=\u00bb13px\u00bb text_line_height=\u00bb1.4em\u00bb header_font=\u00bb||||||||\u00bb header_text_color=\u00bb#7272ff\u00bb header_font_size=\u00bb130px\u00bb header_2_font=\u00bb||||||||\u00bb header_2_font_size=\u00bb32px\u00bb header_2_letter_spacing=\u00bb0.5px\u00bb header_2_line_height=\u00bb2em\u00bb header_3_font=\u00bb||||||||\u00bb header_3_font_size=\u00bb24px\u00bb header_3_letter_spacing=\u00bb0.5px\u00bb header_3_line_height=\u00bb2em\u00bb header_4_font=\u00bb||||||||\u00bb header_4_font_size=\u00bb16px\u00bb header_4_letter_spacing=\u00bb0.5px\u00bb header_4_line_height=\u00bb2em\u00bb header_5_font=\u00bb|700||on|||||\u00bb header_5_text_color=\u00bb#8585bd\u00bb header_5_font_size=\u00bb13px\u00bb header_5_letter_spacing=\u00bb2px\u00bb header_5_line_height=\u00bb3em\u00bb background_color=\u00bb#ffffff\u00bb background_enable_image=\u00bboff\u00bb background_blend=\u00bboverlay\u00bb text_orientation=\u00bbcenter\u00bb custom_margin=\u00bb|||\u00bb custom_padding=\u00bb20px|30px|20px|30px|false|false\u00bb animation_style=\u00bbroll\u00bb animation_intensity_roll=\u00bb1%\u00bb link_option_url=\u00bbhttps:\/\/csop.cirasync.com\/support\/how-to-create-a-contact-collection\/\u00bb link_option_url_new_window=\u00bbon\u00bb border_radii=\u00bbon|10px|10px|10px|10px\u00bb box_shadow_style=\u00bbpreset2&#8243; box_shadow_horizontal=\u00bb0px\u00bb box_shadow_vertical=\u00bb0px\u00bb box_shadow_blur=\u00bb60px\u00bb box_shadow_color=\u00bbrgba(71,74,182,0.12)\u00bb locked=\u00bboff\u00bb global_colors_info=\u00bb{}\u00bb]<img decoding=\"async\" src=\"\/wp-content\/uploads\/2020\/10\/itrezzo-Onboarding.svg\"><\/p>\n<h4>Gu\u00eda de inicio r\u00e1pido de itrezzo<\/h4>\n<p>[\/et_pb_text][\/et_pb_column][et_pb_column type=\u00bb1_2&#8243; _builder_version=\u00bb4.16&#8243; global_colors_info=\u00bb{}\u00bb][\/et_pb_column][\/et_pb_row][\/et_pb_section]<\/p>\n","protected":false},"excerpt":{"rendered":"<p>\u00bfC\u00f3mo podemos ayudar?\u00bbTodos los d\u00edas, CiraSync On-Prem Unified Contact Manager sincroniza miles de contactos con Outlook y los tel\u00e9fonos m\u00f3viles de nuestro equipo de ventas\u00bb. Enviar una solicitud de asistencia t\u00e9cnica Configurar una cuenta de servicio de Exchange Requisitos de la m\u00e1quina virtual de Windows Server Cortafuegos Requisitos Gu\u00eda de inicio r\u00e1pido de itrezzo<\/p>\n","protected":false},"author":6,"featured_media":0,"parent":0,"menu_order":0,"comment_status":"closed","ping_status":"closed","template":"","meta":{"_et_pb_use_builder":"on","_et_pb_old_content":"","_et_gb_content_width":"","inline_featured_image":false,"footnotes":""},"class_list":["post-6531","page","type-page","status-publish","hentry"],"yoast_head":"<!-- This site is optimized with the Yoast SEO Premium plugin v27.1 (Yoast SEO v27.4) - https:\/\/yoast.com\/product\/yoast-seo-premium-wordpress\/ -->\n<title>Soporte | CiraSync On-Prem \u2013 Sync GAL &amp; Public Folders<\/title>\n<meta name=\"description\" content=\"Obtenga soporte r\u00e1pido y eficiente con CiraSync On-Prem. Encuentre soluciones y solucione problemas en poco tiempo. Comience\" \/>\n<meta name=\"robots\" content=\"index, follow, max-snippet:-1, max-image-preview:large, max-video-preview:-1\" \/>\n<link rel=\"canonical\" href=\"https:\/\/csop.cirasync.com\/es\/soporte-inicio\/\" \/>\n<meta property=\"og:locale\" content=\"es_ES\" \/>\n<meta property=\"og:type\" content=\"article\" \/>\n<meta property=\"og:title\" content=\"Soporte\" \/>\n<meta property=\"og:description\" content=\"Obtenga soporte r\u00e1pido y eficiente con CiraSync On-Prem. Encuentre soluciones y solucione problemas en poco tiempo. Comience\" \/>\n<meta property=\"og:url\" content=\"https:\/\/csop.cirasync.com\/es\/soporte-inicio\/\" \/>\n<meta property=\"og:site_name\" content=\"CiraSync On-Prem - Sync Global Address List and Public Folders\" \/>\n<meta property=\"article:publisher\" content=\"https:\/\/www.facebook.com\/itrezzo\" \/>\n<meta property=\"article:modified_time\" content=\"2026-01-16T19:05:53+00:00\" \/>\n<meta name=\"twitter:card\" content=\"summary_large_image\" \/>\n<meta name=\"twitter:site\" content=\"@itrezzo\" \/>\n<script type=\"application\/ld+json\" class=\"yoast-schema-graph\">{\"@context\":\"https:\\\/\\\/schema.org\",\"@graph\":[{\"@type\":\"WebPage\",\"@id\":\"https:\\\/\\\/csop.cirasync.com\\\/es\\\/soporte-inicio\\\/\",\"url\":\"https:\\\/\\\/csop.cirasync.com\\\/es\\\/soporte-inicio\\\/\",\"name\":\"Soporte | CiraSync On-Prem \u2013 Sync GAL & Public Folders\",\"isPartOf\":{\"@id\":\"https:\\\/\\\/csop.cirasync.com\\\/es\\\/#website\"},\"datePublished\":\"2021-01-08T20:39:29+00:00\",\"dateModified\":\"2026-01-16T19:05:53+00:00\",\"description\":\"Obtenga soporte r\u00e1pido y eficiente con CiraSync On-Prem. Encuentre soluciones y solucione problemas en poco tiempo. Comience\",\"breadcrumb\":{\"@id\":\"https:\\\/\\\/csop.cirasync.com\\\/es\\\/soporte-inicio\\\/#breadcrumb\"},\"inLanguage\":\"es\",\"potentialAction\":[{\"@type\":\"ReadAction\",\"target\":[\"https:\\\/\\\/csop.cirasync.com\\\/es\\\/soporte-inicio\\\/\"]}]},{\"@type\":\"BreadcrumbList\",\"@id\":\"https:\\\/\\\/csop.cirasync.com\\\/es\\\/soporte-inicio\\\/#breadcrumb\",\"itemListElement\":[{\"@type\":\"ListItem\",\"position\":1,\"name\":\"Home\",\"item\":\"https:\\\/\\\/csop.cirasync.com\\\/es\\\/\"},{\"@type\":\"ListItem\",\"position\":2,\"name\":\"Soporte\"}]},{\"@type\":\"WebSite\",\"@id\":\"https:\\\/\\\/csop.cirasync.com\\\/es\\\/#website\",\"url\":\"https:\\\/\\\/csop.cirasync.com\\\/es\\\/\",\"name\":\"CiraSync On-Prem - Sync Global Address List and Public Folders\",\"description\":\"Sync the GAL and Public Folders to Outlook and smartphones\",\"publisher\":{\"@id\":\"https:\\\/\\\/csop.cirasync.com\\\/es\\\/#organization\"},\"potentialAction\":[{\"@type\":\"SearchAction\",\"target\":{\"@type\":\"EntryPoint\",\"urlTemplate\":\"https:\\\/\\\/csop.cirasync.com\\\/es\\\/?s={search_term_string}\"},\"query-input\":{\"@type\":\"PropertyValueSpecification\",\"valueRequired\":true,\"valueName\":\"search_term_string\"}}],\"inLanguage\":\"es\"},{\"@type\":\"Organization\",\"@id\":\"https:\\\/\\\/csop.cirasync.com\\\/es\\\/#organization\",\"name\":\"CiraSync On-Prem contact management and sync software\",\"url\":\"https:\\\/\\\/csop.cirasync.com\\\/es\\\/\",\"logo\":{\"@type\":\"ImageObject\",\"inLanguage\":\"es\",\"@id\":\"https:\\\/\\\/csop.cirasync.com\\\/es\\\/#\\\/schema\\\/logo\\\/image\\\/\",\"url\":\"https:\\\/\\\/csop.cirasync.com\\\/wp-content\\\/uploads\\\/2020\\\/04\\\/logo.png\",\"contentUrl\":\"https:\\\/\\\/csop.cirasync.com\\\/wp-content\\\/uploads\\\/2020\\\/04\\\/logo.png\",\"width\":172,\"height\":40,\"caption\":\"CiraSync On-Prem contact management and sync software\"},\"image\":{\"@id\":\"https:\\\/\\\/csop.cirasync.com\\\/es\\\/#\\\/schema\\\/logo\\\/image\\\/\"},\"sameAs\":[\"https:\\\/\\\/www.facebook.com\\\/itrezzo\",\"https:\\\/\\\/x.com\\\/itrezzo\",\"https:\\\/\\\/www.linkedin.com\\\/company\\\/sync-the-global-address-list-to-an-iphone-android-or-blackberry\",\"https:\\\/\\\/www.youtube.com\\\/channel\\\/UCyAwGMuXo3HPNDpZeBAQyNQ\"]}]}<\/script>\n<!-- \/ Yoast SEO Premium plugin. -->","yoast_head_json":{"title":"Soporte | CiraSync On-Prem \u2013 Sync GAL & Public Folders","description":"Obtenga soporte r\u00e1pido y eficiente con CiraSync On-Prem. Encuentre soluciones y solucione problemas en poco tiempo. Comience","robots":{"index":"index","follow":"follow","max-snippet":"max-snippet:-1","max-image-preview":"max-image-preview:large","max-video-preview":"max-video-preview:-1"},"canonical":"https:\/\/csop.cirasync.com\/es\/soporte-inicio\/","og_locale":"es_ES","og_type":"article","og_title":"Soporte","og_description":"Obtenga soporte r\u00e1pido y eficiente con CiraSync On-Prem. Encuentre soluciones y solucione problemas en poco tiempo. Comience","og_url":"https:\/\/csop.cirasync.com\/es\/soporte-inicio\/","og_site_name":"CiraSync On-Prem - Sync Global Address List and Public Folders","article_publisher":"https:\/\/www.facebook.com\/itrezzo","article_modified_time":"2026-01-16T19:05:53+00:00","twitter_card":"summary_large_image","twitter_site":"@itrezzo","schema":{"@context":"https:\/\/schema.org","@graph":[{"@type":"WebPage","@id":"https:\/\/csop.cirasync.com\/es\/soporte-inicio\/","url":"https:\/\/csop.cirasync.com\/es\/soporte-inicio\/","name":"Soporte | CiraSync On-Prem \u2013 Sync GAL & Public Folders","isPartOf":{"@id":"https:\/\/csop.cirasync.com\/es\/#website"},"datePublished":"2021-01-08T20:39:29+00:00","dateModified":"2026-01-16T19:05:53+00:00","description":"Obtenga soporte r\u00e1pido y eficiente con CiraSync On-Prem. Encuentre soluciones y solucione problemas en poco tiempo. Comience","breadcrumb":{"@id":"https:\/\/csop.cirasync.com\/es\/soporte-inicio\/#breadcrumb"},"inLanguage":"es","potentialAction":[{"@type":"ReadAction","target":["https:\/\/csop.cirasync.com\/es\/soporte-inicio\/"]}]},{"@type":"BreadcrumbList","@id":"https:\/\/csop.cirasync.com\/es\/soporte-inicio\/#breadcrumb","itemListElement":[{"@type":"ListItem","position":1,"name":"Home","item":"https:\/\/csop.cirasync.com\/es\/"},{"@type":"ListItem","position":2,"name":"Soporte"}]},{"@type":"WebSite","@id":"https:\/\/csop.cirasync.com\/es\/#website","url":"https:\/\/csop.cirasync.com\/es\/","name":"CiraSync On-Prem - Sync Global Address List and Public Folders","description":"Sync the GAL and Public Folders to Outlook and smartphones","publisher":{"@id":"https:\/\/csop.cirasync.com\/es\/#organization"},"potentialAction":[{"@type":"SearchAction","target":{"@type":"EntryPoint","urlTemplate":"https:\/\/csop.cirasync.com\/es\/?s={search_term_string}"},"query-input":{"@type":"PropertyValueSpecification","valueRequired":true,"valueName":"search_term_string"}}],"inLanguage":"es"},{"@type":"Organization","@id":"https:\/\/csop.cirasync.com\/es\/#organization","name":"CiraSync On-Prem contact management and sync software","url":"https:\/\/csop.cirasync.com\/es\/","logo":{"@type":"ImageObject","inLanguage":"es","@id":"https:\/\/csop.cirasync.com\/es\/#\/schema\/logo\/image\/","url":"https:\/\/csop.cirasync.com\/wp-content\/uploads\/2020\/04\/logo.png","contentUrl":"https:\/\/csop.cirasync.com\/wp-content\/uploads\/2020\/04\/logo.png","width":172,"height":40,"caption":"CiraSync On-Prem contact management and sync software"},"image":{"@id":"https:\/\/csop.cirasync.com\/es\/#\/schema\/logo\/image\/"},"sameAs":["https:\/\/www.facebook.com\/itrezzo","https:\/\/x.com\/itrezzo","https:\/\/www.linkedin.com\/company\/sync-the-global-address-list-to-an-iphone-android-or-blackberry","https:\/\/www.youtube.com\/channel\/UCyAwGMuXo3HPNDpZeBAQyNQ"]}]}},"_links":{"self":[{"href":"https:\/\/csop.cirasync.com\/es\/wp-json\/wp\/v2\/pages\/6531","targetHints":{"allow":["GET"]}}],"collection":[{"href":"https:\/\/csop.cirasync.com\/es\/wp-json\/wp\/v2\/pages"}],"about":[{"href":"https:\/\/csop.cirasync.com\/es\/wp-json\/wp\/v2\/types\/page"}],"author":[{"embeddable":true,"href":"https:\/\/csop.cirasync.com\/es\/wp-json\/wp\/v2\/users\/6"}],"replies":[{"embeddable":true,"href":"https:\/\/csop.cirasync.com\/es\/wp-json\/wp\/v2\/comments?post=6531"}],"version-history":[{"count":10,"href":"https:\/\/csop.cirasync.com\/es\/wp-json\/wp\/v2\/pages\/6531\/revisions"}],"predecessor-version":[{"id":12903,"href":"https:\/\/csop.cirasync.com\/es\/wp-json\/wp\/v2\/pages\/6531\/revisions\/12903"}],"wp:attachment":[{"href":"https:\/\/csop.cirasync.com\/es\/wp-json\/wp\/v2\/media?parent=6531"}],"curies":[{"name":"wp","href":"https:\/\/api.w.org\/{rel}","templated":true}]}}