{"id":6388,"date":"2021-01-08T13:38:50","date_gmt":"2021-01-08T20:38:50","guid":{"rendered":"https:\/\/csop.cirasync.com\/actualice-sincronice-y-distribuya-bases-de-datos-de-contactos-con-csop\/licencia-de-aplicacion-movil\/"},"modified":"2026-02-23T12:27:59","modified_gmt":"2026-02-23T18:27:59","slug":"licencia-de-aplicacion-movil","status":"publish","type":"page","link":"https:\/\/csop.cirasync.com\/es\/sobre-csop\/licencia-de-aplicacion-movil\/","title":{"rendered":"Licencia de aplicaci\u00f3n m\u00f3vil"},"content":{"rendered":"<p>[et_pb_section fb_built=\u00bb1&#8243; fullwidth=\u00bbon\u00bb admin_label=\u00bbSection\u00bb _builder_version=\u00bb4.16&#8243; global_colors_info=\u00bb{}\u00bb][et_pb_fullwidth_header title=\u00bbAcuerdo de licencia para el usuario final de la aplicaci\u00f3n m\u00f3vil\u00bb _builder_version=\u00bb4.16&#8243; global_colors_info=\u00bb{}\u00bb][\/et_pb_fullwidth_header][\/et_pb_section][et_pb_section fb_built=\u00bb1&#8243; _builder_version=\u00bb4.16&#8243; global_colors_info=\u00bb{}\u00bb][et_pb_row _builder_version=\u00bb4.16&#8243; global_colors_info=\u00bb{}\u00bb][et_pb_column type=\u00bb4_4&#8243; _builder_version=\u00bb4.16&#8243; global_colors_info=\u00bb{}\u00bb][et_pb_text _builder_version=\u00bb4.16&#8243; custom_padding=\u00bb||0px|||\u00bb global_colors_info=\u00bb{}\u00bb]<\/p>\n<p><span>Lea este Acuerdo de licencia para el usuario final de la aplicaci\u00f3n m\u00f3vil (\u00ab<\/span><strong> EULA<\/strong><span> \u00ab) Cuidadosamente antes de descargar o utilizar itrezzo, Inc. (\u00ab<\/span><strong> itrezzo<\/strong><span> \u00ab) Aplicaci\u00f3n m\u00f3vil (la\u00bb<\/span><strong> Aplicaci\u00f3n movil<\/strong><span>\u201d). Este EULA forma un acuerdo legal vinculante entre usted (y cualquier otra entidad en cuyo nombre acepte estos t\u00e9rminos) (colectivamente \u00ab<\/span><strong>usted<\/strong><span> \u00abO\u00bb<\/span><strong> Tu<\/strong><span> \u00ab) E CiraSync On-Prem (cada uno por separado un\u00bb<\/span><strong> Fiesta<\/strong><span> \u00abY colectivamente el\u00bb<\/span><strong> Fiestas<\/strong><span>\u201d) A partir de la fecha de descarga de la aplicaci\u00f3n m\u00f3vil. Su uso de la aplicaci\u00f3n m\u00f3vil est\u00e1 sujeto a este EULA.<\/span><\/p>\n<p><strong>Licencia. <\/strong><span>CiraSync On-Prem le otorga una licencia revocable, no exclusiva, intransferible y limitada para descargar, instalar y usar la aplicaci\u00f3n m\u00f3vil para sus fines personales y comerciales estrictamente de acuerdo con este EULA y el acuerdo de suscripci\u00f3n.<\/span><span><\/span><\/p>\n<p><strong>Cambios a este EULA.<\/strong><span> CiraSync On-Prem se reserva el derecho de modificar este EULA en cualquier momento y por cualquier motivo. CiraSync On-Prem publicar\u00e1 la versi\u00f3n m\u00e1s actual de este EULA en:<\/span><br \/> <a title=\"Mobile Application End-User License Agreement\" href=\"https:\/\/csop.cirasync.com\/es\/sobre-csop\/licencia-de-aplicacion-movil\/\">https:\/\/csop.cirasync.com\/About\/MobileAppLicense<\/a><span> .<\/span><\/p>\n<p>Usted es responsable de cumplir con los t\u00e9rminos actualizados publicados en l\u00ednea en el sitio web de itrezzo, incluso si estos t\u00e9rminos actualizados aparecen en l\u00ednea en el sitio web de CiraSync On-Prem antes de ser publicados en la aplicaci\u00f3n m\u00f3vil. Su uso continuado de la aplicaci\u00f3n m\u00f3vil despu\u00e9s de que CiraSync On-Prem publique el aviso de cambios a este EULA indica su consentimiento a los t\u00e9rminos actualizados.<\/p>\n<p><strong>No incluye mantenimiento ni soporte. <\/strong><span>CiraSync On-Prem puede implementar cambios, actualizaciones o mejoras en la aplicaci\u00f3n m\u00f3vil en cualquier momento. CiraSync On-Prem puede proporcionar mantenimiento y soporte para la aplicaci\u00f3n m\u00f3vil, pero no tiene ninguna obligaci\u00f3n de proporcionarle dichos servicios y puede cancelar dichos servicios en cualquier momento sin previo aviso. Usted reconoce que ni Apple (para la aplicaci\u00f3n m\u00f3vil iOS) ni Google (para la aplicaci\u00f3n m\u00f3vil Android) tienen la obligaci\u00f3n de proporcionar ning\u00fan servicio de mantenimiento o soporte en relaci\u00f3n con la aplicaci\u00f3n m\u00f3vil.<\/span><\/p>\n<p><strong>Intimidad. <\/strong><span>Para operar y proporcionar la aplicaci\u00f3n m\u00f3vil, CiraSync On-Prem requerir\u00e1 que registre su direcci\u00f3n de correo electr\u00f3nico y se inscriba en un correo electr\u00f3nico trimestral de CiraSync On-Prem. CiraSync On-Prem no tiene acceso al contenido de sus comunicaciones por correo electr\u00f3nico, ni registra ni tiene acceso a su contrase\u00f1a. CiraSync On-Prem solo compartir\u00e1 su informaci\u00f3n de contacto con su afiliada Cira Apps, Ltd. CiraSync On-Prem usa y protege esa informaci\u00f3n de acuerdo con el Aviso de Privacidad de CiraSync On-Prem (una versi\u00f3n actual del cual se puede encontrar en <\/span><a title=\"CiraSync On-Prem Privacy Policy\" href=\"https:\/\/csop.cirasync.com\/es\/sobre-csop\/politica-de-privacidad-de-csop\/\">https:\/\/csop.cirasync.com\/About\/Privacy<\/a><\/p>\n<p><strong>Consentimiento para comunicaciones electr\u00f3nicas y solicitudes. <\/strong><span>Al descargar la aplicaci\u00f3n m\u00f3vil, usted autoriza a CiraSync On-Prem a enviarle (incluso por correo electr\u00f3nico y notificaciones autom\u00e1ticas) informaci\u00f3n sobre la aplicaci\u00f3n m\u00f3vil, como: (a) avisos sobre su uso de la aplicaci\u00f3n m\u00f3vil, incluidos avisos de infracciones de uso; (b) actualizaciones de la aplicaci\u00f3n m\u00f3vil y nuevas funciones o productos; y (c) informaci\u00f3n y materiales promocionales relacionados con los productos y servicios de itrezzo.<\/span><\/p>\n<p><span><strong>Sin garant\u00eda. <\/strong>EL USO DE LA APLICACI\u00d3N M\u00d3VIL ES BAJO SU PROPIO RIESGO. LA APLICACI\u00d3N M\u00d3VIL SE PROPORCIONA \u00abTAL CUAL\u00bb Y \u00abSEG\u00daN EST\u00c9 DISPONIBLE\u00bb. ITREZZO RENUNCIA EXPRESAMENTE A TODAS LAS GARANT\u00cdAS DE CUALQUIER TIPO, YA SEAN EXPRESAS O IMPL\u00cdCITAS, INCLUYENDO LAS GARANT\u00cdAS IMPL\u00cdCITAS DE COMERCIABILIDAD, IDONEIDAD PARA UN PROP\u00d3SITO PARTICULAR Y NO INFRACCI\u00d3N. ITREZZO NO ES RESPONSABLE DE NINGUNA P\u00c9RDIDA O DA\u00d1O QUE SURJA O EST\u00c9 RELACIONADO CON SU USO DE LA APLICACI\u00d3N M\u00d3VIL, INCLUYENDO PERO NO LIMITADO A DA\u00d1OS INDIRECTOS, ESPECIALES, PUNITIVOS O CONSECUENTES.<\/span><\/p>\n<p><span>La aplicaci\u00f3n m\u00f3vil solo est\u00e1 disponible para dispositivos compatibles y es posible que no funcione en todos los dispositivos. Determinar si su dispositivo es compatible o compatible para el uso de la aplicaci\u00f3n m\u00f3vil es su responsabilidad exclusiva, y la descarga de la aplicaci\u00f3n m\u00f3vil se realiza bajo su propio riesgo. CiraSync On-Prem no declara ni garantiza que la aplicaci\u00f3n m\u00f3vil y su dispositivo sean compatibles o que la aplicaci\u00f3n m\u00f3vil funcione en su dispositivo.<\/span><\/p>\n<p style=\"padding-left: 30px\"><span><strong>Aplicaci\u00f3n iOS. <\/strong>EN LA M\u00c1XIMA MEDIDA PERMITIDA POR LA LEY APLICABLE, APPLE NO TENDR\u00c1 OTRA OBLIGACI\u00d3N DE GARANT\u00cdA CON RESPECTO A (A) LA APLICACI\u00d3N M\u00d3VIL Y (B) CUALQUIER OTRO RECLAMO, P\u00c9RDIDA, RESPONSABILIDAD, DA\u00d1OS, COSTOS O GASTOS ATRIBUIBLES A CUALQUIER INCUMPLIMIENTO DE CUALQUIER GARANT\u00cdA.<\/span><\/p>\n<p style=\"padding-left: 30px\"><span><strong>Aplicaci\u00f3n para Android. <\/strong>GOOGLE RECHAZA EXPRESAMENTE TODAS LAS GARANT\u00cdAS Y CONDICIONES DE CUALQUIER TIPO, YA SEAN EXPRESAS O IMPL\u00cdCITAS, INCLUYENDO, PERO SIN LIMITARSE A, LAS GARANT\u00cdAS Y CONDICIONES IMPL\u00cdCITAS DE COMERCIABILIDAD, IDONEIDAD PARA UN PROP\u00d3SITO EN PARTICULAR Y NO INFRACCI\u00d3N.<\/span><\/p>\n<p><span><strong>Suspensi\u00f3n y terminaci\u00f3n de la aplicaci\u00f3n m\u00f3vil. <\/strong>CiraSync On-Prem se reserva el derecho de suspender o cancelar su acceso a la aplicaci\u00f3n m\u00f3vil si incumple este Acuerdo o cualquier t\u00e9rmino o condici\u00f3n relacionado con el uso de los servicios de itrezzo.<br \/><\/span><\/p>\n<p><span><\/span><\/p>\n<p><span><strong>Derechos de propiedad intelectual. <\/strong>En caso de que un tercero reclame que la aplicaci\u00f3n m\u00f3vil, o su posesi\u00f3n y uso de la aplicaci\u00f3n m\u00f3vil, infringe los derechos de propiedad intelectual de terceros, CiraSync On-Prem ser\u00e1 el \u00fanico responsable de la investigaci\u00f3n, defensa, resoluci\u00f3n y cumplimiento de dicha infracci\u00f3n de propiedad intelectual. Reclamaci\u00f3n.<\/span><\/p>\n<p><span><\/span><\/p>\n<p><span><strong>C\u00f3mplice legal. <\/strong>Usted declara y garantiza que: (a) No se encuentra en un pa\u00eds que est\u00e9 sujeto a un embargo del gobierno de los Estados Unidos, o que est\u00e9 en el T\u00edtulo 15, Parte 740 Suplemento 1 Grupo de pa\u00edses E del C\u00f3digo de Regulaciones Federales de los Estados Unidos; (b) No se encuentra en un pa\u00eds que haya sido designado por el gobierno de los Estados Unidos como un pa\u00eds de \u201capoyo al terrorismo\u201d; y (c) No figura en ninguna lista del gobierno de EE. UU. de partes prohibidas o restringidas. Adem\u00e1s, acepta no transportar la Aplicaci\u00f3n m\u00f3vil ni utilizar la Aplicaci\u00f3n m\u00f3vil en ninguno de dichos pa\u00edses.<\/span><\/p>\n<p><span><\/span><\/p>\n<p><span><strong>Beneficiarios de terceros. <\/strong>Este EULA se ejecuta entre usted e CiraSync On-Prem y no entre usted y cualquier otra parte, incluidos Apple para usuarios de iOS y Google para usuarios de Android. Usted acepta que cualquier reclamo presentado por usted que surja de este EULA o de su uso de la aplicaci\u00f3n m\u00f3vil no se realizar\u00e1 contra Apple o Google, seg\u00fan corresponda. Sin perjuicio de lo anterior, su aceptaci\u00f3n de este EULA permite a Apple o Google, seg\u00fan corresponda, hacer cumplir este EULA contra usted como un tercero beneficiario del mismo. CiraSync On-Prem no es responsable de ning\u00fan acuerdo de terceros aplicable entre usted y su tercero, incluido su proveedor de servicios inal\u00e1mbricos.<\/span><\/p>\n<p>[\/et_pb_text][\/et_pb_column][\/et_pb_row][\/et_pb_section]<\/p>\n","protected":false},"excerpt":{"rendered":"<p>Lea este Acuerdo de licencia para el usuario final de la aplicaci\u00f3n m\u00f3vil (\u00bb EULA \u00ab) Cuidadosamente antes de descargar o utilizar itrezzo, Inc. (\u00bb itrezzo \u00ab) Aplicaci\u00f3n m\u00f3vil (la\u00bb Aplicaci\u00f3n movil\u201d). Este EULA forma un acuerdo legal vinculante entre usted (y cualquier otra entidad en cuyo nombre acepte estos t\u00e9rminos) (colectivamente \u00abusted \u00abO\u00bb Tu [&hellip;]<\/p>\n","protected":false},"author":3,"featured_media":0,"parent":6088,"menu_order":0,"comment_status":"closed","ping_status":"closed","template":"","meta":{"_et_pb_use_builder":"on","_et_pb_old_content":"","_et_gb_content_width":"","inline_featured_image":false,"footnotes":""},"class_list":["post-6388","page","type-page","status-publish","hentry"],"yoast_head":"<!-- This site is optimized with the Yoast SEO Premium plugin v27.1 (Yoast SEO v27.4) - https:\/\/yoast.com\/product\/yoast-seo-premium-wordpress\/ -->\n<title>Licencia de aplicaci\u00f3n m\u00f3vil<\/title>\n<meta name=\"description\" content=\"Informaci\u00f3n sobre licencias de aplicaci\u00f3n m\u00f3vil CiraSync On-Prem. Opciones de licencia por usuario para sincronizaci\u00f3n Exchange\/Outlook.\" \/>\n<meta name=\"robots\" content=\"index, follow, max-snippet:-1, max-image-preview:large, max-video-preview:-1\" \/>\n<link rel=\"canonical\" href=\"https:\/\/csop.cirasync.com\/es\/sobre-csop\/licencia-de-aplicacion-movil\/\" \/>\n<meta property=\"og:locale\" content=\"es_ES\" \/>\n<meta property=\"og:type\" content=\"article\" \/>\n<meta property=\"og:title\" content=\"Licencia de aplicaci\u00f3n m\u00f3vil\" \/>\n<meta property=\"og:description\" content=\"Informaci\u00f3n sobre licencias de aplicaci\u00f3n m\u00f3vil CiraSync On-Prem. Opciones de licencia por usuario para sincronizaci\u00f3n Exchange\/Outlook.\" \/>\n<meta property=\"og:url\" content=\"https:\/\/csop.cirasync.com\/es\/sobre-csop\/licencia-de-aplicacion-movil\/\" \/>\n<meta property=\"og:site_name\" content=\"CiraSync On-Prem - Sync Global Address List and Public Folders\" \/>\n<meta property=\"article:publisher\" content=\"https:\/\/www.facebook.com\/itrezzo\" \/>\n<meta property=\"article:modified_time\" content=\"2026-02-23T18:27:59+00:00\" \/>\n<meta name=\"twitter:card\" content=\"summary_large_image\" \/>\n<meta name=\"twitter:site\" content=\"@itrezzo\" \/>\n<script type=\"application\/ld+json\" class=\"yoast-schema-graph\">{\"@context\":\"https:\\\/\\\/schema.org\",\"@graph\":[{\"@type\":\"WebPage\",\"@id\":\"https:\\\/\\\/csop.cirasync.com\\\/es\\\/sobre-csop\\\/licencia-de-aplicacion-movil\\\/\",\"url\":\"https:\\\/\\\/csop.cirasync.com\\\/es\\\/sobre-csop\\\/licencia-de-aplicacion-movil\\\/\",\"name\":\"Licencia de aplicaci\u00f3n m\u00f3vil\",\"isPartOf\":{\"@id\":\"https:\\\/\\\/csop.cirasync.com\\\/es\\\/#website\"},\"datePublished\":\"2021-01-08T20:38:50+00:00\",\"dateModified\":\"2026-02-23T18:27:59+00:00\",\"description\":\"Informaci\u00f3n sobre licencias de aplicaci\u00f3n m\u00f3vil CiraSync On-Prem. Opciones de licencia por usuario para sincronizaci\u00f3n Exchange\\\/Outlook.\",\"breadcrumb\":{\"@id\":\"https:\\\/\\\/csop.cirasync.com\\\/es\\\/sobre-csop\\\/licencia-de-aplicacion-movil\\\/#breadcrumb\"},\"inLanguage\":\"es\",\"potentialAction\":[{\"@type\":\"ReadAction\",\"target\":[\"https:\\\/\\\/csop.cirasync.com\\\/es\\\/sobre-csop\\\/licencia-de-aplicacion-movil\\\/\"]}]},{\"@type\":\"BreadcrumbList\",\"@id\":\"https:\\\/\\\/csop.cirasync.com\\\/es\\\/sobre-csop\\\/licencia-de-aplicacion-movil\\\/#breadcrumb\",\"itemListElement\":[{\"@type\":\"ListItem\",\"position\":1,\"name\":\"Home\",\"item\":\"https:\\\/\\\/csop.cirasync.com\\\/es\\\/\"},{\"@type\":\"ListItem\",\"position\":2,\"name\":\"Actualice, sincronice y distribuya bases de datos de contactos con CiraSync On-Prem\",\"item\":\"https:\\\/\\\/csop.cirasync.com\\\/es\\\/sobre-csop\\\/\"},{\"@type\":\"ListItem\",\"position\":3,\"name\":\"Licencia de aplicaci\u00f3n m\u00f3vil\"}]},{\"@type\":\"WebSite\",\"@id\":\"https:\\\/\\\/csop.cirasync.com\\\/es\\\/#website\",\"url\":\"https:\\\/\\\/csop.cirasync.com\\\/es\\\/\",\"name\":\"CiraSync On-Prem - Sync Global Address List and Public Folders\",\"description\":\"Sync the GAL and Public Folders to Outlook and smartphones\",\"publisher\":{\"@id\":\"https:\\\/\\\/csop.cirasync.com\\\/es\\\/#organization\"},\"potentialAction\":[{\"@type\":\"SearchAction\",\"target\":{\"@type\":\"EntryPoint\",\"urlTemplate\":\"https:\\\/\\\/csop.cirasync.com\\\/es\\\/?s={search_term_string}\"},\"query-input\":{\"@type\":\"PropertyValueSpecification\",\"valueRequired\":true,\"valueName\":\"search_term_string\"}}],\"inLanguage\":\"es\"},{\"@type\":\"Organization\",\"@id\":\"https:\\\/\\\/csop.cirasync.com\\\/es\\\/#organization\",\"name\":\"CiraSync On-Prem contact management and sync software\",\"url\":\"https:\\\/\\\/csop.cirasync.com\\\/es\\\/\",\"logo\":{\"@type\":\"ImageObject\",\"inLanguage\":\"es\",\"@id\":\"https:\\\/\\\/csop.cirasync.com\\\/es\\\/#\\\/schema\\\/logo\\\/image\\\/\",\"url\":\"https:\\\/\\\/csop.cirasync.com\\\/wp-content\\\/uploads\\\/2020\\\/04\\\/logo.png\",\"contentUrl\":\"https:\\\/\\\/csop.cirasync.com\\\/wp-content\\\/uploads\\\/2020\\\/04\\\/logo.png\",\"width\":172,\"height\":40,\"caption\":\"CiraSync On-Prem contact management and sync software\"},\"image\":{\"@id\":\"https:\\\/\\\/csop.cirasync.com\\\/es\\\/#\\\/schema\\\/logo\\\/image\\\/\"},\"sameAs\":[\"https:\\\/\\\/www.facebook.com\\\/itrezzo\",\"https:\\\/\\\/x.com\\\/itrezzo\",\"https:\\\/\\\/www.linkedin.com\\\/company\\\/sync-the-global-address-list-to-an-iphone-android-or-blackberry\",\"https:\\\/\\\/www.youtube.com\\\/channel\\\/UCyAwGMuXo3HPNDpZeBAQyNQ\"]}]}<\/script>\n<!-- \/ Yoast SEO Premium plugin. -->","yoast_head_json":{"title":"Licencia de aplicaci\u00f3n m\u00f3vil","description":"Informaci\u00f3n sobre licencias de aplicaci\u00f3n m\u00f3vil CiraSync On-Prem. Opciones de licencia por usuario para sincronizaci\u00f3n Exchange\/Outlook.","robots":{"index":"index","follow":"follow","max-snippet":"max-snippet:-1","max-image-preview":"max-image-preview:large","max-video-preview":"max-video-preview:-1"},"canonical":"https:\/\/csop.cirasync.com\/es\/sobre-csop\/licencia-de-aplicacion-movil\/","og_locale":"es_ES","og_type":"article","og_title":"Licencia de aplicaci\u00f3n m\u00f3vil","og_description":"Informaci\u00f3n sobre licencias de aplicaci\u00f3n m\u00f3vil CiraSync On-Prem. Opciones de licencia por usuario para sincronizaci\u00f3n Exchange\/Outlook.","og_url":"https:\/\/csop.cirasync.com\/es\/sobre-csop\/licencia-de-aplicacion-movil\/","og_site_name":"CiraSync On-Prem - Sync Global Address List and Public Folders","article_publisher":"https:\/\/www.facebook.com\/itrezzo","article_modified_time":"2026-02-23T18:27:59+00:00","twitter_card":"summary_large_image","twitter_site":"@itrezzo","schema":{"@context":"https:\/\/schema.org","@graph":[{"@type":"WebPage","@id":"https:\/\/csop.cirasync.com\/es\/sobre-csop\/licencia-de-aplicacion-movil\/","url":"https:\/\/csop.cirasync.com\/es\/sobre-csop\/licencia-de-aplicacion-movil\/","name":"Licencia de aplicaci\u00f3n m\u00f3vil","isPartOf":{"@id":"https:\/\/csop.cirasync.com\/es\/#website"},"datePublished":"2021-01-08T20:38:50+00:00","dateModified":"2026-02-23T18:27:59+00:00","description":"Informaci\u00f3n sobre licencias de aplicaci\u00f3n m\u00f3vil CiraSync On-Prem. Opciones de licencia por usuario para sincronizaci\u00f3n Exchange\/Outlook.","breadcrumb":{"@id":"https:\/\/csop.cirasync.com\/es\/sobre-csop\/licencia-de-aplicacion-movil\/#breadcrumb"},"inLanguage":"es","potentialAction":[{"@type":"ReadAction","target":["https:\/\/csop.cirasync.com\/es\/sobre-csop\/licencia-de-aplicacion-movil\/"]}]},{"@type":"BreadcrumbList","@id":"https:\/\/csop.cirasync.com\/es\/sobre-csop\/licencia-de-aplicacion-movil\/#breadcrumb","itemListElement":[{"@type":"ListItem","position":1,"name":"Home","item":"https:\/\/csop.cirasync.com\/es\/"},{"@type":"ListItem","position":2,"name":"Actualice, sincronice y distribuya bases de datos de contactos con CiraSync On-Prem","item":"https:\/\/csop.cirasync.com\/es\/sobre-csop\/"},{"@type":"ListItem","position":3,"name":"Licencia de aplicaci\u00f3n m\u00f3vil"}]},{"@type":"WebSite","@id":"https:\/\/csop.cirasync.com\/es\/#website","url":"https:\/\/csop.cirasync.com\/es\/","name":"CiraSync On-Prem - Sync Global Address List and Public Folders","description":"Sync the GAL and Public Folders to Outlook and smartphones","publisher":{"@id":"https:\/\/csop.cirasync.com\/es\/#organization"},"potentialAction":[{"@type":"SearchAction","target":{"@type":"EntryPoint","urlTemplate":"https:\/\/csop.cirasync.com\/es\/?s={search_term_string}"},"query-input":{"@type":"PropertyValueSpecification","valueRequired":true,"valueName":"search_term_string"}}],"inLanguage":"es"},{"@type":"Organization","@id":"https:\/\/csop.cirasync.com\/es\/#organization","name":"CiraSync On-Prem contact management and sync software","url":"https:\/\/csop.cirasync.com\/es\/","logo":{"@type":"ImageObject","inLanguage":"es","@id":"https:\/\/csop.cirasync.com\/es\/#\/schema\/logo\/image\/","url":"https:\/\/csop.cirasync.com\/wp-content\/uploads\/2020\/04\/logo.png","contentUrl":"https:\/\/csop.cirasync.com\/wp-content\/uploads\/2020\/04\/logo.png","width":172,"height":40,"caption":"CiraSync On-Prem contact management and sync software"},"image":{"@id":"https:\/\/csop.cirasync.com\/es\/#\/schema\/logo\/image\/"},"sameAs":["https:\/\/www.facebook.com\/itrezzo","https:\/\/x.com\/itrezzo","https:\/\/www.linkedin.com\/company\/sync-the-global-address-list-to-an-iphone-android-or-blackberry","https:\/\/www.youtube.com\/channel\/UCyAwGMuXo3HPNDpZeBAQyNQ"]}]}},"_links":{"self":[{"href":"https:\/\/csop.cirasync.com\/es\/wp-json\/wp\/v2\/pages\/6388","targetHints":{"allow":["GET"]}}],"collection":[{"href":"https:\/\/csop.cirasync.com\/es\/wp-json\/wp\/v2\/pages"}],"about":[{"href":"https:\/\/csop.cirasync.com\/es\/wp-json\/wp\/v2\/types\/page"}],"author":[{"embeddable":true,"href":"https:\/\/csop.cirasync.com\/es\/wp-json\/wp\/v2\/users\/3"}],"replies":[{"embeddable":true,"href":"https:\/\/csop.cirasync.com\/es\/wp-json\/wp\/v2\/comments?post=6388"}],"version-history":[{"count":4,"href":"https:\/\/csop.cirasync.com\/es\/wp-json\/wp\/v2\/pages\/6388\/revisions"}],"predecessor-version":[{"id":13088,"href":"https:\/\/csop.cirasync.com\/es\/wp-json\/wp\/v2\/pages\/6388\/revisions\/13088"}],"up":[{"embeddable":true,"href":"https:\/\/csop.cirasync.com\/es\/wp-json\/wp\/v2\/pages\/6088"}],"wp:attachment":[{"href":"https:\/\/csop.cirasync.com\/es\/wp-json\/wp\/v2\/media?parent=6388"}],"curies":[{"name":"wp","href":"https:\/\/api.w.org\/{rel}","templated":true}]}}