{"id":6350,"date":"2021-01-08T13:38:49","date_gmt":"2021-01-08T20:38:49","guid":{"rendered":"https:\/\/csop.cirasync.com\/actualice-sincronice-y-distribuya-bases-de-datos-de-contactos-con-csop\/ultimas-noticias-csop\/"},"modified":"2026-01-26T15:21:10","modified_gmt":"2026-01-26T21:21:10","slug":"ultimas-noticias-csop","status":"publish","type":"page","link":"https:\/\/csop.cirasync.com\/es\/sobre-csop\/ultimas-noticias-csop\/","title":{"rendered":"\u00daltimas noticias&gt; CiraSync On-Prem"},"content":{"rendered":"<p>[et_pb_section fb_built=\u00bb1&#8243; fullwidth=\u00bbon\u00bb admin_label=\u00bbHeader\u00bb _builder_version=\u00bb4.16&#8243; use_background_color_gradient=\u00bbon\u00bb background_color_gradient_direction=\u00bb163deg\u00bb background_color_gradient_stops=\u00bbrgba(0,0,0,0.02) 50%|#ffffff 50%\u00bb background_color_gradient_start=\u00bbrgba(0,0,0,0.02)\u00bb background_color_gradient_start_position=\u00bb50%\u00bb background_color_gradient_end=\u00bb#ffffff\u00bb background_color_gradient_end_position=\u00bb0%\u00bb background_image=\u00bbhttps:\/\/csop.cirasync.com\/wp-content\/uploads\/2020\/04\/web-dev-03.png\u00bb parallax=\u00bbon\u00bb animation_style=\u00bbfade\u00bb global_colors_info=\u00bb{}\u00bb][et_pb_fullwidth_header title=\u00bbHace que todos sean accesibles\u00bb subhead=\u00bbcon gesti\u00f3n de contactos unificada\u00bb text_orientation=\u00bbcenter\u00bb content_max_width=\u00bb640px\u00bb _builder_version=\u00bb4.16&#8243; title_font=\u00bbLato|900|||||||\u00bb title_font_size=\u00bb40px\u00bb title_line_height=\u00bb1.5em\u00bb content_font=\u00bb||||||||\u00bb content_font_size=\u00bb16px\u00bb content_line_height=\u00bb2em\u00bb subhead_font=\u00bb|600|||||||\u00bb subhead_font_size=\u00bb26px\u00bb background_color=\u00bbrgba(0,0,0,0)\u00bb custom_button_one=\u00bbon\u00bb button_one_text_size=\u00bb14px\u00bb button_one_text_color=\u00bb#ffffff\u00bb button_one_bg_color=\u00bb#0054ff\u00bb button_one_border_width=\u00bb14px\u00bb button_one_border_color=\u00bbrgba(0,0,0,0)\u00bb button_one_border_radius=\u00bb0px\u00bb button_one_letter_spacing=\u00bb2px\u00bb button_one_font=\u00bb|600||on|||||\u00bb button_one_icon=\u00bb&#x39;||divi||400&#8243; button_one_on_hover=\u00bboff\u00bb custom_button_two=\u00bbon\u00bb button_two_text_size=\u00bb14px\u00bb button_two_text_color=\u00bb#0054ff\u00bb button_two_bg_color=\u00bbrgba(255,255,255,0)\u00bb button_two_border_width=\u00bb12px\u00bb button_two_border_color=\u00bbrgba(0,0,0,0)\u00bb button_two_border_radius=\u00bb0px\u00bb button_two_letter_spacing=\u00bb2px\u00bb button_two_font=\u00bb|600||on|||||\u00bb button_two_icon=\u00bb&#x39;||divi||400&#8243; button_two_on_hover=\u00bboff\u00bb background_layout=\u00bblight\u00bb custom_margin=\u00bb|||\u00bb custom_padding=\u00bb6vw||6vw||true\u00bb animation_style=\u00bbzoom\u00bb animation_intensity_zoom=\u00bb-5%\u00bb title_font_size_tablet=\u00bb\u00bb title_font_size_phone=\u00bb25px\u00bb title_font_size_last_edited=\u00bbon|desktop\u00bb box_shadow_style_button_two=\u00bbpreset1&#8243; box_shadow_vertical_button_two=\u00bb0px\u00bb box_shadow_blur_button_two=\u00bb0px\u00bb box_shadow_spread_button_two=\u00bb2px\u00bb box_shadow_color_button_two=\u00bb#0054ff\u00bb button_one_letter_spacing_hover=\u00bb2px\u00bb button_two_letter_spacing_hover=\u00bb2px\u00bb global_colors_info=\u00bb{}\u00bb button_one_text_size__hover_enabled=\u00bboff\u00bb button_two_text_size__hover_enabled=\u00bboff\u00bb button_one_text_color__hover_enabled=\u00bboff\u00bb button_two_text_color__hover_enabled=\u00bboff\u00bb button_one_border_width__hover_enabled=\u00bboff\u00bb button_two_border_width__hover_enabled=\u00bboff\u00bb button_one_border_color__hover_enabled=\u00bboff\u00bb button_two_border_color__hover_enabled=\u00bboff\u00bb button_one_border_radius__hover_enabled=\u00bboff\u00bb button_two_border_radius__hover_enabled=\u00bboff\u00bb button_one_letter_spacing__hover_enabled=\u00bbon\u00bb button_one_letter_spacing__hover=\u00bb2px\u00bb button_two_letter_spacing__hover_enabled=\u00bbon\u00bb button_two_letter_spacing__hover=\u00bb2px\u00bb button_one_bg_color__hover_enabled=\u00bboff\u00bb button_two_bg_color__hover_enabled=\u00bboff\u00bb][\/et_pb_fullwidth_header][\/et_pb_section][et_pb_section fb_built=\u00bb1&#8243; admin_label=\u00bbProjects\u00bb _builder_version=\u00bb4.16&#8243; custom_padding=\u00bb54px|0px|0|0px|false|false\u00bb global_colors_info=\u00bb{}\u00bb][et_pb_row column_structure=\u00bb3_5,2_5&#8243; make_equal=\u00bbon\u00bb padding_top_bottom_link_1=\u00bbtrue\u00bb padding_top_bottom_link_2=\u00bbfalse\u00bb _builder_version=\u00bb4.16&#8243; custom_margin=\u00bb40px||80px||false\u00bb custom_padding=\u00bb0|0px|0|0px|true|false\u00bb animation_style=\u00bbslide\u00bb animation_direction=\u00bbright\u00bb animation_intensity_slide=\u00bb1%\u00bb box_shadow_style=\u00bbpreset4&#8243; box_shadow_horizontal=\u00bb-780px\u00bb box_shadow_vertical=\u00bb0px\u00bb box_shadow_color=\u00bb#f5f6f9&#8243; global_colors_info=\u00bb{}\u00bb][et_pb_column type=\u00bb3_5&#8243; _builder_version=\u00bb4.16&#8243; use_background_color_gradient=\u00bbon\u00bb background_color_gradient_direction=\u00bb90deg\u00bb background_color_gradient_stops=\u00bb#f5f6f9 50%|rgba(245,246,249,0) 50%\u00bb background_color_gradient_start=\u00bb#f5f6f9&#8243; background_color_gradient_start_position=\u00bb50%\u00bb background_color_gradient_end=\u00bbrgba(245,246,249,0)\u00bb background_color_gradient_end_position=\u00bb0%\u00bb custom_padding=\u00bb60px||60px|\u00bb global_colors_info=\u00bb{}\u00bb custom_padding__hover=\u00bb|||\u00bb][et_pb_image src=\u00bbhttps:\/\/csop.cirasync.com\/wp-content\/uploads\/2020\/04\/About-Us.jpg\u00bb align_tablet=\u00bbcenter\u00bb align_phone=\u00bb\u00bb align_last_edited=\u00bbon|desktop\u00bb _builder_version=\u00bb4.16&#8243; custom_margin=\u00bb|||-20%\u00bb custom_margin_tablet=\u00bb|||-10%\u00bb custom_margin_phone=\u00bb|||\u00bb custom_margin_last_edited=\u00bbon|phone\u00bb locked=\u00bboff\u00bb global_colors_info=\u00bb{}\u00bb][\/et_pb_image][\/et_pb_column][et_pb_column type=\u00bb2_5&#8243; _builder_version=\u00bb4.16&#8243; custom_padding=\u00bb80px||40px|\u00bb custom_padding_tablet=\u00bb0px|||\u00bb custom_padding_phone=\u00bb\u00bb custom_padding_last_edited=\u00bbon|tablet\u00bb global_colors_info=\u00bb{}\u00bb padding_tablet=\u00bb0px|||\u00bb padding_last_edited=\u00bbon|tablet\u00bb custom_padding__hover=\u00bb|||\u00bb padding_phone=\u00bb0px|||\u00bb][et_pb_text _builder_version=\u00bb4.16&#8243; text_font=\u00bb||||||||\u00bb text_line_height=\u00bb2em\u00bb header_font=\u00bb|700|||||||\u00bb header_3_font_size_tablet=\u00bb\u00bb header_3_font_size_phone=\u00bb\u00bb header_3_font_size_last_edited=\u00bbon|phone\u00bb locked=\u00bboff\u00bb global_colors_info=\u00bb{}\u00bb]<\/p>\n<h1>Sobre nosotros<\/h1>\n<p>CiraSync On-Prem desarrolla aplicaciones e infraestructura de servidor back-end de nivel empresarial que permiten a las empresas establecer un directorio de colaboraci\u00f3n m\u00f3vil y distribuir r\u00e1pidamente contactos cr\u00edticos, contenido y herramientas de colaboraci\u00f3n a dispositivos m\u00f3viles. Como uno de los primeros desarrolladores externos de BlackBerry, contamos con servidores implementados detr\u00e1s del firewall de m\u00e1s de 1000 empresas y agencias gubernamentales, incluido el DOJ, el Departamento de Asuntos de Veteranos, HBO, Shell Oil y The Blackstone Group. Con aplicaciones de colaboraci\u00f3n m\u00f3vil f\u00e1ciles de instalar y de f\u00e1cil acceso, la fuerza laboral empresarial mejora la productividad al tener informaci\u00f3n relevante y cr\u00edtica en cualquier lugar y en cualquier momento.<\/p>\n<p>CiraSync On-Prem es una corporaci\u00f3n privada con sede en Campbell, California.<\/p>\n<p>[\/et_pb_text][\/et_pb_column][\/et_pb_row][\/et_pb_section]<\/p>\n","protected":false},"excerpt":{"rendered":"<p>Sobre nosotros CiraSync On-Prem desarrolla aplicaciones e infraestructura de servidor back-end de nivel empresarial que permiten a las empresas establecer un directorio de colaboraci\u00f3n m\u00f3vil y distribuir r\u00e1pidamente contactos cr\u00edticos, contenido y herramientas de colaboraci\u00f3n a dispositivos m\u00f3viles. Como uno de los primeros desarrolladores externos de BlackBerry, contamos con servidores implementados detr\u00e1s del firewall de [&hellip;]<\/p>\n","protected":false},"author":3,"featured_media":0,"parent":6088,"menu_order":0,"comment_status":"closed","ping_status":"closed","template":"","meta":{"_et_pb_use_builder":"on","_et_pb_old_content":"","_et_gb_content_width":"","inline_featured_image":false,"footnotes":""},"class_list":["post-6350","page","type-page","status-publish","hentry"],"yoast_head":"<!-- This site is optimized with the Yoast SEO Premium plugin v27.1 (Yoast SEO v27.4) - https:\/\/yoast.com\/product\/yoast-seo-premium-wordpress\/ -->\n<title>\u00daltimas noticias&gt; CiraSync On-Prem<\/title>\n<meta name=\"description\" content=\"\u00c3\u0161ltimas noticias de CSOP On-Prem: anuncios, novedades y actualizaciones sobre sincronizaci\u00c3\u00b3n de contactos, calendarios y GAL.\" \/>\n<meta name=\"robots\" content=\"index, follow, max-snippet:-1, max-image-preview:large, max-video-preview:-1\" \/>\n<link rel=\"canonical\" href=\"https:\/\/csop.cirasync.com\/es\/sobre-csop\/ultimas-noticias-csop\/\" \/>\n<meta property=\"og:locale\" content=\"es_ES\" \/>\n<meta property=\"og:type\" content=\"article\" \/>\n<meta property=\"og:title\" content=\"\u00daltimas noticias&gt; CiraSync On-Prem\" \/>\n<meta property=\"og:description\" content=\"\u00c3\u0161ltimas noticias de CSOP On-Prem: anuncios, novedades y actualizaciones sobre sincronizaci\u00c3\u00b3n de contactos, calendarios y GAL.\" \/>\n<meta property=\"og:url\" content=\"https:\/\/csop.cirasync.com\/es\/sobre-csop\/ultimas-noticias-csop\/\" \/>\n<meta property=\"og:site_name\" content=\"CiraSync On-Prem - Sync Global Address List and Public Folders\" \/>\n<meta property=\"article:publisher\" content=\"https:\/\/www.facebook.com\/itrezzo\" \/>\n<meta property=\"article:modified_time\" content=\"2026-01-26T21:21:10+00:00\" \/>\n<meta name=\"twitter:card\" content=\"summary_large_image\" \/>\n<meta name=\"twitter:site\" content=\"@itrezzo\" \/>\n<script type=\"application\/ld+json\" class=\"yoast-schema-graph\">{\"@context\":\"https:\\\/\\\/schema.org\",\"@graph\":[{\"@type\":\"WebPage\",\"@id\":\"https:\\\/\\\/csop.cirasync.com\\\/es\\\/sobre-csop\\\/ultimas-noticias-csop\\\/\",\"url\":\"https:\\\/\\\/csop.cirasync.com\\\/es\\\/sobre-csop\\\/ultimas-noticias-csop\\\/\",\"name\":\"\u00daltimas noticias&gt; CiraSync On-Prem\",\"isPartOf\":{\"@id\":\"https:\\\/\\\/csop.cirasync.com\\\/es\\\/#website\"},\"datePublished\":\"2021-01-08T20:38:49+00:00\",\"dateModified\":\"2026-01-26T21:21:10+00:00\",\"description\":\"\u00c3\u0161ltimas noticias de CSOP On-Prem: anuncios, novedades y actualizaciones sobre sincronizaci\u00c3\u00b3n de contactos, calendarios y GAL.\",\"breadcrumb\":{\"@id\":\"https:\\\/\\\/csop.cirasync.com\\\/es\\\/sobre-csop\\\/ultimas-noticias-csop\\\/#breadcrumb\"},\"inLanguage\":\"es\",\"potentialAction\":[{\"@type\":\"ReadAction\",\"target\":[\"https:\\\/\\\/csop.cirasync.com\\\/es\\\/sobre-csop\\\/ultimas-noticias-csop\\\/\"]}]},{\"@type\":\"BreadcrumbList\",\"@id\":\"https:\\\/\\\/csop.cirasync.com\\\/es\\\/sobre-csop\\\/ultimas-noticias-csop\\\/#breadcrumb\",\"itemListElement\":[{\"@type\":\"ListItem\",\"position\":1,\"name\":\"Home\",\"item\":\"https:\\\/\\\/csop.cirasync.com\\\/es\\\/\"},{\"@type\":\"ListItem\",\"position\":2,\"name\":\"Actualice, sincronice y distribuya bases de datos de contactos con CiraSync On-Prem\",\"item\":\"https:\\\/\\\/csop.cirasync.com\\\/es\\\/sobre-csop\\\/\"},{\"@type\":\"ListItem\",\"position\":3,\"name\":\"\u00daltimas noticias&gt; CiraSync On-Prem\"}]},{\"@type\":\"WebSite\",\"@id\":\"https:\\\/\\\/csop.cirasync.com\\\/es\\\/#website\",\"url\":\"https:\\\/\\\/csop.cirasync.com\\\/es\\\/\",\"name\":\"CiraSync On-Prem - Sync Global Address List and Public Folders\",\"description\":\"Sync the GAL and Public Folders to Outlook and smartphones\",\"publisher\":{\"@id\":\"https:\\\/\\\/csop.cirasync.com\\\/es\\\/#organization\"},\"potentialAction\":[{\"@type\":\"SearchAction\",\"target\":{\"@type\":\"EntryPoint\",\"urlTemplate\":\"https:\\\/\\\/csop.cirasync.com\\\/es\\\/?s={search_term_string}\"},\"query-input\":{\"@type\":\"PropertyValueSpecification\",\"valueRequired\":true,\"valueName\":\"search_term_string\"}}],\"inLanguage\":\"es\"},{\"@type\":\"Organization\",\"@id\":\"https:\\\/\\\/csop.cirasync.com\\\/es\\\/#organization\",\"name\":\"CiraSync On-Prem contact management and sync software\",\"url\":\"https:\\\/\\\/csop.cirasync.com\\\/es\\\/\",\"logo\":{\"@type\":\"ImageObject\",\"inLanguage\":\"es\",\"@id\":\"https:\\\/\\\/csop.cirasync.com\\\/es\\\/#\\\/schema\\\/logo\\\/image\\\/\",\"url\":\"https:\\\/\\\/csop.cirasync.com\\\/wp-content\\\/uploads\\\/2020\\\/04\\\/logo.png\",\"contentUrl\":\"https:\\\/\\\/csop.cirasync.com\\\/wp-content\\\/uploads\\\/2020\\\/04\\\/logo.png\",\"width\":172,\"height\":40,\"caption\":\"CiraSync On-Prem contact management and sync software\"},\"image\":{\"@id\":\"https:\\\/\\\/csop.cirasync.com\\\/es\\\/#\\\/schema\\\/logo\\\/image\\\/\"},\"sameAs\":[\"https:\\\/\\\/www.facebook.com\\\/itrezzo\",\"https:\\\/\\\/x.com\\\/itrezzo\",\"https:\\\/\\\/www.linkedin.com\\\/company\\\/sync-the-global-address-list-to-an-iphone-android-or-blackberry\",\"https:\\\/\\\/www.youtube.com\\\/channel\\\/UCyAwGMuXo3HPNDpZeBAQyNQ\"]}]}<\/script>\n<!-- \/ Yoast SEO Premium plugin. -->","yoast_head_json":{"title":"\u00daltimas noticias&gt; CiraSync On-Prem","description":"\u00c3\u0161ltimas noticias de CSOP On-Prem: anuncios, novedades y actualizaciones sobre sincronizaci\u00c3\u00b3n de contactos, calendarios y GAL.","robots":{"index":"index","follow":"follow","max-snippet":"max-snippet:-1","max-image-preview":"max-image-preview:large","max-video-preview":"max-video-preview:-1"},"canonical":"https:\/\/csop.cirasync.com\/es\/sobre-csop\/ultimas-noticias-csop\/","og_locale":"es_ES","og_type":"article","og_title":"\u00daltimas noticias&gt; CiraSync On-Prem","og_description":"\u00c3\u0161ltimas noticias de CSOP On-Prem: anuncios, novedades y actualizaciones sobre sincronizaci\u00c3\u00b3n de contactos, calendarios y GAL.","og_url":"https:\/\/csop.cirasync.com\/es\/sobre-csop\/ultimas-noticias-csop\/","og_site_name":"CiraSync On-Prem - Sync Global Address List and Public Folders","article_publisher":"https:\/\/www.facebook.com\/itrezzo","article_modified_time":"2026-01-26T21:21:10+00:00","twitter_card":"summary_large_image","twitter_site":"@itrezzo","schema":{"@context":"https:\/\/schema.org","@graph":[{"@type":"WebPage","@id":"https:\/\/csop.cirasync.com\/es\/sobre-csop\/ultimas-noticias-csop\/","url":"https:\/\/csop.cirasync.com\/es\/sobre-csop\/ultimas-noticias-csop\/","name":"\u00daltimas noticias&gt; CiraSync On-Prem","isPartOf":{"@id":"https:\/\/csop.cirasync.com\/es\/#website"},"datePublished":"2021-01-08T20:38:49+00:00","dateModified":"2026-01-26T21:21:10+00:00","description":"\u00c3\u0161ltimas noticias de CSOP On-Prem: anuncios, novedades y actualizaciones sobre sincronizaci\u00c3\u00b3n de contactos, calendarios y GAL.","breadcrumb":{"@id":"https:\/\/csop.cirasync.com\/es\/sobre-csop\/ultimas-noticias-csop\/#breadcrumb"},"inLanguage":"es","potentialAction":[{"@type":"ReadAction","target":["https:\/\/csop.cirasync.com\/es\/sobre-csop\/ultimas-noticias-csop\/"]}]},{"@type":"BreadcrumbList","@id":"https:\/\/csop.cirasync.com\/es\/sobre-csop\/ultimas-noticias-csop\/#breadcrumb","itemListElement":[{"@type":"ListItem","position":1,"name":"Home","item":"https:\/\/csop.cirasync.com\/es\/"},{"@type":"ListItem","position":2,"name":"Actualice, sincronice y distribuya bases de datos de contactos con CiraSync On-Prem","item":"https:\/\/csop.cirasync.com\/es\/sobre-csop\/"},{"@type":"ListItem","position":3,"name":"\u00daltimas noticias&gt; CiraSync On-Prem"}]},{"@type":"WebSite","@id":"https:\/\/csop.cirasync.com\/es\/#website","url":"https:\/\/csop.cirasync.com\/es\/","name":"CiraSync On-Prem - Sync Global Address List and Public Folders","description":"Sync the GAL and Public Folders to Outlook and smartphones","publisher":{"@id":"https:\/\/csop.cirasync.com\/es\/#organization"},"potentialAction":[{"@type":"SearchAction","target":{"@type":"EntryPoint","urlTemplate":"https:\/\/csop.cirasync.com\/es\/?s={search_term_string}"},"query-input":{"@type":"PropertyValueSpecification","valueRequired":true,"valueName":"search_term_string"}}],"inLanguage":"es"},{"@type":"Organization","@id":"https:\/\/csop.cirasync.com\/es\/#organization","name":"CiraSync On-Prem contact management and sync software","url":"https:\/\/csop.cirasync.com\/es\/","logo":{"@type":"ImageObject","inLanguage":"es","@id":"https:\/\/csop.cirasync.com\/es\/#\/schema\/logo\/image\/","url":"https:\/\/csop.cirasync.com\/wp-content\/uploads\/2020\/04\/logo.png","contentUrl":"https:\/\/csop.cirasync.com\/wp-content\/uploads\/2020\/04\/logo.png","width":172,"height":40,"caption":"CiraSync On-Prem contact management and sync software"},"image":{"@id":"https:\/\/csop.cirasync.com\/es\/#\/schema\/logo\/image\/"},"sameAs":["https:\/\/www.facebook.com\/itrezzo","https:\/\/x.com\/itrezzo","https:\/\/www.linkedin.com\/company\/sync-the-global-address-list-to-an-iphone-android-or-blackberry","https:\/\/www.youtube.com\/channel\/UCyAwGMuXo3HPNDpZeBAQyNQ"]}]}},"_links":{"self":[{"href":"https:\/\/csop.cirasync.com\/es\/wp-json\/wp\/v2\/pages\/6350","targetHints":{"allow":["GET"]}}],"collection":[{"href":"https:\/\/csop.cirasync.com\/es\/wp-json\/wp\/v2\/pages"}],"about":[{"href":"https:\/\/csop.cirasync.com\/es\/wp-json\/wp\/v2\/types\/page"}],"author":[{"embeddable":true,"href":"https:\/\/csop.cirasync.com\/es\/wp-json\/wp\/v2\/users\/3"}],"replies":[{"embeddable":true,"href":"https:\/\/csop.cirasync.com\/es\/wp-json\/wp\/v2\/comments?post=6350"}],"version-history":[{"count":3,"href":"https:\/\/csop.cirasync.com\/es\/wp-json\/wp\/v2\/pages\/6350\/revisions"}],"predecessor-version":[{"id":13049,"href":"https:\/\/csop.cirasync.com\/es\/wp-json\/wp\/v2\/pages\/6350\/revisions\/13049"}],"up":[{"embeddable":true,"href":"https:\/\/csop.cirasync.com\/es\/wp-json\/wp\/v2\/pages\/6088"}],"wp:attachment":[{"href":"https:\/\/csop.cirasync.com\/es\/wp-json\/wp\/v2\/media?parent=6350"}],"curies":[{"name":"wp","href":"https:\/\/api.w.org\/{rel}","templated":true}]}}