{"id":10030,"date":"2026-01-30T11:55:28","date_gmt":"2026-01-30T17:55:28","guid":{"rendered":"https:\/\/csop.cirasync.com\/?page_id=10030"},"modified":"2026-03-27T11:42:40","modified_gmt":"2026-03-27T16:42:40","slug":"gracias-2","status":"publish","type":"page","link":"https:\/\/csop.cirasync.com\/es\/gracias-2\/","title":{"rendered":"Gracias Demo"},"content":{"rendered":"<p>[et_pb_section fb_built=\u00bb1&#8243; custom_padding_last_edited=\u00bboff|desktop\u00bb admin_label=\u00bbHero\u00bb _builder_version=\u00bb4.16&#8243; background_color=\u00bb#333333&#8243; background_color_gradient_direction=\u00bb60deg\u00bb custom_padding=\u00bb20px|0px|20px||false|false\u00bb locked=\u00bboff\u00bb global_colors_info=\u00bb{}\u00bb][et_pb_row _builder_version=\u00bb4.16&#8243; module_alignment=\u00bbcenter\u00bb custom_padding=\u00bb|||\u00bb global_colors_info=\u00bb{}\u00bb][et_pb_column type=\u00bb4_4&#8243; _builder_version=\u00bb4.16&#8243; custom_padding=\u00bb|||\u00bb global_colors_info=\u00bb{}\u00bb custom_padding__hover=\u00bb|||\u00bb][et_pb_text _builder_version=\u00bb4.27.5&#8243; text_font=\u00bbOpen Sans||||||||\u00bb text_font_size=\u00bb16px\u00bb header_font=\u00bb||||||||\u00bb header_2_font=\u00bbPoppins||||||||\u00bb header_2_font_size=\u00bb36px\u00bb header_2_line_height=\u00bb1.4em\u00bb text_orientation=\u00bbcenter\u00bb background_layout=\u00bbdark\u00bb max_width=\u00bb700px\u00bb module_alignment=\u00bbcenter\u00bb global_colors_info=\u00bb{}\u00bb]<\/p>\n<h2><span class=\"et-pb-icon\" style=\"color: #f04438;\">\ue052<\/span><\/h2>\n<h1>\u00a1Gracias por contactarnos!<\/h1>\n<p>nos pondremos en contacto en breve.<\/p>\n<p>[\/et_pb_text][\/et_pb_column][\/et_pb_row][\/et_pb_section][et_pb_section fb_built=\u00bb1&#8243; _builder_version=\u00bb4.16&#8243; global_colors_info=\u00bb{}\u00bb][et_pb_row _builder_version=\u00bb4.16&#8243; global_colors_info=\u00bb{}\u00bb][et_pb_column type=\u00bb4_4&#8243; _builder_version=\u00bb4.16&#8243; global_colors_info=\u00bb{}\u00bb][et_pb_text _builder_version=\u00bb4.16&#8243; text_orientation=\u00bbcenter\u00bb global_colors_info=\u00bb{}\u00bb]<\/p>\n<h3>Enlaces \u00datiles<\/h3>\n<p><a href=\"\/\">Inicio<\/a><br \/> <a href=\"https:\/\/csop.cirasync.com\/es\/soporte-inicio\/\">Apoya<\/a><br \/> <a href=\"\/contactmesyncgal2smartphone\/\">Contacta con nosotros<\/a><\/p>\n<p>[\/et_pb_text][\/et_pb_column][\/et_pb_row][\/et_pb_section]<\/p>\n","protected":false},"excerpt":{"rendered":"<p>\ue052 \u00a1Gracias por contactarnos! nos pondremos en contacto en breve.Enlaces \u00datiles Inicio Apoya Contacta con nosotros<\/p>\n","protected":false},"author":4,"featured_media":0,"parent":0,"menu_order":0,"comment_status":"closed","ping_status":"closed","template":"","meta":{"_et_pb_use_builder":"on","_et_pb_old_content":"","_et_gb_content_width":"","inline_featured_image":false,"footnotes":""},"class_list":["post-10030","page","type-page","status-publish","hentry"],"yoast_head":"<!-- This site is optimized with the Yoast SEO Premium plugin v27.1 (Yoast SEO v27.1.1) - https:\/\/yoast.com\/product\/yoast-seo-premium-wordpress\/ -->\n<title>Gracias | Solicitud de demostraci\u00f3n recibida | Cirasync CSOP<\/title>\n<meta name=\"description\" content=\"Gracias por solicitar una demostraci\u00f3n de CiraSync On-Prem. Consulta tu correo electr\u00f3nico para conocer los detalles de la programaci\u00f3n. Nuestro equipo se pondr\u00e1 en contacto contigo en breve para tratar tus necesidades de sincronizaci\u00f3n con Microsoft.\" \/>\n<meta name=\"robots\" content=\"index, follow, max-snippet:-1, max-image-preview:large, max-video-preview:-1\" \/>\n<link rel=\"canonical\" href=\"https:\/\/csop.cirasync.com\/es\/gracias-2\/\" \/>\n<meta property=\"og:locale\" content=\"es_ES\" \/>\n<meta property=\"og:type\" content=\"article\" \/>\n<meta property=\"og:title\" content=\"Gracias Demo\" \/>\n<meta property=\"og:description\" content=\"Gracias por solicitar una demostraci\u00f3n de CiraSync On-Prem. Consulta tu correo electr\u00f3nico para conocer los detalles de la programaci\u00f3n. Nuestro equipo se pondr\u00e1 en contacto contigo en breve para tratar tus necesidades de sincronizaci\u00f3n con Microsoft.\" \/>\n<meta property=\"og:url\" content=\"https:\/\/csop.cirasync.com\/es\/gracias-2\/\" \/>\n<meta property=\"og:site_name\" content=\"CiraSync On-Prem - Sync Global Address List and Public Folders\" \/>\n<meta property=\"article:publisher\" content=\"https:\/\/www.facebook.com\/itrezzo\" \/>\n<meta property=\"article:modified_time\" content=\"2026-03-27T16:42:40+00:00\" \/>\n<meta name=\"twitter:card\" content=\"summary_large_image\" \/>\n<meta name=\"twitter:site\" content=\"@itrezzo\" \/>\n<script type=\"application\/ld+json\" class=\"yoast-schema-graph\">{\"@context\":\"https:\/\/schema.org\",\"@graph\":[{\"@type\":\"WebPage\",\"@id\":\"https:\/\/csop.cirasync.com\/es\/gracias-2\/\",\"url\":\"https:\/\/csop.cirasync.com\/es\/gracias-2\/\",\"name\":\"Gracias | Solicitud de demostraci\u00f3n recibida | Cirasync CSOP\",\"isPartOf\":{\"@id\":\"https:\/\/csop.cirasync.com\/es\/#website\"},\"datePublished\":\"2026-01-30T17:55:28+00:00\",\"dateModified\":\"2026-03-27T16:42:40+00:00\",\"description\":\"Gracias por solicitar una demostraci\u00f3n de CiraSync On-Prem. Consulta tu correo electr\u00f3nico para conocer los detalles de la programaci\u00f3n. Nuestro equipo se pondr\u00e1 en contacto contigo en breve para tratar tus necesidades de sincronizaci\u00f3n con Microsoft.\",\"breadcrumb\":{\"@id\":\"https:\/\/csop.cirasync.com\/es\/gracias-2\/#breadcrumb\"},\"inLanguage\":\"es\",\"potentialAction\":[{\"@type\":\"ReadAction\",\"target\":[\"https:\/\/csop.cirasync.com\/es\/gracias-2\/\"]}]},{\"@type\":\"BreadcrumbList\",\"@id\":\"https:\/\/csop.cirasync.com\/es\/gracias-2\/#breadcrumb\",\"itemListElement\":[{\"@type\":\"ListItem\",\"position\":1,\"name\":\"Home\",\"item\":\"https:\/\/csop.cirasync.com\/es\/\"},{\"@type\":\"ListItem\",\"position\":2,\"name\":\"Gracias Demo\"}]},{\"@type\":\"WebSite\",\"@id\":\"https:\/\/csop.cirasync.com\/es\/#website\",\"url\":\"https:\/\/csop.cirasync.com\/es\/\",\"name\":\"CiraSync On-Prem - Sync Global Address List and Public Folders\",\"description\":\"Sync the GAL and Public Folders to Outlook and smartphones\",\"publisher\":{\"@id\":\"https:\/\/csop.cirasync.com\/es\/#organization\"},\"potentialAction\":[{\"@type\":\"SearchAction\",\"target\":{\"@type\":\"EntryPoint\",\"urlTemplate\":\"https:\/\/csop.cirasync.com\/es\/?s={search_term_string}\"},\"query-input\":{\"@type\":\"PropertyValueSpecification\",\"valueRequired\":true,\"valueName\":\"search_term_string\"}}],\"inLanguage\":\"es\"},{\"@type\":\"Organization\",\"@id\":\"https:\/\/csop.cirasync.com\/es\/#organization\",\"name\":\"CiraSync On-Prem contact management and sync software\",\"url\":\"https:\/\/csop.cirasync.com\/es\/\",\"logo\":{\"@type\":\"ImageObject\",\"inLanguage\":\"es\",\"@id\":\"https:\/\/csop.cirasync.com\/es\/#\/schema\/logo\/image\/\",\"url\":\"https:\/\/csop.cirasync.com\/wp-content\/uploads\/2020\/04\/logo.png\",\"contentUrl\":\"https:\/\/csop.cirasync.com\/wp-content\/uploads\/2020\/04\/logo.png\",\"width\":172,\"height\":40,\"caption\":\"CiraSync On-Prem contact management and sync software\"},\"image\":{\"@id\":\"https:\/\/csop.cirasync.com\/es\/#\/schema\/logo\/image\/\"},\"sameAs\":[\"https:\/\/www.facebook.com\/itrezzo\",\"https:\/\/x.com\/itrezzo\",\"https:\/\/www.linkedin.com\/company\/sync-the-global-address-list-to-an-iphone-android-or-blackberry\",\"https:\/\/www.youtube.com\/channel\/UCyAwGMuXo3HPNDpZeBAQyNQ\"]}]}<\/script>\n<!-- \/ Yoast SEO Premium plugin. -->","yoast_head_json":{"title":"Gracias | Solicitud de demostraci\u00f3n recibida | Cirasync CSOP","description":"Gracias por solicitar una demostraci\u00f3n de CiraSync On-Prem. Consulta tu correo electr\u00f3nico para conocer los detalles de la programaci\u00f3n. Nuestro equipo se pondr\u00e1 en contacto contigo en breve para tratar tus necesidades de sincronizaci\u00f3n con Microsoft.","robots":{"index":"index","follow":"follow","max-snippet":"max-snippet:-1","max-image-preview":"max-image-preview:large","max-video-preview":"max-video-preview:-1"},"canonical":"https:\/\/csop.cirasync.com\/es\/gracias-2\/","og_locale":"es_ES","og_type":"article","og_title":"Gracias Demo","og_description":"Gracias por solicitar una demostraci\u00f3n de CiraSync On-Prem. Consulta tu correo electr\u00f3nico para conocer los detalles de la programaci\u00f3n. Nuestro equipo se pondr\u00e1 en contacto contigo en breve para tratar tus necesidades de sincronizaci\u00f3n con Microsoft.","og_url":"https:\/\/csop.cirasync.com\/es\/gracias-2\/","og_site_name":"CiraSync On-Prem - Sync Global Address List and Public Folders","article_publisher":"https:\/\/www.facebook.com\/itrezzo","article_modified_time":"2026-03-27T16:42:40+00:00","twitter_card":"summary_large_image","twitter_site":"@itrezzo","schema":{"@context":"https:\/\/schema.org","@graph":[{"@type":"WebPage","@id":"https:\/\/csop.cirasync.com\/es\/gracias-2\/","url":"https:\/\/csop.cirasync.com\/es\/gracias-2\/","name":"Gracias | Solicitud de demostraci\u00f3n recibida | Cirasync CSOP","isPartOf":{"@id":"https:\/\/csop.cirasync.com\/es\/#website"},"datePublished":"2026-01-30T17:55:28+00:00","dateModified":"2026-03-27T16:42:40+00:00","description":"Gracias por solicitar una demostraci\u00f3n de CiraSync On-Prem. Consulta tu correo electr\u00f3nico para conocer los detalles de la programaci\u00f3n. Nuestro equipo se pondr\u00e1 en contacto contigo en breve para tratar tus necesidades de sincronizaci\u00f3n con Microsoft.","breadcrumb":{"@id":"https:\/\/csop.cirasync.com\/es\/gracias-2\/#breadcrumb"},"inLanguage":"es","potentialAction":[{"@type":"ReadAction","target":["https:\/\/csop.cirasync.com\/es\/gracias-2\/"]}]},{"@type":"BreadcrumbList","@id":"https:\/\/csop.cirasync.com\/es\/gracias-2\/#breadcrumb","itemListElement":[{"@type":"ListItem","position":1,"name":"Home","item":"https:\/\/csop.cirasync.com\/es\/"},{"@type":"ListItem","position":2,"name":"Gracias Demo"}]},{"@type":"WebSite","@id":"https:\/\/csop.cirasync.com\/es\/#website","url":"https:\/\/csop.cirasync.com\/es\/","name":"CiraSync On-Prem - Sync Global Address List and Public Folders","description":"Sync the GAL and Public Folders to Outlook and smartphones","publisher":{"@id":"https:\/\/csop.cirasync.com\/es\/#organization"},"potentialAction":[{"@type":"SearchAction","target":{"@type":"EntryPoint","urlTemplate":"https:\/\/csop.cirasync.com\/es\/?s={search_term_string}"},"query-input":{"@type":"PropertyValueSpecification","valueRequired":true,"valueName":"search_term_string"}}],"inLanguage":"es"},{"@type":"Organization","@id":"https:\/\/csop.cirasync.com\/es\/#organization","name":"CiraSync On-Prem contact management and sync software","url":"https:\/\/csop.cirasync.com\/es\/","logo":{"@type":"ImageObject","inLanguage":"es","@id":"https:\/\/csop.cirasync.com\/es\/#\/schema\/logo\/image\/","url":"https:\/\/csop.cirasync.com\/wp-content\/uploads\/2020\/04\/logo.png","contentUrl":"https:\/\/csop.cirasync.com\/wp-content\/uploads\/2020\/04\/logo.png","width":172,"height":40,"caption":"CiraSync On-Prem contact management and sync software"},"image":{"@id":"https:\/\/csop.cirasync.com\/es\/#\/schema\/logo\/image\/"},"sameAs":["https:\/\/www.facebook.com\/itrezzo","https:\/\/x.com\/itrezzo","https:\/\/www.linkedin.com\/company\/sync-the-global-address-list-to-an-iphone-android-or-blackberry","https:\/\/www.youtube.com\/channel\/UCyAwGMuXo3HPNDpZeBAQyNQ"]}]}},"_links":{"self":[{"href":"https:\/\/csop.cirasync.com\/es\/wp-json\/wp\/v2\/pages\/10030","targetHints":{"allow":["GET"]}}],"collection":[{"href":"https:\/\/csop.cirasync.com\/es\/wp-json\/wp\/v2\/pages"}],"about":[{"href":"https:\/\/csop.cirasync.com\/es\/wp-json\/wp\/v2\/types\/page"}],"author":[{"embeddable":true,"href":"https:\/\/csop.cirasync.com\/es\/wp-json\/wp\/v2\/users\/4"}],"replies":[{"embeddable":true,"href":"https:\/\/csop.cirasync.com\/es\/wp-json\/wp\/v2\/comments?post=10030"}],"version-history":[{"count":12,"href":"https:\/\/csop.cirasync.com\/es\/wp-json\/wp\/v2\/pages\/10030\/revisions"}],"predecessor-version":[{"id":13581,"href":"https:\/\/csop.cirasync.com\/es\/wp-json\/wp\/v2\/pages\/10030\/revisions\/13581"}],"wp:attachment":[{"href":"https:\/\/csop.cirasync.com\/es\/wp-json\/wp\/v2\/media?parent=10030"}],"curies":[{"name":"wp","href":"https:\/\/api.w.org\/{rel}","templated":true}]}}