{"id":8424,"date":"2021-02-16T10:01:56","date_gmt":"2021-02-16T17:01:56","guid":{"rendered":"https:\/\/csop.cirasync.com\/404-2\/"},"modified":"2026-02-23T12:15:46","modified_gmt":"2026-02-23T18:15:46","slug":"404-2","status":"publish","type":"page","link":"https:\/\/csop.cirasync.com\/de\/404-2\/","title":{"rendered":"404"},"content":{"rendered":"<p>[et_pb_section fb_built=&#8220;1&#8243; fullwidth=&#8220;on&#8220; disabled_on=&#8220;on|on|on&#8220; admin_label=&#8220;Header&#8220; _builder_version=&#8220;4.16&#8243; use_background_color_gradient=&#8220;on&#8220; background_color_gradient_direction=&#8220;151deg&#8220; background_color_gradient_stops=&#8220;rgba(0,0,0,0.02) 55%|#ff9f99 55%&#8220; background_color_gradient_start=&#8220;rgba(0,0,0,0.02)&#8220; background_color_gradient_start_position=&#8220;55%&#8220; background_color_gradient_end=&#8220;#ff9f99&#8243; background_color_gradient_end_position=&#8220;0%&#8220; background_image=&#8220;\/wp-content\/uploads\/2020\/05\/abstract-rectangles.svg&#8220; parallax=&#8220;on&#8220; animation_style=&#8220;fade&#8220; disabled=&#8220;on&#8220; locked=&#8220;off&#8220; global_colors_info=&#8220;{}&#8220;][et_pb_fullwidth_header title=&#8220;404 FEHLER&#8220; button_one_text=&#8220;Zur Startseite&#8220; button_one_url=&#8220;\/&#8220; button_two_url=&#8220;\/?cat_ID=201&#8243; header_image_url=&#8220;\/wp-content\/uploads\/2020\/05\/404-.svg&#8220; image_orientation=&#8220;bottom&#8220; content_max_width=&#8220;640px&#8220; _builder_version=&#8220;4.16&#8243; title_font=&#8220;Lato|900|||||||&#8220; title_font_size=&#8220;40px&#8220; title_line_height=&#8220;1.5em&#8220; content_font=&#8220;||||||||&#8220; content_font_size=&#8220;16px&#8220; content_line_height=&#8220;2em&#8220; background_color=&#8220;rgba(0,0,0,0)&#8220; custom_button_one=&#8220;on&#8220; button_one_text_size=&#8220;14px&#8220; button_one_text_color=&#8220;#ffffff&#8220; button_one_bg_color=&#8220;#F04438&#8243; button_one_border_width=&#8220;14px&#8220; button_one_border_color=&#8220;rgba(0,0,0,0)&#8220; button_one_letter_spacing=&#8220;2px&#8220; button_one_font=&#8220;Poppins|600||on|||||&#8220; button_one_icon=&#8220;&#x39;||divi||400&#8243; button_one_on_hover=&#8220;off&#8220; custom_button_two=&#8220;on&#8220; button_two_text_size=&#8220;14px&#8220; button_two_text_color=&#8220;#F04438&#8243; button_two_bg_color=&#8220;rgba(255,255,255,0)&#8220; button_two_border_width=&#8220;12px&#8220; button_two_border_color=&#8220;rgba(0,0,0,0)&#8220; button_two_letter_spacing=&#8220;2px&#8220; button_two_font=&#8220;|600||on|||||&#8220; button_two_icon=&#8220;&#x39;||divi||400&#8243; button_two_icon_color=&#8220;#F04438&#8243; button_two_on_hover=&#8220;off&#8220; background_layout=&#8220;light&#8220; custom_margin=&#8220;|||&#8220; custom_padding=&#8220;||0px||false&#8220; animation_style=&#8220;zoom&#8220; animation_intensity_zoom=&#8220;-5%&#8220; title_font_size_tablet=&#8220;&#8220; title_font_size_phone=&#8220;25px&#8220; title_font_size_last_edited=&#8220;on|desktop&#8220; button_one_border_radius_last_edited=&#8220;off|phone&#8220; box_shadow_style_button_two=&#8220;preset1&#8243; box_shadow_vertical_button_two=&#8220;0px&#8220; box_shadow_blur_button_two=&#8220;0px&#8220; box_shadow_spread_button_two=&#8220;2px&#8220; box_shadow_color_button_two=&#8220;#F04438&#8243; button_one_letter_spacing_hover=&#8220;2px&#8220; button_two_letter_spacing_hover=&#8220;2px&#8220; global_colors_info=&#8220;{}&#8220; button_one_text_size__hover_enabled=&#8220;off&#8220; button_two_text_size__hover_enabled=&#8220;off&#8220; button_one_text_color__hover_enabled=&#8220;off&#8220; button_two_text_color__hover_enabled=&#8220;off&#8220; button_one_border_width__hover_enabled=&#8220;off&#8220; button_two_border_width__hover_enabled=&#8220;off&#8220; button_one_border_color__hover_enabled=&#8220;off&#8220; button_two_border_color__hover_enabled=&#8220;off&#8220; button_one_border_radius__hover_enabled=&#8220;off&#8220; button_two_border_radius__hover_enabled=&#8220;off&#8220; button_one_letter_spacing__hover_enabled=&#8220;on|desktop&#8220; button_one_letter_spacing__hover=&#8220;2px&#8220; button_two_letter_spacing__hover_enabled=&#8220;on&#8220; button_two_letter_spacing__hover=&#8220;2px&#8220; button_one_bg_color__hover_enabled=&#8220;off&#8220; button_two_bg_color__hover_enabled=&#8220;off&#8220;]Tut uns leid, diese Seite konnte nicht gefunden werden: der Link k\u00f6nnte abgelaufen oder umgezogen sein.[\/et_pb_fullwidth_header][\/et_pb_section][et_pb_section fb_built=&#8220;1&#8243; specialty=&#8220;on&#8220; padding_top_1=&#8220;0px&#8220; padding_top_2=&#8220;0px&#8220; padding_top_bottom_link_1=&#8220;false&#8220; padding_top_bottom_link_2=&#8220;false&#8220; padding_left_right_link_1=&#8220;false&#8220; padding_left_right_link_2=&#8220;false&#8220; _builder_version=&#8220;4.16&#8243; global_colors_info=&#8220;{}&#8220;][et_pb_column type=&#8220;1_2&#8243; _builder_version=&#8220;4.16&#8243; custom_padding=&#8220;|||&#8220; global_colors_info=&#8220;{}&#8220; custom_padding__hover=&#8220;|||&#8220;][et_pb_text _builder_version=&#8220;4.27.5&#8243; text_font=&#8220;Open Sans|600|||||||&#8220; text_font_size=&#8220;16px&#8220; header_font=&#8220;||||||||&#8220; header_2_font=&#8220;Poppins||||||||&#8220; header_2_font_size=&#8220;36px&#8220; header_2_line_height=&#8220;1.4em&#8220; max_width=&#8220;700px&#8220; module_alignment=&#8220;center&#8220; global_colors_info=&#8220;{}&#8220;]<\/p>\n<h1>Tut uns leid, aber die von Ihnen angeforderte Seite ist nicht mehr verf\u00fcgbar.<\/h1>\n<p>[\/et_pb_text][et_pb_image src=&#8220;\/wp-content\/uploads\/2020\/06\/404-error.svg&#8220; _builder_version=&#8220;4.16&#8243; global_colors_info=&#8220;{}&#8220;][\/et_pb_image][\/et_pb_column][et_pb_column type=&#8220;1_2&#8243; specialty_columns=&#8220;2&#8243; _builder_version=&#8220;4.16&#8243; custom_padding=&#8220;|||&#8220; global_colors_info=&#8220;{}&#8220; custom_padding__hover=&#8220;|||&#8220;][et_pb_row_inner _builder_version=&#8220;4.16&#8243; custom_padding=&#8220;7px||0px||false|false&#8220; global_colors_info=&#8220;{}&#8220;][et_pb_column_inner saved_specialty_column_type=&#8220;1_2&#8243; _builder_version=&#8220;4.16&#8243; global_colors_info=&#8220;{}&#8220;][et_pb_text _builder_version=&#8220;4.16&#8243; global_colors_info=&#8220;{}&#8220;]<\/p>\n<h3>W\u00e4hlen Sie eine dieser Optionen, um zu finden, was Sie brauchen:<\/h3>\n<p>[\/et_pb_text][\/et_pb_column_inner][\/et_pb_row_inner][et_pb_row_inner column_structure=&#8220;1_2,1_2&#8243; module_id=&#8220;row_width&#8220; module_class=&#8220;additional_products top_row&#8220; _builder_version=&#8220;4.16&#8243; global_colors_info=&#8220;{}&#8220;][et_pb_column_inner type=&#8220;1_2&#8243; saved_specialty_column_type=&#8220;1_2&#8243; _builder_version=&#8220;4.16&#8243; global_colors_info=&#8220;{}&#8220;][et_pb_image src=&#8220;\/wp-content\/uploads\/2020\/06\/tech-support.svg&#8220; url=&#8220;\/?cat_ID=201&#8243; align=&#8220;center&#8220; _builder_version=&#8220;4.16&#8243; custom_margin=&#8220;||10px||false|false&#8220; global_colors_info=&#8220;{}&#8220;][\/et_pb_image][et_pb_text _builder_version=&#8220;4.16&#8243; text_orientation=&#8220;center&#8220; background_layout=&#8220;dark&#8220; custom_padding=&#8220;10px||||false|false&#8220; link_option_url=&#8220;\/?cat_ID=201&#8243; global_colors_info=&#8220;{}&#8220;]Kundendienst[\/et_pb_text][\/et_pb_column_inner][et_pb_column_inner type=&#8220;1_2&#8243; saved_specialty_column_type=&#8220;1_2&#8243; _builder_version=&#8220;4.16&#8243; global_colors_info=&#8220;{}&#8220;][et_pb_image src=&#8220;\/wp-content\/uploads\/2020\/06\/sales-info.svg&#8220; url=&#8220;https:\/\/csop.cirasync.com\/de\/demo\/&#8220; align=&#8220;center&#8220; _builder_version=&#8220;4.16&#8243; custom_margin=&#8220;||10px||false|false&#8220; global_colors_info=&#8220;{}&#8220;][\/et_pb_image][et_pb_text _builder_version=&#8220;4.16&#8243; text_orientation=&#8220;center&#8220; background_layout=&#8220;dark&#8220; custom_padding=&#8220;10px||||false|false&#8220; link_option_url=&#8220;https:\/\/csop.cirasync.com\/de\/demo\/&#8220; global_colors_info=&#8220;{}&#8220;]Vertriebsinformationen[\/et_pb_text][\/et_pb_column_inner][\/et_pb_row_inner][et_pb_row_inner column_structure=&#8220;1_2,1_2&#8243; module_id=&#8220;row_width&#8220; module_class=&#8220;additional_products bottom_row&#8220; _builder_version=&#8220;4.16&#8243; custom_margin=&#8220;||10px||false|false&#8220; global_colors_info=&#8220;{}&#8220;][et_pb_column_inner type=&#8220;1_2&#8243; saved_specialty_column_type=&#8220;1_2&#8243; _builder_version=&#8220;4.16&#8243; global_colors_info=&#8220;{}&#8220;][et_pb_image src=&#8220;\/wp-content\/uploads\/2020\/06\/product-info.svg&#8220; url=&#8220;https:\/\/csop.cirasync.com\/de\/kontaktiere-uns\/&#8220; align=&#8220;center&#8220; _builder_version=&#8220;4.16&#8243; custom_margin=&#8220;||10px||false|false&#8220; global_colors_info=&#8220;{}&#8220;][\/et_pb_image][et_pb_text _builder_version=&#8220;4.16&#8243; text_orientation=&#8220;center&#8220; background_layout=&#8220;dark&#8220; custom_padding=&#8220;10px||||false|false&#8220; link_option_url=&#8220;https:\/\/csop.cirasync.com\/de\/kontaktiere-uns\/&#8220; global_colors_info=&#8220;{}&#8220;]Produktinformationen[\/et_pb_text][\/et_pb_column_inner][et_pb_column_inner type=&#8220;1_2&#8243; saved_specialty_column_type=&#8220;1_2&#8243; _builder_version=&#8220;4.16&#8243; global_colors_info=&#8220;{}&#8220;][et_pb_image src=&#8220;\/wp-content\/uploads\/2020\/06\/to-home-page.svg&#8220; url=&#8220;\/&#8220; align=&#8220;center&#8220; _builder_version=&#8220;4.16&#8243; custom_margin=&#8220;||10px||false|false&#8220; global_colors_info=&#8220;{}&#8220;][\/et_pb_image][et_pb_text _builder_version=&#8220;4.16&#8243; text_orientation=&#8220;center&#8220; background_layout=&#8220;dark&#8220; custom_padding=&#8220;10px||||false|false&#8220; link_option_url=&#8220;\/&#8220; global_colors_info=&#8220;{}&#8220;]Zur\u00fcck zu unserer Startseite[\/et_pb_text][\/et_pb_column_inner][\/et_pb_row_inner][\/et_pb_column][\/et_pb_section]<\/p>\n","protected":false},"excerpt":{"rendered":"<p>Tut uns leid, diese Seite konnte nicht gefunden werden: der Link k\u00f6nnte abgelaufen oder umgezogen sein.Tut uns leid, aber die von Ihnen angeforderte Seite ist nicht mehr verf\u00fcgbar.W\u00e4hlen Sie eine dieser Optionen, um zu finden, was Sie brauchen: KundendienstVertriebsinformationenProduktinformationenZur\u00fcck zu unserer Startseite<\/p>\n","protected":false},"author":6,"featured_media":0,"parent":0,"menu_order":0,"comment_status":"closed","ping_status":"closed","template":"","meta":{"_et_pb_use_builder":"on","_et_pb_old_content":"","_et_gb_content_width":"","inline_featured_image":false,"footnotes":""},"class_list":["post-8424","page","type-page","status-publish","hentry"],"yoast_head":"<!-- This site is optimized with the Yoast SEO Premium plugin v27.1 (Yoast SEO v27.4) - https:\/\/yoast.com\/product\/yoast-seo-premium-wordpress\/ -->\n<title>404 Nicht gefunden | CSOP On-Prem<\/title>\n<meta name=\"description\" content=\"Seite nicht gefunden. Entdecken Sie CiraSync On-Prem L\u00f6sungen f\u00fcr Exchange\/Outlook Kontaktsynchronisation oder kontaktieren Sie unser Support-Team.\" \/>\n<meta name=\"robots\" content=\"index, follow, max-snippet:-1, max-image-preview:large, max-video-preview:-1\" \/>\n<link rel=\"canonical\" href=\"https:\/\/csop.cirasync.com\/de\/404-2\/\" \/>\n<meta property=\"og:locale\" content=\"de_DE\" \/>\n<meta property=\"og:type\" content=\"article\" \/>\n<meta property=\"og:title\" content=\"404\" \/>\n<meta property=\"og:description\" content=\"Seite nicht gefunden. Entdecken Sie CiraSync On-Prem L\u00f6sungen f\u00fcr Exchange\/Outlook Kontaktsynchronisation oder kontaktieren Sie unser Support-Team.\" \/>\n<meta property=\"og:url\" content=\"https:\/\/csop.cirasync.com\/de\/404-2\/\" \/>\n<meta property=\"og:site_name\" content=\"CiraSync On-Prem - Sync Global Address List and Public Folders\" \/>\n<meta property=\"article:publisher\" content=\"https:\/\/www.facebook.com\/itrezzo\" \/>\n<meta property=\"article:modified_time\" content=\"2026-02-23T18:15:46+00:00\" \/>\n<meta name=\"twitter:card\" content=\"summary_large_image\" \/>\n<meta name=\"twitter:site\" content=\"@itrezzo\" \/>\n<script type=\"application\/ld+json\" class=\"yoast-schema-graph\">{\"@context\":\"https:\\\/\\\/schema.org\",\"@graph\":[{\"@type\":\"WebPage\",\"@id\":\"https:\\\/\\\/csop.cirasync.com\\\/de\\\/404-2\\\/\",\"url\":\"https:\\\/\\\/csop.cirasync.com\\\/de\\\/404-2\\\/\",\"name\":\"404 Nicht gefunden | CSOP On-Prem\",\"isPartOf\":{\"@id\":\"https:\\\/\\\/csop.cirasync.com\\\/de\\\/#website\"},\"datePublished\":\"2021-02-16T17:01:56+00:00\",\"dateModified\":\"2026-02-23T18:15:46+00:00\",\"description\":\"Seite nicht gefunden. Entdecken Sie CiraSync On-Prem L\u00f6sungen f\u00fcr Exchange\\\/Outlook Kontaktsynchronisation oder kontaktieren Sie unser Support-Team.\",\"breadcrumb\":{\"@id\":\"https:\\\/\\\/csop.cirasync.com\\\/de\\\/404-2\\\/#breadcrumb\"},\"inLanguage\":\"de\",\"potentialAction\":[{\"@type\":\"ReadAction\",\"target\":[\"https:\\\/\\\/csop.cirasync.com\\\/de\\\/404-2\\\/\"]}]},{\"@type\":\"BreadcrumbList\",\"@id\":\"https:\\\/\\\/csop.cirasync.com\\\/de\\\/404-2\\\/#breadcrumb\",\"itemListElement\":[{\"@type\":\"ListItem\",\"position\":1,\"name\":\"Home\",\"item\":\"https:\\\/\\\/csop.cirasync.com\\\/de\\\/\"},{\"@type\":\"ListItem\",\"position\":2,\"name\":\"404\"}]},{\"@type\":\"WebSite\",\"@id\":\"https:\\\/\\\/csop.cirasync.com\\\/de\\\/#website\",\"url\":\"https:\\\/\\\/csop.cirasync.com\\\/de\\\/\",\"name\":\"CiraSync On-Prem - Sync Global Address List and Public Folders\",\"description\":\"Sync the GAL and Public Folders to Outlook and smartphones\",\"publisher\":{\"@id\":\"https:\\\/\\\/csop.cirasync.com\\\/de\\\/#organization\"},\"potentialAction\":[{\"@type\":\"SearchAction\",\"target\":{\"@type\":\"EntryPoint\",\"urlTemplate\":\"https:\\\/\\\/csop.cirasync.com\\\/de\\\/?s={search_term_string}\"},\"query-input\":{\"@type\":\"PropertyValueSpecification\",\"valueRequired\":true,\"valueName\":\"search_term_string\"}}],\"inLanguage\":\"de\"},{\"@type\":\"Organization\",\"@id\":\"https:\\\/\\\/csop.cirasync.com\\\/de\\\/#organization\",\"name\":\"CiraSync On-Prem contact management and sync software\",\"url\":\"https:\\\/\\\/csop.cirasync.com\\\/de\\\/\",\"logo\":{\"@type\":\"ImageObject\",\"inLanguage\":\"de\",\"@id\":\"https:\\\/\\\/csop.cirasync.com\\\/de\\\/#\\\/schema\\\/logo\\\/image\\\/\",\"url\":\"https:\\\/\\\/csop.cirasync.com\\\/wp-content\\\/uploads\\\/2020\\\/04\\\/logo.png\",\"contentUrl\":\"https:\\\/\\\/csop.cirasync.com\\\/wp-content\\\/uploads\\\/2020\\\/04\\\/logo.png\",\"width\":172,\"height\":40,\"caption\":\"CiraSync On-Prem contact management and sync software\"},\"image\":{\"@id\":\"https:\\\/\\\/csop.cirasync.com\\\/de\\\/#\\\/schema\\\/logo\\\/image\\\/\"},\"sameAs\":[\"https:\\\/\\\/www.facebook.com\\\/itrezzo\",\"https:\\\/\\\/x.com\\\/itrezzo\",\"https:\\\/\\\/www.linkedin.com\\\/company\\\/sync-the-global-address-list-to-an-iphone-android-or-blackberry\",\"https:\\\/\\\/www.youtube.com\\\/channel\\\/UCyAwGMuXo3HPNDpZeBAQyNQ\"]}]}<\/script>\n<!-- \/ Yoast SEO Premium plugin. -->","yoast_head_json":{"title":"404 Nicht gefunden | CSOP On-Prem","description":"Seite nicht gefunden. Entdecken Sie CiraSync On-Prem L\u00f6sungen f\u00fcr Exchange\/Outlook Kontaktsynchronisation oder kontaktieren Sie unser Support-Team.","robots":{"index":"index","follow":"follow","max-snippet":"max-snippet:-1","max-image-preview":"max-image-preview:large","max-video-preview":"max-video-preview:-1"},"canonical":"https:\/\/csop.cirasync.com\/de\/404-2\/","og_locale":"de_DE","og_type":"article","og_title":"404","og_description":"Seite nicht gefunden. Entdecken Sie CiraSync On-Prem L\u00f6sungen f\u00fcr Exchange\/Outlook Kontaktsynchronisation oder kontaktieren Sie unser Support-Team.","og_url":"https:\/\/csop.cirasync.com\/de\/404-2\/","og_site_name":"CiraSync On-Prem - Sync Global Address List and Public Folders","article_publisher":"https:\/\/www.facebook.com\/itrezzo","article_modified_time":"2026-02-23T18:15:46+00:00","twitter_card":"summary_large_image","twitter_site":"@itrezzo","schema":{"@context":"https:\/\/schema.org","@graph":[{"@type":"WebPage","@id":"https:\/\/csop.cirasync.com\/de\/404-2\/","url":"https:\/\/csop.cirasync.com\/de\/404-2\/","name":"404 Nicht gefunden | CSOP On-Prem","isPartOf":{"@id":"https:\/\/csop.cirasync.com\/de\/#website"},"datePublished":"2021-02-16T17:01:56+00:00","dateModified":"2026-02-23T18:15:46+00:00","description":"Seite nicht gefunden. Entdecken Sie CiraSync On-Prem L\u00f6sungen f\u00fcr Exchange\/Outlook Kontaktsynchronisation oder kontaktieren Sie unser Support-Team.","breadcrumb":{"@id":"https:\/\/csop.cirasync.com\/de\/404-2\/#breadcrumb"},"inLanguage":"de","potentialAction":[{"@type":"ReadAction","target":["https:\/\/csop.cirasync.com\/de\/404-2\/"]}]},{"@type":"BreadcrumbList","@id":"https:\/\/csop.cirasync.com\/de\/404-2\/#breadcrumb","itemListElement":[{"@type":"ListItem","position":1,"name":"Home","item":"https:\/\/csop.cirasync.com\/de\/"},{"@type":"ListItem","position":2,"name":"404"}]},{"@type":"WebSite","@id":"https:\/\/csop.cirasync.com\/de\/#website","url":"https:\/\/csop.cirasync.com\/de\/","name":"CiraSync On-Prem - Sync Global Address List and Public Folders","description":"Sync the GAL and Public Folders to Outlook and smartphones","publisher":{"@id":"https:\/\/csop.cirasync.com\/de\/#organization"},"potentialAction":[{"@type":"SearchAction","target":{"@type":"EntryPoint","urlTemplate":"https:\/\/csop.cirasync.com\/de\/?s={search_term_string}"},"query-input":{"@type":"PropertyValueSpecification","valueRequired":true,"valueName":"search_term_string"}}],"inLanguage":"de"},{"@type":"Organization","@id":"https:\/\/csop.cirasync.com\/de\/#organization","name":"CiraSync On-Prem contact management and sync software","url":"https:\/\/csop.cirasync.com\/de\/","logo":{"@type":"ImageObject","inLanguage":"de","@id":"https:\/\/csop.cirasync.com\/de\/#\/schema\/logo\/image\/","url":"https:\/\/csop.cirasync.com\/wp-content\/uploads\/2020\/04\/logo.png","contentUrl":"https:\/\/csop.cirasync.com\/wp-content\/uploads\/2020\/04\/logo.png","width":172,"height":40,"caption":"CiraSync On-Prem contact management and sync software"},"image":{"@id":"https:\/\/csop.cirasync.com\/de\/#\/schema\/logo\/image\/"},"sameAs":["https:\/\/www.facebook.com\/itrezzo","https:\/\/x.com\/itrezzo","https:\/\/www.linkedin.com\/company\/sync-the-global-address-list-to-an-iphone-android-or-blackberry","https:\/\/www.youtube.com\/channel\/UCyAwGMuXo3HPNDpZeBAQyNQ"]}]}},"_links":{"self":[{"href":"https:\/\/csop.cirasync.com\/de\/wp-json\/wp\/v2\/pages\/8424","targetHints":{"allow":["GET"]}}],"collection":[{"href":"https:\/\/csop.cirasync.com\/de\/wp-json\/wp\/v2\/pages"}],"about":[{"href":"https:\/\/csop.cirasync.com\/de\/wp-json\/wp\/v2\/types\/page"}],"author":[{"embeddable":true,"href":"https:\/\/csop.cirasync.com\/de\/wp-json\/wp\/v2\/users\/6"}],"replies":[{"embeddable":true,"href":"https:\/\/csop.cirasync.com\/de\/wp-json\/wp\/v2\/comments?post=8424"}],"version-history":[{"count":7,"href":"https:\/\/csop.cirasync.com\/de\/wp-json\/wp\/v2\/pages\/8424\/revisions"}],"predecessor-version":[{"id":13438,"href":"https:\/\/csop.cirasync.com\/de\/wp-json\/wp\/v2\/pages\/8424\/revisions\/13438"}],"wp:attachment":[{"href":"https:\/\/csop.cirasync.com\/de\/wp-json\/wp\/v2\/media?parent=8424"}],"curies":[{"name":"wp","href":"https:\/\/api.w.org\/{rel}","templated":true}]}}