{"id":6582,"date":"2021-01-08T13:39:35","date_gmt":"2021-01-08T20:39:35","guid":{"rendered":"https:\/\/csop.cirasync.com\/vielen-dank2\/"},"modified":"2026-03-24T23:16:53","modified_gmt":"2026-03-25T04:16:53","slug":"vielen-dank2","status":"publish","type":"page","link":"https:\/\/csop.cirasync.com\/de\/vielen-dank2\/","title":{"rendered":"Vielen Dank2"},"content":{"rendered":"<p>[et_pb_section fb_built=&#8220;1&#8243; custom_padding_last_edited=&#8220;off|desktop&#8220; admin_label=&#8220;Hero&#8220; _builder_version=&#8220;4.16&#8243; background_color=&#8220;#333333&#8243; background_color_gradient_direction=&#8220;60deg&#8220; custom_padding=&#8220;20px|0px|20px||false|false&#8220; locked=&#8220;off&#8220; global_colors_info=&#8220;{}&#8220;][et_pb_row _builder_version=&#8220;4.16&#8243; module_alignment=&#8220;center&#8220; custom_padding=&#8220;|||&#8220; global_colors_info=&#8220;{}&#8220;][et_pb_column type=&#8220;4_4&#8243; _builder_version=&#8220;4.16&#8243; custom_padding=&#8220;|||&#8220; global_colors_info=&#8220;{}&#8220; custom_padding__hover=&#8220;|||&#8220;][et_pb_text _builder_version=&#8220;4.27.5&#8243; text_font=&#8220;Open Sans||||||||&#8220; text_font_size=&#8220;16px&#8220; header_font=&#8220;||||||||&#8220; header_2_font=&#8220;Poppins||||||||&#8220; header_2_font_size=&#8220;36px&#8220; header_2_line_height=&#8220;1.4em&#8220; text_orientation=&#8220;center&#8220; background_layout=&#8220;dark&#8220; max_width=&#8220;700px&#8220; module_alignment=&#8220;center&#8220; global_colors_info=&#8220;{}&#8220;]<\/p>\n<h2><span class=\"et-pb-icon\" style=\"color: #f04438;\">\ue052<\/span><\/h2>\n<h1>Danke, dass Sie uns kontaktiert haben!<\/h1>\n<p>Wir werden uns in K\u00fcrze bei Ihnen melden.<\/p>\n<p>[\/et_pb_text][\/et_pb_column][\/et_pb_row][\/et_pb_section][et_pb_section fb_built=&#8220;1&#8243; _builder_version=&#8220;4.16&#8243; global_colors_info=&#8220;{}&#8220;][et_pb_row _builder_version=&#8220;4.16&#8243; global_colors_info=&#8220;{}&#8220;][et_pb_column type=&#8220;4_4&#8243; _builder_version=&#8220;4.16&#8243; global_colors_info=&#8220;{}&#8220;][et_pb_text _builder_version=&#8220;4.16&#8243; text_orientation=&#8220;center&#8220; global_colors_info=&#8220;{}&#8220;]<\/p>\n<h3>Hilfreiche Links<\/h3>\n<p><a href=\"\/\">Zuhause<\/a><br \/>\n<a href=\"https:\/\/csop.cirasync.com\/de\/support-home\/\">Unterst\u00fctzung<\/a><br \/>\n<a href=\"\/contactmesyncgal2smartphone\/\">Kontaktiere uns<\/a><br \/>\n[\/et_pb_text][\/et_pb_column][\/et_pb_row][\/et_pb_section]<\/p>\n","protected":false},"excerpt":{"rendered":"<p>\ue052 Danke, dass Sie uns kontaktiert haben! Wir werden uns in K\u00fcrze bei Ihnen melden.Hilfreiche Links Zuhause Unterst\u00fctzung Kontaktiere uns<\/p>\n","protected":false},"author":4,"featured_media":0,"parent":0,"menu_order":0,"comment_status":"closed","ping_status":"closed","template":"","meta":{"_et_pb_use_builder":"on","_et_pb_old_content":"","_et_gb_content_width":"","inline_featured_image":false,"footnotes":""},"class_list":["post-6582","page","type-page","status-publish","hentry"],"yoast_head":"<!-- This site is optimized with the Yoast SEO Premium plugin v27.1 (Yoast SEO v27.4) - https:\/\/yoast.com\/product\/yoast-seo-premium-wordpress\/ -->\n<title>Vielen Dank | Anfrage erhalten | Cirasync CSOP<\/title>\n<meta name=\"description\" content=\"Danke f\u00fcr Ihr Interesse an CiraSync On-Prem. Wir haben Ihre Anfrage erhalten und werden uns bald bez\u00fcglich Exchange-Synchronisierungsl\u00f6sungen bei Ihnen melden.\" \/>\n<meta name=\"robots\" content=\"index, follow, max-snippet:-1, max-image-preview:large, max-video-preview:-1\" \/>\n<link rel=\"canonical\" href=\"https:\/\/csop.cirasync.com\/de\/vielen-dank2\/\" \/>\n<meta property=\"og:locale\" content=\"de_DE\" \/>\n<meta property=\"og:type\" content=\"article\" \/>\n<meta property=\"og:title\" content=\"Vielen Dank2\" \/>\n<meta property=\"og:description\" content=\"Danke f\u00fcr Ihr Interesse an CiraSync On-Prem. Wir haben Ihre Anfrage erhalten und werden uns bald bez\u00fcglich Exchange-Synchronisierungsl\u00f6sungen bei Ihnen melden.\" \/>\n<meta property=\"og:url\" content=\"https:\/\/csop.cirasync.com\/de\/vielen-dank2\/\" \/>\n<meta property=\"og:site_name\" content=\"CiraSync On-Prem - Sync Global Address List and Public Folders\" \/>\n<meta property=\"article:publisher\" content=\"https:\/\/www.facebook.com\/itrezzo\" \/>\n<meta property=\"article:modified_time\" content=\"2026-03-25T04:16:53+00:00\" \/>\n<meta name=\"twitter:card\" content=\"summary_large_image\" \/>\n<meta name=\"twitter:site\" content=\"@itrezzo\" \/>\n<script type=\"application\/ld+json\" class=\"yoast-schema-graph\">{\"@context\":\"https:\\\/\\\/schema.org\",\"@graph\":[{\"@type\":\"WebPage\",\"@id\":\"https:\\\/\\\/csop.cirasync.com\\\/de\\\/vielen-dank2\\\/\",\"url\":\"https:\\\/\\\/csop.cirasync.com\\\/de\\\/vielen-dank2\\\/\",\"name\":\"Vielen Dank | Anfrage erhalten | Cirasync CSOP\",\"isPartOf\":{\"@id\":\"https:\\\/\\\/csop.cirasync.com\\\/de\\\/#website\"},\"datePublished\":\"2021-01-08T20:39:35+00:00\",\"dateModified\":\"2026-03-25T04:16:53+00:00\",\"description\":\"Danke f\u00fcr Ihr Interesse an CiraSync On-Prem. Wir haben Ihre Anfrage erhalten und werden uns bald bez\u00fcglich Exchange-Synchronisierungsl\u00f6sungen bei Ihnen melden.\",\"breadcrumb\":{\"@id\":\"https:\\\/\\\/csop.cirasync.com\\\/de\\\/vielen-dank2\\\/#breadcrumb\"},\"inLanguage\":\"de\",\"potentialAction\":[{\"@type\":\"ReadAction\",\"target\":[\"https:\\\/\\\/csop.cirasync.com\\\/de\\\/vielen-dank2\\\/\"]}]},{\"@type\":\"BreadcrumbList\",\"@id\":\"https:\\\/\\\/csop.cirasync.com\\\/de\\\/vielen-dank2\\\/#breadcrumb\",\"itemListElement\":[{\"@type\":\"ListItem\",\"position\":1,\"name\":\"Home\",\"item\":\"https:\\\/\\\/csop.cirasync.com\\\/de\\\/\"},{\"@type\":\"ListItem\",\"position\":2,\"name\":\"Vielen Dank2\"}]},{\"@type\":\"WebSite\",\"@id\":\"https:\\\/\\\/csop.cirasync.com\\\/de\\\/#website\",\"url\":\"https:\\\/\\\/csop.cirasync.com\\\/de\\\/\",\"name\":\"CiraSync On-Prem - Sync Global Address List and Public Folders\",\"description\":\"Sync the GAL and Public Folders to Outlook and smartphones\",\"publisher\":{\"@id\":\"https:\\\/\\\/csop.cirasync.com\\\/de\\\/#organization\"},\"potentialAction\":[{\"@type\":\"SearchAction\",\"target\":{\"@type\":\"EntryPoint\",\"urlTemplate\":\"https:\\\/\\\/csop.cirasync.com\\\/de\\\/?s={search_term_string}\"},\"query-input\":{\"@type\":\"PropertyValueSpecification\",\"valueRequired\":true,\"valueName\":\"search_term_string\"}}],\"inLanguage\":\"de\"},{\"@type\":\"Organization\",\"@id\":\"https:\\\/\\\/csop.cirasync.com\\\/de\\\/#organization\",\"name\":\"CiraSync On-Prem contact management and sync software\",\"url\":\"https:\\\/\\\/csop.cirasync.com\\\/de\\\/\",\"logo\":{\"@type\":\"ImageObject\",\"inLanguage\":\"de\",\"@id\":\"https:\\\/\\\/csop.cirasync.com\\\/de\\\/#\\\/schema\\\/logo\\\/image\\\/\",\"url\":\"https:\\\/\\\/csop.cirasync.com\\\/wp-content\\\/uploads\\\/2020\\\/04\\\/logo.png\",\"contentUrl\":\"https:\\\/\\\/csop.cirasync.com\\\/wp-content\\\/uploads\\\/2020\\\/04\\\/logo.png\",\"width\":172,\"height\":40,\"caption\":\"CiraSync On-Prem contact management and sync software\"},\"image\":{\"@id\":\"https:\\\/\\\/csop.cirasync.com\\\/de\\\/#\\\/schema\\\/logo\\\/image\\\/\"},\"sameAs\":[\"https:\\\/\\\/www.facebook.com\\\/itrezzo\",\"https:\\\/\\\/x.com\\\/itrezzo\",\"https:\\\/\\\/www.linkedin.com\\\/company\\\/sync-the-global-address-list-to-an-iphone-android-or-blackberry\",\"https:\\\/\\\/www.youtube.com\\\/channel\\\/UCyAwGMuXo3HPNDpZeBAQyNQ\"]}]}<\/script>\n<!-- \/ Yoast SEO Premium plugin. -->","yoast_head_json":{"title":"Vielen Dank | Anfrage erhalten | Cirasync CSOP","description":"Danke f\u00fcr Ihr Interesse an CiraSync On-Prem. Wir haben Ihre Anfrage erhalten und werden uns bald bez\u00fcglich Exchange-Synchronisierungsl\u00f6sungen bei Ihnen melden.","robots":{"index":"index","follow":"follow","max-snippet":"max-snippet:-1","max-image-preview":"max-image-preview:large","max-video-preview":"max-video-preview:-1"},"canonical":"https:\/\/csop.cirasync.com\/de\/vielen-dank2\/","og_locale":"de_DE","og_type":"article","og_title":"Vielen Dank2","og_description":"Danke f\u00fcr Ihr Interesse an CiraSync On-Prem. Wir haben Ihre Anfrage erhalten und werden uns bald bez\u00fcglich Exchange-Synchronisierungsl\u00f6sungen bei Ihnen melden.","og_url":"https:\/\/csop.cirasync.com\/de\/vielen-dank2\/","og_site_name":"CiraSync On-Prem - Sync Global Address List and Public Folders","article_publisher":"https:\/\/www.facebook.com\/itrezzo","article_modified_time":"2026-03-25T04:16:53+00:00","twitter_card":"summary_large_image","twitter_site":"@itrezzo","schema":{"@context":"https:\/\/schema.org","@graph":[{"@type":"WebPage","@id":"https:\/\/csop.cirasync.com\/de\/vielen-dank2\/","url":"https:\/\/csop.cirasync.com\/de\/vielen-dank2\/","name":"Vielen Dank | Anfrage erhalten | Cirasync CSOP","isPartOf":{"@id":"https:\/\/csop.cirasync.com\/de\/#website"},"datePublished":"2021-01-08T20:39:35+00:00","dateModified":"2026-03-25T04:16:53+00:00","description":"Danke f\u00fcr Ihr Interesse an CiraSync On-Prem. Wir haben Ihre Anfrage erhalten und werden uns bald bez\u00fcglich Exchange-Synchronisierungsl\u00f6sungen bei Ihnen melden.","breadcrumb":{"@id":"https:\/\/csop.cirasync.com\/de\/vielen-dank2\/#breadcrumb"},"inLanguage":"de","potentialAction":[{"@type":"ReadAction","target":["https:\/\/csop.cirasync.com\/de\/vielen-dank2\/"]}]},{"@type":"BreadcrumbList","@id":"https:\/\/csop.cirasync.com\/de\/vielen-dank2\/#breadcrumb","itemListElement":[{"@type":"ListItem","position":1,"name":"Home","item":"https:\/\/csop.cirasync.com\/de\/"},{"@type":"ListItem","position":2,"name":"Vielen Dank2"}]},{"@type":"WebSite","@id":"https:\/\/csop.cirasync.com\/de\/#website","url":"https:\/\/csop.cirasync.com\/de\/","name":"CiraSync On-Prem - Sync Global Address List and Public Folders","description":"Sync the GAL and Public Folders to Outlook and smartphones","publisher":{"@id":"https:\/\/csop.cirasync.com\/de\/#organization"},"potentialAction":[{"@type":"SearchAction","target":{"@type":"EntryPoint","urlTemplate":"https:\/\/csop.cirasync.com\/de\/?s={search_term_string}"},"query-input":{"@type":"PropertyValueSpecification","valueRequired":true,"valueName":"search_term_string"}}],"inLanguage":"de"},{"@type":"Organization","@id":"https:\/\/csop.cirasync.com\/de\/#organization","name":"CiraSync On-Prem contact management and sync software","url":"https:\/\/csop.cirasync.com\/de\/","logo":{"@type":"ImageObject","inLanguage":"de","@id":"https:\/\/csop.cirasync.com\/de\/#\/schema\/logo\/image\/","url":"https:\/\/csop.cirasync.com\/wp-content\/uploads\/2020\/04\/logo.png","contentUrl":"https:\/\/csop.cirasync.com\/wp-content\/uploads\/2020\/04\/logo.png","width":172,"height":40,"caption":"CiraSync On-Prem contact management and sync software"},"image":{"@id":"https:\/\/csop.cirasync.com\/de\/#\/schema\/logo\/image\/"},"sameAs":["https:\/\/www.facebook.com\/itrezzo","https:\/\/x.com\/itrezzo","https:\/\/www.linkedin.com\/company\/sync-the-global-address-list-to-an-iphone-android-or-blackberry","https:\/\/www.youtube.com\/channel\/UCyAwGMuXo3HPNDpZeBAQyNQ"]}]}},"_links":{"self":[{"href":"https:\/\/csop.cirasync.com\/de\/wp-json\/wp\/v2\/pages\/6582","targetHints":{"allow":["GET"]}}],"collection":[{"href":"https:\/\/csop.cirasync.com\/de\/wp-json\/wp\/v2\/pages"}],"about":[{"href":"https:\/\/csop.cirasync.com\/de\/wp-json\/wp\/v2\/types\/page"}],"author":[{"embeddable":true,"href":"https:\/\/csop.cirasync.com\/de\/wp-json\/wp\/v2\/users\/4"}],"replies":[{"embeddable":true,"href":"https:\/\/csop.cirasync.com\/de\/wp-json\/wp\/v2\/comments?post=6582"}],"version-history":[{"count":10,"href":"https:\/\/csop.cirasync.com\/de\/wp-json\/wp\/v2\/pages\/6582\/revisions"}],"predecessor-version":[{"id":13449,"href":"https:\/\/csop.cirasync.com\/de\/wp-json\/wp\/v2\/pages\/6582\/revisions\/13449"}],"wp:attachment":[{"href":"https:\/\/csop.cirasync.com\/de\/wp-json\/wp\/v2\/media?parent=6582"}],"curies":[{"name":"wp","href":"https:\/\/api.w.org\/{rel}","templated":true}]}}