{"id":6391,"date":"2021-01-08T13:38:50","date_gmt":"2021-01-08T20:38:50","guid":{"rendered":"https:\/\/csop.cirasync.com\/aktualisieren-synchronisieren-und-verteilen-sie-kontaktdatenbanken-mit-csop\/mobile-app-lizenz\/"},"modified":"2026-01-26T15:21:27","modified_gmt":"2026-01-26T21:21:27","slug":"mobile-app-lizenz","status":"publish","type":"page","link":"https:\/\/csop.cirasync.com\/de\/aktualisieren-synchronisieren-und-verteilen-sie-kontaktdatenbanken-mit-csop\/mobile-app-lizenz\/","title":{"rendered":"Mobile App Lizenz"},"content":{"rendered":"<p>[et_pb_section fb_built=&#8220;1&#8243; fullwidth=&#8220;on&#8220; admin_label=&#8220;Section&#8220; _builder_version=&#8220;4.4.7&#8243;][et_pb_fullwidth_header title=&#8220;Endbenutzer-Lizenzvereinbarung f\u00fcr mobile Anwendungen&#8220; _builder_version=&#8220;4.4.7&#8243;][\/et_pb_fullwidth_header][\/et_pb_section][et_pb_section fb_built=&#8220;1&#8243; _builder_version=&#8220;4.4.7&#8243;][et_pb_row _builder_version=&#8220;4.4.7&#8243;][et_pb_column type=&#8220;4_4&#8243; _builder_version=&#8220;4.4.7&#8243;][et_pb_text _builder_version=&#8220;4.4.7&#8243; custom_padding=&#8220;||0px|||&#8220;]<\/p>\n<p>Bitte lesen Sie diese Endbenutzer-Lizenzvereinbarung f\u00fcr mobile Anwendungen (\u201e<strong> EULA<\/strong> \u201d) Sorgf\u00e4ltig vor dem Herunterladen oder Verwenden von itrezzo, Inc. (\u201c<strong> itrezzo<\/strong> \u201d) Mobile Anwendung (die\u201c<strong> App<\/strong>\u201d). Diese EULA bildet eine verbindliche rechtliche Vereinbarung zwischen Ihnen (und jeder anderen Einrichtung, in deren Namen Sie diese Bedingungen akzeptieren) (zusammen \u201e<strong>Sie<\/strong> &#8220; oder &#8222;<strong> Ihre<\/strong> \u201d) Und CiraSync On-Prem (jeweils separat ein\u201c<strong> Party<\/strong> &#8222;Und gemeinsam die&#8220;<strong> Parteien<\/strong>\u201d) Ab dem Datum, an dem Sie die Mobile App heruntergeladen haben. Ihre Nutzung der mobilen App unterliegt dieser EULA.<\/p>\n<p><strong>Lizenz. <\/strong>CiraSync On-Prem gew\u00e4hrt Ihnen eine widerrufliche, nicht exklusive, nicht \u00fcbertragbare, beschr\u00e4nkte Lizenz zum Herunterladen, Installieren und Verwenden der mobilen App f\u00fcr Ihre pers\u00f6nlichen und gesch\u00e4ftlichen Zwecke, die ausschlie\u00dflich dieser EULA und dem Abonnementvertrag entspricht.<\/p>\n<p><strong>\u00c4nderungen an dieser EULA.<\/strong> CiraSync On-Prem beh\u00e4lt sich das Recht vor, diese EULA jederzeit und aus beliebigen Gr\u00fcnden zu \u00e4ndern. CiraSync On-Prem wird die aktuellste Version dieser EULA ver\u00f6ffentlichen unter:<br \/>\n<a title=\"Mobile Application End-User License Agreement\" href=\"https:\/\/csop.cirasync.com\/de\/aktualisieren-synchronisieren-und-verteilen-sie-kontaktdatenbanken-mit-csop\/mobile-app-lizenz\/\">https:\/\/csop.cirasync.com\/About\/MobileAppLicense<\/a> .<\/p>\n<p>Sie sind daf\u00fcr verantwortlich, die aktualisierten Bedingungen einzuhalten, die online auf der Website von CiraSync On-Prem ver\u00f6ffentlicht wurden, auch wenn diese aktualisierten Bedingungen online auf der Website von CiraSync On-Prem erscheinen, bevor sie in der mobilen App ver\u00f6ffentlicht werden. Wenn Sie die Mobile App weiterhin nutzen, nachdem CiraSync On-Prem \u00c4nderungen an dieser EULA ver\u00f6ffentlicht hat, erkl\u00e4ren Sie sich mit den aktualisierten Bedingungen einverstanden.<\/p>\n<p><strong>Keine Wartung und Support inbegriffen. <\/strong>CiraSync On-Prem kann jederzeit \u00c4nderungen, Aktualisierungen oder Verbesserungen an der Mobile App bereitstellen. CiraSync On-Prem bietet m\u00f6glicherweise Wartung und Support f\u00fcr die mobile App, ist jedoch in keiner Weise verpflichtet, Ihnen solche Dienste bereitzustellen, und kann diese Dienste jederzeit ohne vorherige Ank\u00fcndigung k\u00fcndigen. Sie erkennen an, dass weder Apple (f\u00fcr iOS Mobile App) noch Google (f\u00fcr Android Mobile App) verpflichtet sind, Wartungs- oder Supportdienste im Zusammenhang mit der Mobile App bereitzustellen.<\/p>\n<p><strong>Privatsph\u00e4re. <\/strong>Um die mobile App zu betreiben und bereitzustellen, m\u00fcssen Sie bei CiraSync On-Prem Ihre E-Mail-Adresse registrieren und sich f\u00fcr eine viertelj\u00e4hrliche E-Mail von CiraSync On-Prem anmelden. CiraSync On-Prem hat weder Zugriff auf den Inhalt Ihrer E-Mail-Kommunikation, noch zeichnet es Ihr Passwort auf oder hat Zugriff darauf. CiraSync On-Prem gibt Ihre Kontaktinformationen nur an seine Tochtergesellschaft Cira Apps, Ltd. weiter. CiraSync On-Prem verwendet und sch\u00fctzt diese Informationen gem\u00e4\u00df der itrezzo-Datenschutzerkl\u00e4rung (eine aktuelle Version finden Sie unter <a title=\"CiraSync On-Prem Privacy Policy\" href=\"https:\/\/csop.cirasync.com\/de\/?page_id=6502\">https:\/\/csop.cirasync.com\/About\/Privacy<\/a><\/p>\n<p><strong>Zustimmung zur elektronischen Kommunikation und Werbung. <\/strong>Durch das Herunterladen der mobilen App erm\u00e4chtigen Sie itrezzo, Ihnen Informationen (einschlie\u00dflich per E-Mail und Push-Benachrichtigungen) zur mobilen App zu senden, z. (a) Hinweise auf Ihre Nutzung der mobilen App, einschlie\u00dflich Hinweise auf Verst\u00f6\u00dfe gegen die Nutzung; (b) Aktualisierungen der mobilen App und neuer Funktionen oder Produkte; und (c) Werbeinformationen und -materialien zu den Produkten und Dienstleistungen von itrezzo.<\/p>\n<p><strong>Keine Garantie. <\/strong>DIE NUTZUNG DER MOBILEN APP ERFOLGT AUF EIGENES RISIKO. DIE MOBILE APP WIRD &#8222;WIE BESEHEN&#8220; UND &#8222;WIE VERF\u00dcGBAR&#8220; ZUR VERF\u00dcGUNG GESTELLT. ITREZZO SCHLIESST AUSDR\u00dcCKLICH JEGLICHE AUSDR\u00dcCKLICHE ODER STILLSCHWEIGENDE GEW\u00c4HRLEISTUNGEN AUS, EINSCHLIESSLICH DER STILLSCHWEIGENDEN GEW\u00c4HRLEISTUNGEN F\u00dcR MARKTG\u00c4NGIGKEIT, EIGNUNG F\u00dcR EINEN BESTIMMTEN ZWECK UND NICHTVERLETZUNG. ITREZZO \u00dcBERNIMMT KEINE VERANTWORTUNG F\u00dcR VERLUSTE ODER SCH\u00c4DEN, DIE AUS IHRER NUTZUNG DER MOBILEN APP ENTSTEHEN ODER IM ZUSAMMENHANG STEHEN.<\/p>\n<p>Die Mobile App ist nur f\u00fcr unterst\u00fctzte Ger\u00e4te verf\u00fcgbar und funktioniert m\u00f6glicherweise nicht auf jedem Ger\u00e4t. Die Entscheidung, ob Ihr Ger\u00e4t ein unterst\u00fctztes oder kompatibles Ger\u00e4t f\u00fcr die Verwendung der mobilen App ist, liegt ausschlie\u00dflich in Ihrer Verantwortung. Das Herunterladen der mobilen App erfolgt auf eigenes Risiko. CiraSync On-Prem \u00fcbernimmt keine Garantie oder Gew\u00e4hrleistung daf\u00fcr, dass die Mobile App und Ihr Ger\u00e4t kompatibel sind oder dass die Mobile App auf Ihrem Ger\u00e4t funktioniert.<\/p>\n<p style=\"padding-left: 30px;\"><strong>iOS-Anwendung. <\/strong>Soweit nach geltendem Recht zul\u00e4ssig, hat Apple keine weiteren Gew\u00e4hrleistungsverpflichtungen in Bezug auf (A) DIE MOBILE APP UND (B) JEGLICHE ANDEREN ANSPR\u00dcCHE, VERLUSTE, HAFTUNGEN, SCH\u00c4DEN, KOSTEN ODER AUSGABEN, DIE AUF EINEN AUSFALL EINER GARANTIE zur\u00fcckzuf\u00fchren sind.<\/p>\n<p style=\"padding-left: 30px;\"><strong>Android-Anwendung. <\/strong>GOOGLE SCHLIESST AUSDR\u00dcCKLICH JEGLICHE GEW\u00c4HRLEISTUNGEN UND BEDINGUNGEN JEGLICHER ART AUS, AUSDR\u00dcCKLICH ODER STILLSCHWEIGEND, EINSCHLIESSLICH DER STILLSCHWEIGENDEN GEW\u00c4HRLEISTUNGEN UND BEDINGUNGEN F\u00dcR MARKTG\u00c4NGIGKEIT, EIGNUNG F\u00dcR EINEN BESTIMMTEN ZWECK.<\/p>\n<p><strong>Aussetzung und Beendigung der mobilen App. <\/strong>CiraSync On-Prem beh\u00e4lt sich das Recht vor, Ihren Zugriff auf die mobile App auszusetzen oder zu beenden, wenn Sie gegen diese Vereinbarung oder verwandte Bedingungen f\u00fcr Ihre Nutzung der Dienste von CiraSync On-Prem versto\u00dfen.<\/p>\n<p>&nbsp;<\/p>\n<p><strong>Rechte an geistigem Eigentum. <\/strong>F\u00fcr den Fall, dass Dritte behaupten, dass die Mobile App oder Ihr Besitz und Ihre Nutzung der Mobile App die Rechte an geistigem Eigentum Dritter verletzt, ist CiraSync On-Prem allein f\u00fcr die Untersuchung, Verteidigung, Beilegung und Behebung solcher Verst\u00f6\u00dfe gegen geistiges Eigentum verantwortlich Anspruch.<\/p>\n<p>&nbsp;<\/p>\n<p><strong>Einhaltung gesetzlicher Bestimmungen. <\/strong>Sie versichern und garantieren, dass: (a) Sie befinden sich nicht in einem Land, das einem Embargo der US-Regierung unterliegt oder das unter Titel 15, Teil 740, Beilage 1, L\u00e4ndergruppe E des US-amerikanischen Code of Federal Regulations steht. (b) Sie befinden sich nicht in einem Land, das von der Regierung der Vereinigten Staaten als Land zur Unterst\u00fctzung von Terroristen ausgewiesen wurde. und (c) Sie sind nicht auf einer Liste verbotener oder eingeschr\u00e4nkter Parteien der US-Regierung aufgef\u00fchrt. Sie erkl\u00e4ren sich ferner damit einverstanden, die Mobile App nicht in ein solches Land zu transportieren oder zu verwenden.<\/p>\n<p>&nbsp;<\/p>\n<p><strong>Drittbeg\u00fcnstigte. <\/strong>Diese EULA wird zwischen Ihnen und CiraSync On-Prem und nicht zwischen Ihnen und einer anderen Partei ausgef\u00fchrt, einschlie\u00dflich Apple f\u00fcr iOS-Benutzer und Google f\u00fcr Android-Benutzer. Sie erkl\u00e4ren sich damit einverstanden, dass Anspr\u00fcche, die Sie aufgrund dieser EULA oder Ihrer Nutzung der mobilen App geltend machen, nicht gegen Apple oder Google geltend gemacht werden. Ungeachtet des Vorstehenden erm\u00f6glicht Ihre Annahme dieser EULA Apple oder Google, diese EULA gegebenenfalls gegen Sie als Drittbeg\u00fcnstigten durchzusetzen. CiraSync On-Prem ist nicht verantwortlich f\u00fcr geltende Vereinbarungen Dritter zwischen Ihnen und Ihren Dritten, einschlie\u00dflich Ihres Mobilfunkanbieters.<\/p>\n<p>[\/et_pb_text][\/et_pb_column][\/et_pb_row][\/et_pb_section]<\/p>\n","protected":false},"excerpt":{"rendered":"<p>Bitte lesen Sie diese Endbenutzer-Lizenzvereinbarung f\u00fcr mobile Anwendungen (\u201e EULA \u201d) Sorgf\u00e4ltig vor dem Herunterladen oder Verwenden von itrezzo, Inc. (\u201c itrezzo \u201d) Mobile Anwendung (die\u201c App\u201d). Diese EULA bildet eine verbindliche rechtliche Vereinbarung zwischen Ihnen (und jeder anderen Einrichtung, in deren Namen Sie diese Bedingungen akzeptieren) (zusammen \u201eSie &#8220; oder &#8220; Ihre \u201d) Und [&hellip;]<\/p>\n","protected":false},"author":3,"featured_media":0,"parent":6087,"menu_order":0,"comment_status":"closed","ping_status":"closed","template":"","meta":{"_et_pb_use_builder":"on","_et_pb_old_content":"","_et_gb_content_width":"","inline_featured_image":false,"footnotes":""},"class_list":["post-6391","page","type-page","status-publish","hentry"],"yoast_head":"<!-- This site is optimized with the Yoast SEO Premium plugin v27.1 (Yoast SEO v27.4) - https:\/\/yoast.com\/product\/yoast-seo-premium-wordpress\/ -->\n<title>Mobile App Lizenz<\/title>\n<meta name=\"description\" content=\"Mobile App Lizenz f\u00c3\u00bcr CSOP On-Prem: Bedingungen, Nutzung und Anforderungen. Pr\u00c3\u00bcfen Sie Details vor dem Rollout auf Ger\u00c3\u00a4te.\" \/>\n<meta name=\"robots\" content=\"index, follow, max-snippet:-1, max-image-preview:large, max-video-preview:-1\" \/>\n<link rel=\"canonical\" href=\"https:\/\/csop.cirasync.com\/de\/aktualisieren-synchronisieren-und-verteilen-sie-kontaktdatenbanken-mit-csop\/mobile-app-lizenz\/\" \/>\n<meta property=\"og:locale\" content=\"de_DE\" \/>\n<meta property=\"og:type\" content=\"article\" \/>\n<meta property=\"og:title\" content=\"Mobile App Lizenz\" \/>\n<meta property=\"og:description\" content=\"Mobile App Lizenz f\u00c3\u00bcr CSOP On-Prem: Bedingungen, Nutzung und Anforderungen. Pr\u00c3\u00bcfen Sie Details vor dem Rollout auf Ger\u00c3\u00a4te.\" \/>\n<meta property=\"og:url\" content=\"https:\/\/csop.cirasync.com\/de\/aktualisieren-synchronisieren-und-verteilen-sie-kontaktdatenbanken-mit-csop\/mobile-app-lizenz\/\" \/>\n<meta property=\"og:site_name\" content=\"CiraSync On-Prem - Sync Global Address List and Public Folders\" \/>\n<meta property=\"article:publisher\" content=\"https:\/\/www.facebook.com\/itrezzo\" \/>\n<meta property=\"article:modified_time\" content=\"2026-01-26T21:21:27+00:00\" \/>\n<meta name=\"twitter:card\" content=\"summary_large_image\" \/>\n<meta name=\"twitter:site\" content=\"@itrezzo\" \/>\n<script type=\"application\/ld+json\" class=\"yoast-schema-graph\">{\"@context\":\"https:\\\/\\\/schema.org\",\"@graph\":[{\"@type\":\"WebPage\",\"@id\":\"https:\\\/\\\/csop.cirasync.com\\\/de\\\/aktualisieren-synchronisieren-und-verteilen-sie-kontaktdatenbanken-mit-csop\\\/mobile-app-lizenz\\\/\",\"url\":\"https:\\\/\\\/csop.cirasync.com\\\/de\\\/aktualisieren-synchronisieren-und-verteilen-sie-kontaktdatenbanken-mit-csop\\\/mobile-app-lizenz\\\/\",\"name\":\"Mobile App Lizenz\",\"isPartOf\":{\"@id\":\"https:\\\/\\\/csop.cirasync.com\\\/de\\\/#website\"},\"datePublished\":\"2021-01-08T20:38:50+00:00\",\"dateModified\":\"2026-01-26T21:21:27+00:00\",\"description\":\"Mobile App Lizenz f\u00c3\u00bcr CSOP On-Prem: Bedingungen, Nutzung und Anforderungen. Pr\u00c3\u00bcfen Sie Details vor dem Rollout auf Ger\u00c3\u00a4te.\",\"breadcrumb\":{\"@id\":\"https:\\\/\\\/csop.cirasync.com\\\/de\\\/aktualisieren-synchronisieren-und-verteilen-sie-kontaktdatenbanken-mit-csop\\\/mobile-app-lizenz\\\/#breadcrumb\"},\"inLanguage\":\"de\",\"potentialAction\":[{\"@type\":\"ReadAction\",\"target\":[\"https:\\\/\\\/csop.cirasync.com\\\/de\\\/aktualisieren-synchronisieren-und-verteilen-sie-kontaktdatenbanken-mit-csop\\\/mobile-app-lizenz\\\/\"]}]},{\"@type\":\"BreadcrumbList\",\"@id\":\"https:\\\/\\\/csop.cirasync.com\\\/de\\\/aktualisieren-synchronisieren-und-verteilen-sie-kontaktdatenbanken-mit-csop\\\/mobile-app-lizenz\\\/#breadcrumb\",\"itemListElement\":[{\"@type\":\"ListItem\",\"position\":1,\"name\":\"Home\",\"item\":\"https:\\\/\\\/csop.cirasync.com\\\/de\\\/\"},{\"@type\":\"ListItem\",\"position\":2,\"name\":\"Aktualisieren, synchronisieren und verteilen Sie Kontaktdatenbanken mit CiraSync On-Prem\",\"item\":\"https:\\\/\\\/csop.cirasync.com\\\/de\\\/aktualisieren-synchronisieren-und-verteilen-sie-kontaktdatenbanken-mit-csop\\\/\"},{\"@type\":\"ListItem\",\"position\":3,\"name\":\"Mobile App Lizenz\"}]},{\"@type\":\"WebSite\",\"@id\":\"https:\\\/\\\/csop.cirasync.com\\\/de\\\/#website\",\"url\":\"https:\\\/\\\/csop.cirasync.com\\\/de\\\/\",\"name\":\"CiraSync On-Prem - Sync Global Address List and Public Folders\",\"description\":\"Sync the GAL and Public Folders to Outlook and smartphones\",\"publisher\":{\"@id\":\"https:\\\/\\\/csop.cirasync.com\\\/de\\\/#organization\"},\"potentialAction\":[{\"@type\":\"SearchAction\",\"target\":{\"@type\":\"EntryPoint\",\"urlTemplate\":\"https:\\\/\\\/csop.cirasync.com\\\/de\\\/?s={search_term_string}\"},\"query-input\":{\"@type\":\"PropertyValueSpecification\",\"valueRequired\":true,\"valueName\":\"search_term_string\"}}],\"inLanguage\":\"de\"},{\"@type\":\"Organization\",\"@id\":\"https:\\\/\\\/csop.cirasync.com\\\/de\\\/#organization\",\"name\":\"CiraSync On-Prem contact management and sync software\",\"url\":\"https:\\\/\\\/csop.cirasync.com\\\/de\\\/\",\"logo\":{\"@type\":\"ImageObject\",\"inLanguage\":\"de\",\"@id\":\"https:\\\/\\\/csop.cirasync.com\\\/de\\\/#\\\/schema\\\/logo\\\/image\\\/\",\"url\":\"https:\\\/\\\/csop.cirasync.com\\\/wp-content\\\/uploads\\\/2020\\\/04\\\/logo.png\",\"contentUrl\":\"https:\\\/\\\/csop.cirasync.com\\\/wp-content\\\/uploads\\\/2020\\\/04\\\/logo.png\",\"width\":172,\"height\":40,\"caption\":\"CiraSync On-Prem contact management and sync software\"},\"image\":{\"@id\":\"https:\\\/\\\/csop.cirasync.com\\\/de\\\/#\\\/schema\\\/logo\\\/image\\\/\"},\"sameAs\":[\"https:\\\/\\\/www.facebook.com\\\/itrezzo\",\"https:\\\/\\\/x.com\\\/itrezzo\",\"https:\\\/\\\/www.linkedin.com\\\/company\\\/sync-the-global-address-list-to-an-iphone-android-or-blackberry\",\"https:\\\/\\\/www.youtube.com\\\/channel\\\/UCyAwGMuXo3HPNDpZeBAQyNQ\"]}]}<\/script>\n<!-- \/ Yoast SEO Premium plugin. -->","yoast_head_json":{"title":"Mobile App Lizenz","description":"Mobile App Lizenz f\u00c3\u00bcr CSOP On-Prem: Bedingungen, Nutzung und Anforderungen. Pr\u00c3\u00bcfen Sie Details vor dem Rollout auf Ger\u00c3\u00a4te.","robots":{"index":"index","follow":"follow","max-snippet":"max-snippet:-1","max-image-preview":"max-image-preview:large","max-video-preview":"max-video-preview:-1"},"canonical":"https:\/\/csop.cirasync.com\/de\/aktualisieren-synchronisieren-und-verteilen-sie-kontaktdatenbanken-mit-csop\/mobile-app-lizenz\/","og_locale":"de_DE","og_type":"article","og_title":"Mobile App Lizenz","og_description":"Mobile App Lizenz f\u00c3\u00bcr CSOP On-Prem: Bedingungen, Nutzung und Anforderungen. Pr\u00c3\u00bcfen Sie Details vor dem Rollout auf Ger\u00c3\u00a4te.","og_url":"https:\/\/csop.cirasync.com\/de\/aktualisieren-synchronisieren-und-verteilen-sie-kontaktdatenbanken-mit-csop\/mobile-app-lizenz\/","og_site_name":"CiraSync On-Prem - Sync Global Address List and Public Folders","article_publisher":"https:\/\/www.facebook.com\/itrezzo","article_modified_time":"2026-01-26T21:21:27+00:00","twitter_card":"summary_large_image","twitter_site":"@itrezzo","schema":{"@context":"https:\/\/schema.org","@graph":[{"@type":"WebPage","@id":"https:\/\/csop.cirasync.com\/de\/aktualisieren-synchronisieren-und-verteilen-sie-kontaktdatenbanken-mit-csop\/mobile-app-lizenz\/","url":"https:\/\/csop.cirasync.com\/de\/aktualisieren-synchronisieren-und-verteilen-sie-kontaktdatenbanken-mit-csop\/mobile-app-lizenz\/","name":"Mobile App Lizenz","isPartOf":{"@id":"https:\/\/csop.cirasync.com\/de\/#website"},"datePublished":"2021-01-08T20:38:50+00:00","dateModified":"2026-01-26T21:21:27+00:00","description":"Mobile App Lizenz f\u00c3\u00bcr CSOP On-Prem: Bedingungen, Nutzung und Anforderungen. Pr\u00c3\u00bcfen Sie Details vor dem Rollout auf Ger\u00c3\u00a4te.","breadcrumb":{"@id":"https:\/\/csop.cirasync.com\/de\/aktualisieren-synchronisieren-und-verteilen-sie-kontaktdatenbanken-mit-csop\/mobile-app-lizenz\/#breadcrumb"},"inLanguage":"de","potentialAction":[{"@type":"ReadAction","target":["https:\/\/csop.cirasync.com\/de\/aktualisieren-synchronisieren-und-verteilen-sie-kontaktdatenbanken-mit-csop\/mobile-app-lizenz\/"]}]},{"@type":"BreadcrumbList","@id":"https:\/\/csop.cirasync.com\/de\/aktualisieren-synchronisieren-und-verteilen-sie-kontaktdatenbanken-mit-csop\/mobile-app-lizenz\/#breadcrumb","itemListElement":[{"@type":"ListItem","position":1,"name":"Home","item":"https:\/\/csop.cirasync.com\/de\/"},{"@type":"ListItem","position":2,"name":"Aktualisieren, synchronisieren und verteilen Sie Kontaktdatenbanken mit CiraSync On-Prem","item":"https:\/\/csop.cirasync.com\/de\/aktualisieren-synchronisieren-und-verteilen-sie-kontaktdatenbanken-mit-csop\/"},{"@type":"ListItem","position":3,"name":"Mobile App Lizenz"}]},{"@type":"WebSite","@id":"https:\/\/csop.cirasync.com\/de\/#website","url":"https:\/\/csop.cirasync.com\/de\/","name":"CiraSync On-Prem - Sync Global Address List and Public Folders","description":"Sync the GAL and Public Folders to Outlook and smartphones","publisher":{"@id":"https:\/\/csop.cirasync.com\/de\/#organization"},"potentialAction":[{"@type":"SearchAction","target":{"@type":"EntryPoint","urlTemplate":"https:\/\/csop.cirasync.com\/de\/?s={search_term_string}"},"query-input":{"@type":"PropertyValueSpecification","valueRequired":true,"valueName":"search_term_string"}}],"inLanguage":"de"},{"@type":"Organization","@id":"https:\/\/csop.cirasync.com\/de\/#organization","name":"CiraSync On-Prem contact management and sync software","url":"https:\/\/csop.cirasync.com\/de\/","logo":{"@type":"ImageObject","inLanguage":"de","@id":"https:\/\/csop.cirasync.com\/de\/#\/schema\/logo\/image\/","url":"https:\/\/csop.cirasync.com\/wp-content\/uploads\/2020\/04\/logo.png","contentUrl":"https:\/\/csop.cirasync.com\/wp-content\/uploads\/2020\/04\/logo.png","width":172,"height":40,"caption":"CiraSync On-Prem contact management and sync software"},"image":{"@id":"https:\/\/csop.cirasync.com\/de\/#\/schema\/logo\/image\/"},"sameAs":["https:\/\/www.facebook.com\/itrezzo","https:\/\/x.com\/itrezzo","https:\/\/www.linkedin.com\/company\/sync-the-global-address-list-to-an-iphone-android-or-blackberry","https:\/\/www.youtube.com\/channel\/UCyAwGMuXo3HPNDpZeBAQyNQ"]}]}},"_links":{"self":[{"href":"https:\/\/csop.cirasync.com\/de\/wp-json\/wp\/v2\/pages\/6391","targetHints":{"allow":["GET"]}}],"collection":[{"href":"https:\/\/csop.cirasync.com\/de\/wp-json\/wp\/v2\/pages"}],"about":[{"href":"https:\/\/csop.cirasync.com\/de\/wp-json\/wp\/v2\/types\/page"}],"author":[{"embeddable":true,"href":"https:\/\/csop.cirasync.com\/de\/wp-json\/wp\/v2\/users\/3"}],"replies":[{"embeddable":true,"href":"https:\/\/csop.cirasync.com\/de\/wp-json\/wp\/v2\/comments?post=6391"}],"version-history":[{"count":4,"href":"https:\/\/csop.cirasync.com\/de\/wp-json\/wp\/v2\/pages\/6391\/revisions"}],"predecessor-version":[{"id":13051,"href":"https:\/\/csop.cirasync.com\/de\/wp-json\/wp\/v2\/pages\/6391\/revisions\/13051"}],"up":[{"embeddable":true,"href":"https:\/\/csop.cirasync.com\/de\/wp-json\/wp\/v2\/pages\/6087"}],"wp:attachment":[{"href":"https:\/\/csop.cirasync.com\/de\/wp-json\/wp\/v2\/media?parent=6391"}],"curies":[{"name":"wp","href":"https:\/\/api.w.org\/{rel}","templated":true}]}}