{"id":6346,"date":"2021-01-08T13:38:48","date_gmt":"2021-01-08T20:38:48","guid":{"rendered":"https:\/\/csop.cirasync.com\/aktualisieren-synchronisieren-und-verteilen-sie-kontaktdatenbanken-mit-csop\/neueste-nachrichten-csop\/"},"modified":"2026-01-26T15:22:24","modified_gmt":"2026-01-26T21:22:24","slug":"neueste-nachrichten-csop","status":"publish","type":"page","link":"https:\/\/csop.cirasync.com\/de\/aktualisieren-synchronisieren-und-verteilen-sie-kontaktdatenbanken-mit-csop\/neueste-nachrichten-csop\/","title":{"rendered":"Neueste Nachrichten&gt; CiraSync On-Prem"},"content":{"rendered":"<p>[et_pb_section fb_built=&#8220;1&#8243; fullwidth=&#8220;on&#8220; admin_label=&#8220;Header&#8220; _builder_version=&#8220;4.16&#8243; use_background_color_gradient=&#8220;on&#8220; background_color_gradient_direction=&#8220;163deg&#8220; background_color_gradient_stops=&#8220;rgba(0,0,0,0.02) 50%|#ffffff 50%&#8220; background_color_gradient_start=&#8220;rgba(0,0,0,0.02)&#8220; background_color_gradient_start_position=&#8220;50%&#8220; background_color_gradient_end=&#8220;#ffffff&#8220; background_color_gradient_end_position=&#8220;0%&#8220; background_image=&#8220;https:\/\/csop.cirasync.com\/wp-content\/uploads\/2020\/04\/web-dev-03.png&#8220; parallax=&#8220;on&#8220; animation_style=&#8220;fade&#8220; global_colors_info=&#8220;{}&#8220;][et_pb_fullwidth_header title=&#8220;Macht alle erreichbar&#8220; subhead=&#8220;mit Unified Contact Management&#8220; text_orientation=&#8220;center&#8220; content_max_width=&#8220;640px&#8220; _builder_version=&#8220;4.16&#8243; title_font=&#8220;Lato|900|||||||&#8220; title_font_size=&#8220;40px&#8220; title_line_height=&#8220;1.5em&#8220; content_font=&#8220;||||||||&#8220; content_font_size=&#8220;16px&#8220; content_line_height=&#8220;2em&#8220; subhead_font=&#8220;|600|||||||&#8220; subhead_font_size=&#8220;26px&#8220; background_color=&#8220;rgba(0,0,0,0)&#8220; custom_button_one=&#8220;on&#8220; button_one_text_size=&#8220;14px&#8220; button_one_text_color=&#8220;#ffffff&#8220; button_one_bg_color=&#8220;#0054ff&#8220; button_one_border_width=&#8220;14px&#8220; button_one_border_color=&#8220;rgba(0,0,0,0)&#8220; button_one_border_radius=&#8220;0px&#8220; button_one_letter_spacing=&#8220;2px&#8220; button_one_font=&#8220;|600||on|||||&#8220; button_one_icon=&#8220;&#x39;||divi||400&#8243; button_one_on_hover=&#8220;off&#8220; custom_button_two=&#8220;on&#8220; button_two_text_size=&#8220;14px&#8220; button_two_text_color=&#8220;#0054ff&#8220; button_two_bg_color=&#8220;rgba(255,255,255,0)&#8220; button_two_border_width=&#8220;12px&#8220; button_two_border_color=&#8220;rgba(0,0,0,0)&#8220; button_two_border_radius=&#8220;0px&#8220; button_two_letter_spacing=&#8220;2px&#8220; button_two_font=&#8220;|600||on|||||&#8220; button_two_icon=&#8220;&#x39;||divi||400&#8243; button_two_on_hover=&#8220;off&#8220; background_layout=&#8220;light&#8220; custom_margin=&#8220;|||&#8220; custom_padding=&#8220;6vw||6vw||true&#8220; animation_style=&#8220;zoom&#8220; animation_intensity_zoom=&#8220;-5%&#8220; title_font_size_tablet=&#8220;&#8220; title_font_size_phone=&#8220;25px&#8220; title_font_size_last_edited=&#8220;on|desktop&#8220; box_shadow_style_button_two=&#8220;preset1&#8243; box_shadow_vertical_button_two=&#8220;0px&#8220; box_shadow_blur_button_two=&#8220;0px&#8220; box_shadow_spread_button_two=&#8220;2px&#8220; box_shadow_color_button_two=&#8220;#0054ff&#8220; button_one_letter_spacing_hover=&#8220;2px&#8220; button_two_letter_spacing_hover=&#8220;2px&#8220; global_colors_info=&#8220;{}&#8220; button_one_text_size__hover_enabled=&#8220;off&#8220; button_two_text_size__hover_enabled=&#8220;off&#8220; button_one_text_color__hover_enabled=&#8220;off&#8220; button_two_text_color__hover_enabled=&#8220;off&#8220; button_one_border_width__hover_enabled=&#8220;off&#8220; button_two_border_width__hover_enabled=&#8220;off&#8220; button_one_border_color__hover_enabled=&#8220;off&#8220; button_two_border_color__hover_enabled=&#8220;off&#8220; button_one_border_radius__hover_enabled=&#8220;off&#8220; button_two_border_radius__hover_enabled=&#8220;off&#8220; button_one_letter_spacing__hover_enabled=&#8220;on&#8220; button_one_letter_spacing__hover=&#8220;2px&#8220; button_two_letter_spacing__hover_enabled=&#8220;on&#8220; button_two_letter_spacing__hover=&#8220;2px&#8220; button_one_bg_color__hover_enabled=&#8220;off&#8220; button_two_bg_color__hover_enabled=&#8220;off&#8220;][\/et_pb_fullwidth_header][\/et_pb_section][et_pb_section fb_built=&#8220;1&#8243; admin_label=&#8220;Projects&#8220; _builder_version=&#8220;4.16&#8243; custom_padding=&#8220;54px|0px|0|0px|false|false&#8220; global_colors_info=&#8220;{}&#8220;][et_pb_row column_structure=&#8220;3_5,2_5&#8243; make_equal=&#8220;on&#8220; padding_top_bottom_link_1=&#8220;true&#8220; padding_top_bottom_link_2=&#8220;false&#8220; _builder_version=&#8220;4.16&#8243; custom_margin=&#8220;40px||80px||false&#8220; custom_padding=&#8220;0|0px|0|0px|true|false&#8220; animation_style=&#8220;slide&#8220; animation_direction=&#8220;right&#8220; animation_intensity_slide=&#8220;1%&#8220; box_shadow_style=&#8220;preset4&#8243; box_shadow_horizontal=&#8220;-780px&#8220; box_shadow_vertical=&#8220;0px&#8220; box_shadow_color=&#8220;#f5f6f9&#8243; global_colors_info=&#8220;{}&#8220;][et_pb_column type=&#8220;3_5&#8243; _builder_version=&#8220;4.16&#8243; use_background_color_gradient=&#8220;on&#8220; background_color_gradient_direction=&#8220;90deg&#8220; background_color_gradient_stops=&#8220;#f5f6f9 50%|rgba(245,246,249,0) 50%&#8220; background_color_gradient_start=&#8220;#f5f6f9&#8243; background_color_gradient_start_position=&#8220;50%&#8220; background_color_gradient_end=&#8220;rgba(245,246,249,0)&#8220; background_color_gradient_end_position=&#8220;0%&#8220; custom_padding=&#8220;60px||60px|&#8220; global_colors_info=&#8220;{}&#8220; custom_padding__hover=&#8220;|||&#8220;][et_pb_image src=&#8220;https:\/\/csop.cirasync.com\/wp-content\/uploads\/2020\/04\/About-Us.jpg&#8220; align_tablet=&#8220;center&#8220; align_phone=&#8220;&#8220; align_last_edited=&#8220;on|desktop&#8220; _builder_version=&#8220;4.16&#8243; custom_margin=&#8220;|||-20%&#8220; custom_margin_tablet=&#8220;|||-10%&#8220; custom_margin_phone=&#8220;|||&#8220; custom_margin_last_edited=&#8220;on|phone&#8220; locked=&#8220;off&#8220; global_colors_info=&#8220;{}&#8220;][\/et_pb_image][\/et_pb_column][et_pb_column type=&#8220;2_5&#8243; _builder_version=&#8220;4.16&#8243; custom_padding=&#8220;80px||40px|&#8220; custom_padding_tablet=&#8220;0px|||&#8220; custom_padding_phone=&#8220;&#8220; custom_padding_last_edited=&#8220;on|tablet&#8220; global_colors_info=&#8220;{}&#8220; padding_tablet=&#8220;0px|||&#8220; padding_last_edited=&#8220;on|tablet&#8220; custom_padding__hover=&#8220;|||&#8220; padding_phone=&#8220;0px|||&#8220;][et_pb_text _builder_version=&#8220;4.16&#8243; text_font=&#8220;||||||||&#8220; text_line_height=&#8220;2em&#8220; header_font=&#8220;|700|||||||&#8220; header_3_font_size_tablet=&#8220;&#8220; header_3_font_size_phone=&#8220;&#8220; header_3_font_size_last_edited=&#8220;on|phone&#8220; locked=&#8220;off&#8220; global_colors_info=&#8220;{}&#8220;]<\/p>\n<h1>\u00dcber uns<\/h1>\n<p>CiraSync On-Prem entwickelt Back-End-Serverinfrastrukturen und -anwendungen f\u00fcr Unternehmen, mit denen Unternehmen ein Verzeichnis f\u00fcr die mobile Zusammenarbeit einrichten und wichtige Kontakte, Inhalte und Tools f\u00fcr die Zusammenarbeit schnell auf Mobilger\u00e4ten verteilen k\u00f6nnen. Als einer der ersten Drittentwickler f\u00fcr BlackBerry vertrauen wir auf Server, die hinter der Firewall von \u00fcber 1000 Unternehmen und Regierungsbeh\u00f6rden bereitgestellt werden, darunter das DOJ, das Department of Veteran Affairs, HBO, Shell Oil und The Blackstone Group. Mit einfach zu installierenden und leicht zug\u00e4nglichen Anwendungen f\u00fcr die mobile Zusammenarbeit verbessern Mitarbeiter in Unternehmen die Produktivit\u00e4t, indem sie jederzeit und \u00fcberall \u00fcber relevante und wichtige Informationen verf\u00fcgen.<\/p>\n<p>CiraSync On-Prem ist ein in Privatbesitz befindliches Unternehmen mit Sitz in Campbell, Kalifornien.<\/p>\n<p>[\/et_pb_text][\/et_pb_column][\/et_pb_row][\/et_pb_section]<\/p>\n","protected":false},"excerpt":{"rendered":"<p>\u00dcber uns CiraSync On-Prem entwickelt Back-End-Serverinfrastrukturen und -anwendungen f\u00fcr Unternehmen, mit denen Unternehmen ein Verzeichnis f\u00fcr die mobile Zusammenarbeit einrichten und wichtige Kontakte, Inhalte und Tools f\u00fcr die Zusammenarbeit schnell auf Mobilger\u00e4ten verteilen k\u00f6nnen. Als einer der ersten Drittentwickler f\u00fcr BlackBerry vertrauen wir auf Server, die hinter der Firewall von \u00fcber 1000 Unternehmen und Regierungsbeh\u00f6rden [&hellip;]<\/p>\n","protected":false},"author":3,"featured_media":0,"parent":6087,"menu_order":0,"comment_status":"closed","ping_status":"closed","template":"","meta":{"_et_pb_use_builder":"on","_et_pb_old_content":"","_et_gb_content_width":"","inline_featured_image":false,"footnotes":""},"class_list":["post-6346","page","type-page","status-publish","hentry"],"yoast_head":"<!-- This site is optimized with the Yoast SEO Premium plugin v27.1 (Yoast SEO v27.4) - https:\/\/yoast.com\/product\/yoast-seo-premium-wordpress\/ -->\n<title>Neueste Nachrichten&gt; CiraSync On-Prem<\/title>\n<meta name=\"description\" content=\"Neueste Nachrichten zu CSOP On-Prem: Updates, Ank\u00c3\u00bcndigungen und Infos zur Kontakt-, Kalender- und GAL-Synchronisation.\" \/>\n<meta name=\"robots\" content=\"index, follow, max-snippet:-1, max-image-preview:large, max-video-preview:-1\" \/>\n<link rel=\"canonical\" href=\"https:\/\/csop.cirasync.com\/de\/aktualisieren-synchronisieren-und-verteilen-sie-kontaktdatenbanken-mit-csop\/neueste-nachrichten-csop\/\" \/>\n<meta property=\"og:locale\" content=\"de_DE\" \/>\n<meta property=\"og:type\" content=\"article\" \/>\n<meta property=\"og:title\" content=\"Neueste Nachrichten&gt; CiraSync On-Prem\" \/>\n<meta property=\"og:description\" content=\"Neueste Nachrichten zu CSOP On-Prem: Updates, Ank\u00c3\u00bcndigungen und Infos zur Kontakt-, Kalender- und GAL-Synchronisation.\" \/>\n<meta property=\"og:url\" content=\"https:\/\/csop.cirasync.com\/de\/aktualisieren-synchronisieren-und-verteilen-sie-kontaktdatenbanken-mit-csop\/neueste-nachrichten-csop\/\" \/>\n<meta property=\"og:site_name\" content=\"CiraSync On-Prem - Sync Global Address List and Public Folders\" \/>\n<meta property=\"article:publisher\" content=\"https:\/\/www.facebook.com\/itrezzo\" \/>\n<meta property=\"article:modified_time\" content=\"2026-01-26T21:22:24+00:00\" \/>\n<meta name=\"twitter:card\" content=\"summary_large_image\" \/>\n<meta name=\"twitter:site\" content=\"@itrezzo\" \/>\n<script type=\"application\/ld+json\" class=\"yoast-schema-graph\">{\"@context\":\"https:\\\/\\\/schema.org\",\"@graph\":[{\"@type\":\"WebPage\",\"@id\":\"https:\\\/\\\/csop.cirasync.com\\\/de\\\/aktualisieren-synchronisieren-und-verteilen-sie-kontaktdatenbanken-mit-csop\\\/neueste-nachrichten-csop\\\/\",\"url\":\"https:\\\/\\\/csop.cirasync.com\\\/de\\\/aktualisieren-synchronisieren-und-verteilen-sie-kontaktdatenbanken-mit-csop\\\/neueste-nachrichten-csop\\\/\",\"name\":\"Neueste Nachrichten&gt; CiraSync On-Prem\",\"isPartOf\":{\"@id\":\"https:\\\/\\\/csop.cirasync.com\\\/de\\\/#website\"},\"datePublished\":\"2021-01-08T20:38:48+00:00\",\"dateModified\":\"2026-01-26T21:22:24+00:00\",\"description\":\"Neueste Nachrichten zu CSOP On-Prem: Updates, Ank\u00c3\u00bcndigungen und Infos zur Kontakt-, Kalender- und GAL-Synchronisation.\",\"breadcrumb\":{\"@id\":\"https:\\\/\\\/csop.cirasync.com\\\/de\\\/aktualisieren-synchronisieren-und-verteilen-sie-kontaktdatenbanken-mit-csop\\\/neueste-nachrichten-csop\\\/#breadcrumb\"},\"inLanguage\":\"de\",\"potentialAction\":[{\"@type\":\"ReadAction\",\"target\":[\"https:\\\/\\\/csop.cirasync.com\\\/de\\\/aktualisieren-synchronisieren-und-verteilen-sie-kontaktdatenbanken-mit-csop\\\/neueste-nachrichten-csop\\\/\"]}]},{\"@type\":\"BreadcrumbList\",\"@id\":\"https:\\\/\\\/csop.cirasync.com\\\/de\\\/aktualisieren-synchronisieren-und-verteilen-sie-kontaktdatenbanken-mit-csop\\\/neueste-nachrichten-csop\\\/#breadcrumb\",\"itemListElement\":[{\"@type\":\"ListItem\",\"position\":1,\"name\":\"Home\",\"item\":\"https:\\\/\\\/csop.cirasync.com\\\/de\\\/\"},{\"@type\":\"ListItem\",\"position\":2,\"name\":\"Aktualisieren, synchronisieren und verteilen Sie Kontaktdatenbanken mit CiraSync On-Prem\",\"item\":\"https:\\\/\\\/csop.cirasync.com\\\/de\\\/aktualisieren-synchronisieren-und-verteilen-sie-kontaktdatenbanken-mit-csop\\\/\"},{\"@type\":\"ListItem\",\"position\":3,\"name\":\"Neueste Nachrichten&gt; CiraSync On-Prem\"}]},{\"@type\":\"WebSite\",\"@id\":\"https:\\\/\\\/csop.cirasync.com\\\/de\\\/#website\",\"url\":\"https:\\\/\\\/csop.cirasync.com\\\/de\\\/\",\"name\":\"CiraSync On-Prem - Sync Global Address List and Public Folders\",\"description\":\"Sync the GAL and Public Folders to Outlook and smartphones\",\"publisher\":{\"@id\":\"https:\\\/\\\/csop.cirasync.com\\\/de\\\/#organization\"},\"potentialAction\":[{\"@type\":\"SearchAction\",\"target\":{\"@type\":\"EntryPoint\",\"urlTemplate\":\"https:\\\/\\\/csop.cirasync.com\\\/de\\\/?s={search_term_string}\"},\"query-input\":{\"@type\":\"PropertyValueSpecification\",\"valueRequired\":true,\"valueName\":\"search_term_string\"}}],\"inLanguage\":\"de\"},{\"@type\":\"Organization\",\"@id\":\"https:\\\/\\\/csop.cirasync.com\\\/de\\\/#organization\",\"name\":\"CiraSync On-Prem contact management and sync software\",\"url\":\"https:\\\/\\\/csop.cirasync.com\\\/de\\\/\",\"logo\":{\"@type\":\"ImageObject\",\"inLanguage\":\"de\",\"@id\":\"https:\\\/\\\/csop.cirasync.com\\\/de\\\/#\\\/schema\\\/logo\\\/image\\\/\",\"url\":\"https:\\\/\\\/csop.cirasync.com\\\/wp-content\\\/uploads\\\/2020\\\/04\\\/logo.png\",\"contentUrl\":\"https:\\\/\\\/csop.cirasync.com\\\/wp-content\\\/uploads\\\/2020\\\/04\\\/logo.png\",\"width\":172,\"height\":40,\"caption\":\"CiraSync On-Prem contact management and sync software\"},\"image\":{\"@id\":\"https:\\\/\\\/csop.cirasync.com\\\/de\\\/#\\\/schema\\\/logo\\\/image\\\/\"},\"sameAs\":[\"https:\\\/\\\/www.facebook.com\\\/itrezzo\",\"https:\\\/\\\/x.com\\\/itrezzo\",\"https:\\\/\\\/www.linkedin.com\\\/company\\\/sync-the-global-address-list-to-an-iphone-android-or-blackberry\",\"https:\\\/\\\/www.youtube.com\\\/channel\\\/UCyAwGMuXo3HPNDpZeBAQyNQ\"]}]}<\/script>\n<!-- \/ Yoast SEO Premium plugin. -->","yoast_head_json":{"title":"Neueste Nachrichten&gt; CiraSync On-Prem","description":"Neueste Nachrichten zu CSOP On-Prem: Updates, Ank\u00c3\u00bcndigungen und Infos zur Kontakt-, Kalender- und GAL-Synchronisation.","robots":{"index":"index","follow":"follow","max-snippet":"max-snippet:-1","max-image-preview":"max-image-preview:large","max-video-preview":"max-video-preview:-1"},"canonical":"https:\/\/csop.cirasync.com\/de\/aktualisieren-synchronisieren-und-verteilen-sie-kontaktdatenbanken-mit-csop\/neueste-nachrichten-csop\/","og_locale":"de_DE","og_type":"article","og_title":"Neueste Nachrichten&gt; CiraSync On-Prem","og_description":"Neueste Nachrichten zu CSOP On-Prem: Updates, Ank\u00c3\u00bcndigungen und Infos zur Kontakt-, Kalender- und GAL-Synchronisation.","og_url":"https:\/\/csop.cirasync.com\/de\/aktualisieren-synchronisieren-und-verteilen-sie-kontaktdatenbanken-mit-csop\/neueste-nachrichten-csop\/","og_site_name":"CiraSync On-Prem - Sync Global Address List and Public Folders","article_publisher":"https:\/\/www.facebook.com\/itrezzo","article_modified_time":"2026-01-26T21:22:24+00:00","twitter_card":"summary_large_image","twitter_site":"@itrezzo","schema":{"@context":"https:\/\/schema.org","@graph":[{"@type":"WebPage","@id":"https:\/\/csop.cirasync.com\/de\/aktualisieren-synchronisieren-und-verteilen-sie-kontaktdatenbanken-mit-csop\/neueste-nachrichten-csop\/","url":"https:\/\/csop.cirasync.com\/de\/aktualisieren-synchronisieren-und-verteilen-sie-kontaktdatenbanken-mit-csop\/neueste-nachrichten-csop\/","name":"Neueste Nachrichten&gt; CiraSync On-Prem","isPartOf":{"@id":"https:\/\/csop.cirasync.com\/de\/#website"},"datePublished":"2021-01-08T20:38:48+00:00","dateModified":"2026-01-26T21:22:24+00:00","description":"Neueste Nachrichten zu CSOP On-Prem: Updates, Ank\u00c3\u00bcndigungen und Infos zur Kontakt-, Kalender- und GAL-Synchronisation.","breadcrumb":{"@id":"https:\/\/csop.cirasync.com\/de\/aktualisieren-synchronisieren-und-verteilen-sie-kontaktdatenbanken-mit-csop\/neueste-nachrichten-csop\/#breadcrumb"},"inLanguage":"de","potentialAction":[{"@type":"ReadAction","target":["https:\/\/csop.cirasync.com\/de\/aktualisieren-synchronisieren-und-verteilen-sie-kontaktdatenbanken-mit-csop\/neueste-nachrichten-csop\/"]}]},{"@type":"BreadcrumbList","@id":"https:\/\/csop.cirasync.com\/de\/aktualisieren-synchronisieren-und-verteilen-sie-kontaktdatenbanken-mit-csop\/neueste-nachrichten-csop\/#breadcrumb","itemListElement":[{"@type":"ListItem","position":1,"name":"Home","item":"https:\/\/csop.cirasync.com\/de\/"},{"@type":"ListItem","position":2,"name":"Aktualisieren, synchronisieren und verteilen Sie Kontaktdatenbanken mit CiraSync On-Prem","item":"https:\/\/csop.cirasync.com\/de\/aktualisieren-synchronisieren-und-verteilen-sie-kontaktdatenbanken-mit-csop\/"},{"@type":"ListItem","position":3,"name":"Neueste Nachrichten&gt; CiraSync On-Prem"}]},{"@type":"WebSite","@id":"https:\/\/csop.cirasync.com\/de\/#website","url":"https:\/\/csop.cirasync.com\/de\/","name":"CiraSync On-Prem - Sync Global Address List and Public Folders","description":"Sync the GAL and Public Folders to Outlook and smartphones","publisher":{"@id":"https:\/\/csop.cirasync.com\/de\/#organization"},"potentialAction":[{"@type":"SearchAction","target":{"@type":"EntryPoint","urlTemplate":"https:\/\/csop.cirasync.com\/de\/?s={search_term_string}"},"query-input":{"@type":"PropertyValueSpecification","valueRequired":true,"valueName":"search_term_string"}}],"inLanguage":"de"},{"@type":"Organization","@id":"https:\/\/csop.cirasync.com\/de\/#organization","name":"CiraSync On-Prem contact management and sync software","url":"https:\/\/csop.cirasync.com\/de\/","logo":{"@type":"ImageObject","inLanguage":"de","@id":"https:\/\/csop.cirasync.com\/de\/#\/schema\/logo\/image\/","url":"https:\/\/csop.cirasync.com\/wp-content\/uploads\/2020\/04\/logo.png","contentUrl":"https:\/\/csop.cirasync.com\/wp-content\/uploads\/2020\/04\/logo.png","width":172,"height":40,"caption":"CiraSync On-Prem contact management and sync software"},"image":{"@id":"https:\/\/csop.cirasync.com\/de\/#\/schema\/logo\/image\/"},"sameAs":["https:\/\/www.facebook.com\/itrezzo","https:\/\/x.com\/itrezzo","https:\/\/www.linkedin.com\/company\/sync-the-global-address-list-to-an-iphone-android-or-blackberry","https:\/\/www.youtube.com\/channel\/UCyAwGMuXo3HPNDpZeBAQyNQ"]}]}},"_links":{"self":[{"href":"https:\/\/csop.cirasync.com\/de\/wp-json\/wp\/v2\/pages\/6346","targetHints":{"allow":["GET"]}}],"collection":[{"href":"https:\/\/csop.cirasync.com\/de\/wp-json\/wp\/v2\/pages"}],"about":[{"href":"https:\/\/csop.cirasync.com\/de\/wp-json\/wp\/v2\/types\/page"}],"author":[{"embeddable":true,"href":"https:\/\/csop.cirasync.com\/de\/wp-json\/wp\/v2\/users\/3"}],"replies":[{"embeddable":true,"href":"https:\/\/csop.cirasync.com\/de\/wp-json\/wp\/v2\/comments?post=6346"}],"version-history":[{"count":3,"href":"https:\/\/csop.cirasync.com\/de\/wp-json\/wp\/v2\/pages\/6346\/revisions"}],"predecessor-version":[{"id":13053,"href":"https:\/\/csop.cirasync.com\/de\/wp-json\/wp\/v2\/pages\/6346\/revisions\/13053"}],"up":[{"embeddable":true,"href":"https:\/\/csop.cirasync.com\/de\/wp-json\/wp\/v2\/pages\/6087"}],"wp:attachment":[{"href":"https:\/\/csop.cirasync.com\/de\/wp-json\/wp\/v2\/media?parent=6346"}],"curies":[{"name":"wp","href":"https:\/\/api.w.org\/{rel}","templated":true}]}}