{"id":6316,"date":"2021-01-08T13:38:46","date_gmt":"2021-01-08T20:38:46","guid":{"rendered":"https:\/\/csop.cirasync.com\/finden-sie-einen-haendler\/"},"modified":"2023-01-17T02:44:26","modified_gmt":"2023-01-17T09:44:26","slug":"finden-sie-einen-haendler","status":"publish","type":"page","link":"https:\/\/csop.cirasync.com\/de\/finden-sie-einen-haendler\/","title":{"rendered":"Finden Sie einen H\u00e4ndler"},"content":{"rendered":"<p>[et_pb_section fb_built=&#8220;1&#8243; fullwidth=&#8220;on&#8220; admin_label=&#8220;Header&#8220; _builder_version=&#8220;4.16&#8243; use_background_color_gradient=&#8220;on&#8220; background_color_gradient_direction=&#8220;151deg&#8220; background_color_gradient_stops=&#8220;rgba(0,0,0,0.02) 55%|#3C73C6 55%&#8220; background_color_gradient_start=&#8220;rgba(0,0,0,0.02)&#8220; background_color_gradient_start_position=&#8220;55%&#8220; background_color_gradient_end=&#8220;#3C73C6&#8243; background_color_gradient_end_position=&#8220;0%&#8220; background_image=&#8220;\/wp-content\/uploads\/2020\/05\/abstract-rectangles.svg&#8220; parallax=&#8220;on&#8220; animation_style=&#8220;fade&#8220; locked=&#8220;off&#8220; global_colors_info=&#8220;{}&#8220;][et_pb_fullwidth_header title=&#8220;CiraSync On-Prem &#8211; Wiederverk\u00e4ufer&#8220; button_one_url=&#8220;https:\/\/csop.cirasync.com\/itrezzo-pricing\/&#8220; image_orientation=&#8220;bottom&#8220; content_max_width=&#8220;580px&#8220; _builder_version=&#8220;4.16&#8243; title_font=&#8220;Lato|900|||||||&#8220; title_font_size=&#8220;38px&#8220; title_line_height=&#8220;1.5em&#8220; content_font=&#8220;||||||||&#8220; content_font_size=&#8220;16px&#8220; content_line_height=&#8220;2em&#8220; background_color=&#8220;rgba(0,0,0,0)&#8220; custom_button_one=&#8220;on&#8220; button_one_text_size=&#8220;14px&#8220; button_one_text_color=&#8220;#ffffff&#8220; button_one_bg_color=&#8220;#F04438&#8243; button_one_border_width=&#8220;14px&#8220; button_one_border_color=&#8220;rgba(0,0,0,0)&#8220; button_one_letter_spacing=&#8220;2px&#8220; button_one_font=&#8220;Poppins|600||on|||||&#8220; button_one_icon=&#8220;&#x39;||divi||400&#8243; button_one_on_hover=&#8220;off&#8220; custom_button_two=&#8220;on&#8220; button_two_text_size=&#8220;14px&#8220; button_two_text_color=&#8220;#0054ff&#8220; button_two_bg_color=&#8220;rgba(255,255,255,0)&#8220; button_two_border_width=&#8220;12px&#8220; button_two_border_color=&#8220;rgba(0,0,0,0)&#8220; button_two_border_radius=&#8220;0px&#8220; button_two_letter_spacing=&#8220;2px&#8220; button_two_font=&#8220;|600||on|||||&#8220; button_two_icon=&#8220;&#x39;||divi||400&#8243; button_two_on_hover=&#8220;off&#8220; custom_margin=&#8220;||||false|false&#8220; custom_padding=&#8220;1.5em||1.5em||false|false&#8220; animation_style=&#8220;zoom&#8220; animation_intensity_zoom=&#8220;-5%&#8220; link_option_url_new_window=&#8220;on&#8220; title_font_size_tablet=&#8220;&#8220; title_font_size_phone=&#8220;25px&#8220; title_font_size_last_edited=&#8220;on|desktop&#8220; button_one_border_radius_last_edited=&#8220;off|phone&#8220; box_shadow_style_button_two=&#8220;preset1&#8243; box_shadow_vertical_button_two=&#8220;0px&#8220; box_shadow_blur_button_two=&#8220;0px&#8220; box_shadow_spread_button_two=&#8220;2px&#8220; box_shadow_color_button_two=&#8220;#0054ff&#8220; button_one_letter_spacing_hover=&#8220;2px&#8220; button_two_letter_spacing_hover=&#8220;2px&#8220; global_colors_info=&#8220;{}&#8220; button_one_text_size__hover_enabled=&#8220;off&#8220; button_two_text_size__hover_enabled=&#8220;off&#8220; button_one_text_color__hover_enabled=&#8220;off&#8220; button_two_text_color__hover_enabled=&#8220;off&#8220; button_one_border_width__hover_enabled=&#8220;off&#8220; button_two_border_width__hover_enabled=&#8220;off&#8220; button_one_border_color__hover_enabled=&#8220;off&#8220; button_two_border_color__hover_enabled=&#8220;off&#8220; button_one_border_radius__hover_enabled=&#8220;off&#8220; button_two_border_radius__hover_enabled=&#8220;off&#8220; button_one_letter_spacing__hover_enabled=&#8220;on|desktop&#8220; button_one_letter_spacing__hover=&#8220;2px&#8220; button_two_letter_spacing__hover_enabled=&#8220;on&#8220; button_two_letter_spacing__hover=&#8220;2px&#8220; button_one_bg_color__hover_enabled=&#8220;off&#8220; button_two_bg_color__hover_enabled=&#8220;off&#8220;]<\/p>\n<p>CiraSync On-Prem ist stolz darauf, von diesen sorgf\u00e4ltig ausgew\u00e4hlten Wiederverk\u00e4ufern vertreten zu werden. Bitte wenden Sie sich an den n\u00e4chstgelegenen H\u00e4ndler.<\/p>\n<p>[\/et_pb_fullwidth_header][\/et_pb_section][et_pb_section fb_built=&#8220;1&#8243; admin_label=&#8220;United States&#8220; _builder_version=&#8220;4.16&#8243; custom_margin=&#8220;||||false|false&#8220; custom_padding=&#8220;||||false|false&#8220; locked=&#8220;off&#8220; global_colors_info=&#8220;{}&#8220;][et_pb_row _builder_version=&#8220;4.16&#8243; custom_padding=&#8220;0px||0px||false|false&#8220; global_colors_info=&#8220;{}&#8220;][et_pb_column type=&#8220;4_4&#8243; _builder_version=&#8220;4.16&#8243; global_colors_info=&#8220;{}&#8220;][et_pb_text disabled_on=&#8220;off|off|off&#8220; _builder_version=&#8220;4.16&#8243; text_font=&#8220;||||||||&#8220; text_line_height=&#8220;2em&#8220; header_font=&#8220;||||||||&#8220; header_3_font=&#8220;Lato|900|||||||&#8220; header_3_font_size=&#8220;35px&#8220; header_3_line_height=&#8220;1.5em&#8220; header_4_font=&#8220;Lato|700||on|||||&#8220; header_4_text_color=&#8220;rgba(12,12,12,0.27)&#8220; header_4_font_size=&#8220;13px&#8220; header_4_letter_spacing=&#8220;3px&#8220; header_4_line_height=&#8220;1.8em&#8220; custom_padding=&#8220;||||false|false&#8220; header_3_font_size_tablet=&#8220;&#8220; header_3_font_size_phone=&#8220;25px&#8220; header_3_font_size_last_edited=&#8220;on|desktop&#8220; locked=&#8220;off&#8220; global_colors_info=&#8220;{}&#8220;]<\/p>\n<h3>Vereinigte Staaten<\/h3>\n<p>[\/et_pb_text][\/et_pb_column][\/et_pb_row][et_pb_row column_structure=&#8220;1_3,1_3,1_3&#8243; _builder_version=&#8220;4.16&#8243; background_enable_color=&#8220;off&#8220; global_colors_info=&#8220;{}&#8220;][et_pb_column type=&#8220;1_3&#8243; _builder_version=&#8220;4.16&#8243; global_colors_info=&#8220;{}&#8220;][et_pb_text disabled_on=&#8220;off|off|off&#8220; _builder_version=&#8220;4.16&#8243; text_font=&#8220;||||||||&#8220; header_font=&#8220;||||||||&#8220; header_2_font=&#8220;||||||||&#8220; header_3_font=&#8220;Lato|900|||||||&#8220; header_3_font_size=&#8220;26px&#8220; header_3_line_height=&#8220;1.8em&#8220; header_4_font=&#8220;||||||||&#8220; locked=&#8220;off&#8220; global_colors_info=&#8220;{}&#8220;]<\/p>\n<h5><strong>Adaptive Technology Group, LLC<\/strong><\/h5>\n<p><a href=\"mailto:sales@adaptivetechgroup.com\">sales@adaptivetechgroup.com <\/a><br \/>Telefon: (206) 931-3200<br \/>Fax: (206) 931-3200<br \/><a href=\"\/\/www.adaptivetechgroup.com\/\" target=\"blank\" rel=\"noopener noreferrer\">www.adaptivetechgroup.com<\/a><\/p>\n<p>[\/et_pb_text][\/et_pb_column][et_pb_column type=&#8220;1_3&#8243; _builder_version=&#8220;4.16&#8243; global_colors_info=&#8220;{}&#8220;][et_pb_text _builder_version=&#8220;4.16&#8243; global_colors_info=&#8220;{}&#8220;]<\/p>\n<h5><strong>SHI International Corp.<\/strong><\/h5>\n<p>33 Knightsbridge Road<br \/>\nPiscataway, NJ 08854<br \/>\nTelefon: 888-764-8888<br \/>\n<a href=\"\/\/www.shi.com\/\" target=\"blank\" rel=\"noopener noreferrer\">www.shi.com<\/a>[\/et_pb_text][\/et_pb_column][et_pb_column type=&#8220;1_3&#8243; _builder_version=&#8220;4.16&#8243; global_colors_info=&#8220;{}&#8220;][\/et_pb_column][\/et_pb_row][\/et_pb_section][et_pb_section fb_built=&#8220;1&#8243; disabled_on=&#8220;off|off|off&#8220; admin_label=&#8220;Government Procurement&#8220; _builder_version=&#8220;4.16&#8243; background_color=&#8220;#fafafc&#8220; custom_padding=&#8220;|0px||0px|false|false&#8220; locked=&#8220;off&#8220; global_colors_info=&#8220;{}&#8220;][et_pb_row _builder_version=&#8220;4.16&#8243; custom_padding=&#8220;0px||0px||false|false&#8220; global_colors_info=&#8220;{}&#8220;][et_pb_column type=&#8220;4_4&#8243; _builder_version=&#8220;4.16&#8243; global_colors_info=&#8220;{}&#8220;][et_pb_text disabled_on=&#8220;off|off|off&#8220; _builder_version=&#8220;4.16&#8243; text_font=&#8220;||||||||&#8220; text_line_height=&#8220;2em&#8220; header_font=&#8220;||||||||&#8220; header_3_font=&#8220;Lato|900|||||||&#8220; header_3_font_size=&#8220;35px&#8220; header_3_line_height=&#8220;1.5em&#8220; header_4_font=&#8220;Lato|700||on|||||&#8220; header_4_text_color=&#8220;rgba(12,12,12,0.27)&#8220; header_4_font_size=&#8220;13px&#8220; header_4_letter_spacing=&#8220;3px&#8220; header_4_line_height=&#8220;1.8em&#8220; custom_padding=&#8220;||||false|false&#8220; header_3_font_size_tablet=&#8220;&#8220; header_3_font_size_phone=&#8220;25px&#8220; header_3_font_size_last_edited=&#8220;on|desktop&#8220; locked=&#8220;off&#8220; global_colors_info=&#8220;{}&#8220;]<\/p>\n<h3>\u00d6ffentliches Beschaffungswesen<\/h3>\n<p>[\/et_pb_text][\/et_pb_column][\/et_pb_row][et_pb_row column_structure=&#8220;1_3,1_3,1_3&#8243; _builder_version=&#8220;4.16&#8243; background_enable_color=&#8220;off&#8220; global_colors_info=&#8220;{}&#8220;][et_pb_column type=&#8220;1_3&#8243; _builder_version=&#8220;4.16&#8243; global_colors_info=&#8220;{}&#8220;][et_pb_text disabled_on=&#8220;off|off|off&#8220; _builder_version=&#8220;4.16&#8243; text_font=&#8220;||||||||&#8220; header_font=&#8220;||||||||&#8220; header_2_font=&#8220;||||||||&#8220; header_3_font=&#8220;Lato|900|||||||&#8220; header_3_font_size=&#8220;26px&#8220; header_3_line_height=&#8220;1.8em&#8220; header_4_font=&#8220;||||||||&#8220; locked=&#8220;off&#8220; global_colors_info=&#8220;{}&#8220;]<\/p>\n<h5><strong>Intelligente Entscheidungen <\/strong><\/h5>\n<p>ID-Hauptsitz<br \/>21445 Beaumeade Cir.<br \/>Ashburn, VA 20147<br \/>Telefon: 703-554-1600<br \/>Geb\u00fchrenfrei: 800-929-8331<br \/><a href=\"\/\/www.intelligent.net\/\" target=\"blank\" rel=\"noopener noreferrer\">www.intelligent.net<\/a><\/p>\n<p>[\/et_pb_text][\/et_pb_column][et_pb_column type=&#8220;1_3&#8243; _builder_version=&#8220;4.16&#8243; global_colors_info=&#8220;{}&#8220;][et_pb_text _builder_version=&#8220;4.16&#8243; global_colors_info=&#8220;{}&#8220;]<\/p>\n<h5><strong>Drei-Draht-Systeme<\/strong><\/h5>\n<p>3130 Fairview Park Drive<br \/>\nSuite 425<br \/>\nFalls Church, VA 22042<br \/>\n(703) 776,9731 P.<br \/>\n(703) 656,4855 F.<br \/>\n<a href=\"https:\/\/www.threewiresys.com\/three-wire-systems-corporate-contact\" target=\"blank\" rel=\"noopener noreferrer\">www.threewiresys.com<\/a>[\/et_pb_text][\/et_pb_column][et_pb_column type=&#8220;1_3&#8243; _builder_version=&#8220;4.16&#8243; global_colors_info=&#8220;{}&#8220;][et_pb_text _builder_version=&#8220;4.19.2&#8243; global_colors_info=&#8220;{}&#8220;]<\/p>\n<h5><strong>Mercom Corporation<\/strong><\/h5>\n<p>1067 Petigru Drive,<br \/>Pawleys Island,<br \/>SC 29585<br \/>Telefon 877-223-8330<br \/>www.mercomcorp.com<\/p>\n<p>[\/et_pb_text][\/et_pb_column][\/et_pb_row][\/et_pb_section][et_pb_section fb_built=&#8220;1&#8243; admin_label=&#8220;United Kingdom&#8220; _builder_version=&#8220;4.16&#8243; custom_margin=&#8220;||||false|false&#8220; custom_padding=&#8220;||||false|false&#8220; locked=&#8220;off&#8220; global_colors_info=&#8220;{}&#8220;][et_pb_row _builder_version=&#8220;4.16&#8243; custom_padding=&#8220;0px||0px||false|false&#8220; global_colors_info=&#8220;{}&#8220;][et_pb_column type=&#8220;4_4&#8243; _builder_version=&#8220;4.16&#8243; global_colors_info=&#8220;{}&#8220;][et_pb_text disabled_on=&#8220;off|off|off&#8220; _builder_version=&#8220;4.16&#8243; text_font=&#8220;||||||||&#8220; text_line_height=&#8220;2em&#8220; header_font=&#8220;||||||||&#8220; header_3_font=&#8220;Lato|900|||||||&#8220; header_3_font_size=&#8220;35px&#8220; header_3_line_height=&#8220;1.5em&#8220; header_4_font=&#8220;Lato|700||on|||||&#8220; header_4_text_color=&#8220;rgba(12,12,12,0.27)&#8220; header_4_font_size=&#8220;13px&#8220; header_4_letter_spacing=&#8220;3px&#8220; header_4_line_height=&#8220;1.8em&#8220; custom_padding=&#8220;||||false|false&#8220; header_3_font_size_tablet=&#8220;&#8220; header_3_font_size_phone=&#8220;25px&#8220; header_3_font_size_last_edited=&#8220;on|desktop&#8220; locked=&#8220;off&#8220; global_colors_info=&#8220;{}&#8220;]<\/p>\n<h3>Vereinigtes K\u00f6nigreich<\/h3>\n<p>[\/et_pb_text][\/et_pb_column][\/et_pb_row][et_pb_row column_structure=&#8220;1_3,1_3,1_3&#8243; _builder_version=&#8220;4.16&#8243; background_enable_color=&#8220;off&#8220; global_colors_info=&#8220;{}&#8220;][et_pb_column type=&#8220;1_3&#8243; _builder_version=&#8220;4.16&#8243; global_colors_info=&#8220;{}&#8220;][et_pb_text disabled_on=&#8220;off|off|off&#8220; _builder_version=&#8220;4.16&#8243; text_font=&#8220;||||||||&#8220; header_font=&#8220;||||||||&#8220; header_2_font=&#8220;||||||||&#8220; header_3_font=&#8220;Lato|900|||||||&#8220; header_3_font_size=&#8220;26px&#8220; header_3_line_height=&#8220;1.8em&#8220; header_4_font=&#8220;||||||||&#8220; locked=&#8220;off&#8220; global_colors_info=&#8220;{}&#8220;]<\/p>\n<h5><strong>Brookcourt-L\u00f6sungen<\/strong><\/h5>\n<p>25 Clarendon Road<br \/>\nRedhill, Surrey, England RH1 1QZ<br \/>\nVertriebskontakt: Phil Higgins<br \/>\nTelefon: 01737 852251<br \/>\n<a href=\"https:\/\/www.brookcourtsolutions.com\/\" target=\"blank\" rel=\"noopener noreferrer\">www.brookcourtsolutions.com<\/a>[\/et_pb_text][\/et_pb_column][et_pb_column type=&#8220;1_3&#8243; _builder_version=&#8220;4.16&#8243; global_colors_info=&#8220;{}&#8220;][\/et_pb_column][et_pb_column type=&#8220;1_3&#8243; _builder_version=&#8220;4.16&#8243; global_colors_info=&#8220;{}&#8220;][\/et_pb_column][\/et_pb_row][\/et_pb_section][et_pb_section fb_built=&#8220;1&#8243; disabled_on=&#8220;off|off|off&#8220; admin_label=&#8220;Canada&#8220; _builder_version=&#8220;4.16&#8243; background_color=&#8220;#fafafc&#8220; custom_padding=&#8220;|0px||0px|false|false&#8220; locked=&#8220;off&#8220; global_colors_info=&#8220;{}&#8220;][et_pb_row _builder_version=&#8220;4.16&#8243; custom_padding=&#8220;0px||0px||false|false&#8220; global_colors_info=&#8220;{}&#8220;][et_pb_column type=&#8220;4_4&#8243; _builder_version=&#8220;4.16&#8243; global_colors_info=&#8220;{}&#8220;][et_pb_text disabled_on=&#8220;off|off|off&#8220; _builder_version=&#8220;4.16&#8243; text_font=&#8220;||||||||&#8220; text_line_height=&#8220;2em&#8220; header_font=&#8220;||||||||&#8220; header_3_font=&#8220;Lato|900|||||||&#8220; header_3_font_size=&#8220;35px&#8220; header_3_line_height=&#8220;1.5em&#8220; header_4_font=&#8220;Lato|700||on|||||&#8220; header_4_text_color=&#8220;rgba(12,12,12,0.27)&#8220; header_4_font_size=&#8220;13px&#8220; header_4_letter_spacing=&#8220;3px&#8220; header_4_line_height=&#8220;1.8em&#8220; custom_padding=&#8220;||||false|false&#8220; header_3_font_size_tablet=&#8220;&#8220; header_3_font_size_phone=&#8220;25px&#8220; header_3_font_size_last_edited=&#8220;on|desktop&#8220; locked=&#8220;off&#8220; global_colors_info=&#8220;{}&#8220;]<\/p>\n<h3>Kanada<\/h3>\n<p>[\/et_pb_text][\/et_pb_column][\/et_pb_row][et_pb_row column_structure=&#8220;1_3,1_3,1_3&#8243; _builder_version=&#8220;4.16&#8243; background_enable_color=&#8220;off&#8220; global_colors_info=&#8220;{}&#8220;][et_pb_column type=&#8220;1_3&#8243; _builder_version=&#8220;4.16&#8243; global_colors_info=&#8220;{}&#8220;][et_pb_text disabled_on=&#8220;off|off|off&#8220; _builder_version=&#8220;4.16&#8243; text_font=&#8220;||||||||&#8220; header_font=&#8220;||||||||&#8220; header_2_font=&#8220;||||||||&#8220; header_3_font=&#8220;Lato|900|||||||&#8220; header_3_font_size=&#8220;26px&#8220; header_3_line_height=&#8220;1.8em&#8220; header_4_font=&#8220;||||||||&#8220; locked=&#8220;off&#8220; global_colors_info=&#8220;{}&#8220;]<\/p>\n<h5><strong>Level4 Technologies Inc.<\/strong><\/h5>\n<p>102 &#8211; 18663 52nd Avenue<br \/>\nSurrey, BC<br \/>\nV3S 8E5, Kanada<br \/>\nT: 604,576,9522<br \/>\nGeb\u00fchrenfrei: 1.800.318.2495<br \/>\nF: 604,574,0737<br \/>\n<a href=\"\/\/level4.net\/\" target=\"blank\" rel=\"noopener noreferrer\">www.level4.net<\/a>[\/et_pb_text][\/et_pb_column][et_pb_column type=&#8220;1_3&#8243; _builder_version=&#8220;4.16&#8243; global_colors_info=&#8220;{}&#8220;][\/et_pb_column][et_pb_column type=&#8220;1_3&#8243; _builder_version=&#8220;4.16&#8243; global_colors_info=&#8220;{}&#8220;][\/et_pb_column][\/et_pb_row][\/et_pb_section]<\/p>\n","protected":false},"excerpt":{"rendered":"<p>CiraSync On-Prem ist stolz darauf, von diesen sorgf\u00e4ltig ausgew\u00e4hlten Wiederverk\u00e4ufern vertreten zu werden. Bitte wenden Sie sich an den n\u00e4chstgelegenen H\u00e4ndler.Vereinigte StaatenAdaptive Technology Group, LLC sales@adaptivetechgroup.com Telefon: (206) 931-3200Fax: (206) 931-3200www.adaptivetechgroup.comSHI International Corp. 33 Knightsbridge Road Piscataway, NJ 08854 Telefon: 888-764-8888 www.shi.com\u00d6ffentliches BeschaffungswesenIntelligente Entscheidungen ID-Hauptsitz21445 Beaumeade Cir.Ashburn, VA 20147Telefon: 703-554-1600Geb\u00fchrenfrei: 800-929-8331www.intelligent.netDrei-Draht-Systeme 3130 Fairview Park Drive [&hellip;]<\/p>\n","protected":false},"author":3,"featured_media":0,"parent":0,"menu_order":0,"comment_status":"closed","ping_status":"closed","template":"","meta":{"_et_pb_use_builder":"on","_et_pb_old_content":"","_et_gb_content_width":"","inline_featured_image":false,"footnotes":""},"class_list":["post-6316","page","type-page","status-publish","hentry"],"yoast_head":"<!-- This site is optimized with the Yoast SEO Premium plugin v27.1 (Yoast SEO v27.4) - https:\/\/yoast.com\/product\/yoast-seo-premium-wordpress\/ -->\n<title>Finden Sie einen H\u00e4ndler bei CiraSync On-Prem<\/title>\n<meta name=\"description\" content=\"Finden Sie einen H\u00e4ndler in Ihrer N\u00e4he, der Ihnen beim Einsatz von CiraSync On-Prem L\u00f6sungen f\u00fcr Kontaktdatenmanagement behilflich sein kann.\" \/>\n<meta name=\"robots\" content=\"index, follow, max-snippet:-1, max-image-preview:large, max-video-preview:-1\" \/>\n<link rel=\"canonical\" href=\"https:\/\/csop.cirasync.com\/de\/finden-sie-einen-haendler\/\" \/>\n<meta property=\"og:locale\" content=\"de_DE\" \/>\n<meta property=\"og:type\" content=\"article\" \/>\n<meta property=\"og:title\" content=\"Finden Sie einen H\u00e4ndler\" \/>\n<meta property=\"og:description\" content=\"Finden Sie einen H\u00e4ndler in Ihrer N\u00e4he, der Ihnen beim Einsatz von CiraSync On-Prem L\u00f6sungen f\u00fcr Kontaktdatenmanagement behilflich sein kann.\" \/>\n<meta property=\"og:url\" content=\"https:\/\/csop.cirasync.com\/de\/finden-sie-einen-haendler\/\" \/>\n<meta property=\"og:site_name\" content=\"CiraSync On-Prem - Sync Global Address List and Public Folders\" \/>\n<meta property=\"article:publisher\" content=\"https:\/\/www.facebook.com\/itrezzo\" \/>\n<meta property=\"article:modified_time\" content=\"2023-01-17T09:44:26+00:00\" \/>\n<meta name=\"twitter:card\" content=\"summary_large_image\" \/>\n<meta name=\"twitter:site\" content=\"@itrezzo\" \/>\n<script type=\"application\/ld+json\" class=\"yoast-schema-graph\">{\"@context\":\"https:\\\/\\\/schema.org\",\"@graph\":[{\"@type\":\"WebPage\",\"@id\":\"https:\\\/\\\/csop.cirasync.com\\\/de\\\/finden-sie-einen-haendler\\\/\",\"url\":\"https:\\\/\\\/csop.cirasync.com\\\/de\\\/finden-sie-einen-haendler\\\/\",\"name\":\"Finden Sie einen H\u00e4ndler bei CiraSync On-Prem\",\"isPartOf\":{\"@id\":\"https:\\\/\\\/csop.cirasync.com\\\/de\\\/#website\"},\"datePublished\":\"2021-01-08T20:38:46+00:00\",\"dateModified\":\"2023-01-17T09:44:26+00:00\",\"description\":\"Finden Sie einen H\u00e4ndler in Ihrer N\u00e4he, der Ihnen beim Einsatz von CiraSync On-Prem L\u00f6sungen f\u00fcr Kontaktdatenmanagement behilflich sein kann.\",\"breadcrumb\":{\"@id\":\"https:\\\/\\\/csop.cirasync.com\\\/de\\\/finden-sie-einen-haendler\\\/#breadcrumb\"},\"inLanguage\":\"de\",\"potentialAction\":[{\"@type\":\"ReadAction\",\"target\":[\"https:\\\/\\\/csop.cirasync.com\\\/de\\\/finden-sie-einen-haendler\\\/\"]}]},{\"@type\":\"BreadcrumbList\",\"@id\":\"https:\\\/\\\/csop.cirasync.com\\\/de\\\/finden-sie-einen-haendler\\\/#breadcrumb\",\"itemListElement\":[{\"@type\":\"ListItem\",\"position\":1,\"name\":\"Home\",\"item\":\"https:\\\/\\\/csop.cirasync.com\\\/de\\\/\"},{\"@type\":\"ListItem\",\"position\":2,\"name\":\"Finden Sie einen H\u00e4ndler\"}]},{\"@type\":\"WebSite\",\"@id\":\"https:\\\/\\\/csop.cirasync.com\\\/de\\\/#website\",\"url\":\"https:\\\/\\\/csop.cirasync.com\\\/de\\\/\",\"name\":\"CiraSync On-Prem - Sync Global Address List and Public Folders\",\"description\":\"Sync the GAL and Public Folders to Outlook and smartphones\",\"publisher\":{\"@id\":\"https:\\\/\\\/csop.cirasync.com\\\/de\\\/#organization\"},\"potentialAction\":[{\"@type\":\"SearchAction\",\"target\":{\"@type\":\"EntryPoint\",\"urlTemplate\":\"https:\\\/\\\/csop.cirasync.com\\\/de\\\/?s={search_term_string}\"},\"query-input\":{\"@type\":\"PropertyValueSpecification\",\"valueRequired\":true,\"valueName\":\"search_term_string\"}}],\"inLanguage\":\"de\"},{\"@type\":\"Organization\",\"@id\":\"https:\\\/\\\/csop.cirasync.com\\\/de\\\/#organization\",\"name\":\"CiraSync On-Prem contact management and sync software\",\"url\":\"https:\\\/\\\/csop.cirasync.com\\\/de\\\/\",\"logo\":{\"@type\":\"ImageObject\",\"inLanguage\":\"de\",\"@id\":\"https:\\\/\\\/csop.cirasync.com\\\/de\\\/#\\\/schema\\\/logo\\\/image\\\/\",\"url\":\"https:\\\/\\\/csop.cirasync.com\\\/wp-content\\\/uploads\\\/2020\\\/04\\\/logo.png\",\"contentUrl\":\"https:\\\/\\\/csop.cirasync.com\\\/wp-content\\\/uploads\\\/2020\\\/04\\\/logo.png\",\"width\":172,\"height\":40,\"caption\":\"CiraSync On-Prem contact management and sync software\"},\"image\":{\"@id\":\"https:\\\/\\\/csop.cirasync.com\\\/de\\\/#\\\/schema\\\/logo\\\/image\\\/\"},\"sameAs\":[\"https:\\\/\\\/www.facebook.com\\\/itrezzo\",\"https:\\\/\\\/x.com\\\/itrezzo\",\"https:\\\/\\\/www.linkedin.com\\\/company\\\/sync-the-global-address-list-to-an-iphone-android-or-blackberry\",\"https:\\\/\\\/www.youtube.com\\\/channel\\\/UCyAwGMuXo3HPNDpZeBAQyNQ\"]}]}<\/script>\n<!-- \/ Yoast SEO Premium plugin. -->","yoast_head_json":{"title":"Finden Sie einen H\u00e4ndler bei CiraSync On-Prem","description":"Finden Sie einen H\u00e4ndler in Ihrer N\u00e4he, der Ihnen beim Einsatz von CiraSync On-Prem L\u00f6sungen f\u00fcr Kontaktdatenmanagement behilflich sein kann.","robots":{"index":"index","follow":"follow","max-snippet":"max-snippet:-1","max-image-preview":"max-image-preview:large","max-video-preview":"max-video-preview:-1"},"canonical":"https:\/\/csop.cirasync.com\/de\/finden-sie-einen-haendler\/","og_locale":"de_DE","og_type":"article","og_title":"Finden Sie einen H\u00e4ndler","og_description":"Finden Sie einen H\u00e4ndler in Ihrer N\u00e4he, der Ihnen beim Einsatz von CiraSync On-Prem L\u00f6sungen f\u00fcr Kontaktdatenmanagement behilflich sein kann.","og_url":"https:\/\/csop.cirasync.com\/de\/finden-sie-einen-haendler\/","og_site_name":"CiraSync On-Prem - Sync Global Address List and Public Folders","article_publisher":"https:\/\/www.facebook.com\/itrezzo","article_modified_time":"2023-01-17T09:44:26+00:00","twitter_card":"summary_large_image","twitter_site":"@itrezzo","schema":{"@context":"https:\/\/schema.org","@graph":[{"@type":"WebPage","@id":"https:\/\/csop.cirasync.com\/de\/finden-sie-einen-haendler\/","url":"https:\/\/csop.cirasync.com\/de\/finden-sie-einen-haendler\/","name":"Finden Sie einen H\u00e4ndler bei CiraSync On-Prem","isPartOf":{"@id":"https:\/\/csop.cirasync.com\/de\/#website"},"datePublished":"2021-01-08T20:38:46+00:00","dateModified":"2023-01-17T09:44:26+00:00","description":"Finden Sie einen H\u00e4ndler in Ihrer N\u00e4he, der Ihnen beim Einsatz von CiraSync On-Prem L\u00f6sungen f\u00fcr Kontaktdatenmanagement behilflich sein kann.","breadcrumb":{"@id":"https:\/\/csop.cirasync.com\/de\/finden-sie-einen-haendler\/#breadcrumb"},"inLanguage":"de","potentialAction":[{"@type":"ReadAction","target":["https:\/\/csop.cirasync.com\/de\/finden-sie-einen-haendler\/"]}]},{"@type":"BreadcrumbList","@id":"https:\/\/csop.cirasync.com\/de\/finden-sie-einen-haendler\/#breadcrumb","itemListElement":[{"@type":"ListItem","position":1,"name":"Home","item":"https:\/\/csop.cirasync.com\/de\/"},{"@type":"ListItem","position":2,"name":"Finden Sie einen H\u00e4ndler"}]},{"@type":"WebSite","@id":"https:\/\/csop.cirasync.com\/de\/#website","url":"https:\/\/csop.cirasync.com\/de\/","name":"CiraSync On-Prem - Sync Global Address List and Public Folders","description":"Sync the GAL and Public Folders to Outlook and smartphones","publisher":{"@id":"https:\/\/csop.cirasync.com\/de\/#organization"},"potentialAction":[{"@type":"SearchAction","target":{"@type":"EntryPoint","urlTemplate":"https:\/\/csop.cirasync.com\/de\/?s={search_term_string}"},"query-input":{"@type":"PropertyValueSpecification","valueRequired":true,"valueName":"search_term_string"}}],"inLanguage":"de"},{"@type":"Organization","@id":"https:\/\/csop.cirasync.com\/de\/#organization","name":"CiraSync On-Prem contact management and sync software","url":"https:\/\/csop.cirasync.com\/de\/","logo":{"@type":"ImageObject","inLanguage":"de","@id":"https:\/\/csop.cirasync.com\/de\/#\/schema\/logo\/image\/","url":"https:\/\/csop.cirasync.com\/wp-content\/uploads\/2020\/04\/logo.png","contentUrl":"https:\/\/csop.cirasync.com\/wp-content\/uploads\/2020\/04\/logo.png","width":172,"height":40,"caption":"CiraSync On-Prem contact management and sync software"},"image":{"@id":"https:\/\/csop.cirasync.com\/de\/#\/schema\/logo\/image\/"},"sameAs":["https:\/\/www.facebook.com\/itrezzo","https:\/\/x.com\/itrezzo","https:\/\/www.linkedin.com\/company\/sync-the-global-address-list-to-an-iphone-android-or-blackberry","https:\/\/www.youtube.com\/channel\/UCyAwGMuXo3HPNDpZeBAQyNQ"]}]}},"_links":{"self":[{"href":"https:\/\/csop.cirasync.com\/de\/wp-json\/wp\/v2\/pages\/6316","targetHints":{"allow":["GET"]}}],"collection":[{"href":"https:\/\/csop.cirasync.com\/de\/wp-json\/wp\/v2\/pages"}],"about":[{"href":"https:\/\/csop.cirasync.com\/de\/wp-json\/wp\/v2\/types\/page"}],"author":[{"embeddable":true,"href":"https:\/\/csop.cirasync.com\/de\/wp-json\/wp\/v2\/users\/3"}],"replies":[{"embeddable":true,"href":"https:\/\/csop.cirasync.com\/de\/wp-json\/wp\/v2\/comments?post=6316"}],"version-history":[{"count":4,"href":"https:\/\/csop.cirasync.com\/de\/wp-json\/wp\/v2\/pages\/6316\/revisions"}],"predecessor-version":[{"id":11469,"href":"https:\/\/csop.cirasync.com\/de\/wp-json\/wp\/v2\/pages\/6316\/revisions\/11469"}],"wp:attachment":[{"href":"https:\/\/csop.cirasync.com\/de\/wp-json\/wp\/v2\/media?parent=6316"}],"curies":[{"name":"wp","href":"https:\/\/api.w.org\/{rel}","templated":true}]}}