{"id":6285,"date":"2021-01-08T13:38:45","date_gmt":"2021-01-08T20:38:45","guid":{"rendered":"https:\/\/csop.cirasync.com\/preise-fuer-csop-smartphone-sync-software\/oeffentliches-beschaffungswesen\/"},"modified":"2026-03-24T22:52:33","modified_gmt":"2026-03-25T03:52:33","slug":"oeffentliches-beschaffungswesen","status":"publish","type":"page","link":"https:\/\/csop.cirasync.com\/de\/preise-fuer-csop-smartphone-sync-software\/oeffentliches-beschaffungswesen\/","title":{"rendered":"\u00d6ffentliches Beschaffungswesen"},"content":{"rendered":"<p>[et_pb_section fb_built=&#8220;1&#8243; custom_padding_last_edited=&#8220;off|desktop&#8220; admin_label=&#8220;Hero&#8220; _builder_version=&#8220;4.16&#8243; use_background_color_gradient=&#8220;on&#8220; background_color_gradient_direction=&#8220;60deg&#8220; background_color_gradient_stops=&#8220;#8834fd 0%|#c756ec 100%&#8220; background_color_gradient_start=&#8220;#8834fd&#8220; background_color_gradient_end=&#8220;#c756ec&#8220; custom_padding=&#8220;|||&#8220; global_colors_info=&#8220;{}&#8220;][et_pb_row _builder_version=&#8220;4.16&#8243; background_size=&#8220;initial&#8220; background_position=&#8220;top_left&#8220; background_repeat=&#8220;repeat&#8220; custom_padding=&#8220;|||&#8220; global_colors_info=&#8220;{}&#8220;][et_pb_column type=&#8220;4_4&#8243; _builder_version=&#8220;4.16&#8243; custom_padding=&#8220;|||&#8220; global_colors_info=&#8220;{}&#8220; custom_padding__hover=&#8220;|||&#8220;][et_pb_text _builder_version=&#8220;4.16&#8243; text_font=&#8220;Open Sans|600|||||||&#8220; text_font_size=&#8220;16px&#8220; header_2_font=&#8220;Poppins||||||||&#8220; header_2_font_size=&#8220;36px&#8220; header_2_line_height=&#8220;1.4em&#8220; text_orientation=&#8220;center&#8220; background_layout=&#8220;dark&#8220; max_width=&#8220;700px&#8220; module_alignment=&#8220;center&#8220; global_colors_info=&#8220;{}&#8220;]<\/p>\n<h2 class=\"color-white\">Abonnementpreise f\u00fcr itrezzo<br \/>\nUnified Contact Management<\/h2>\n<p>[\/et_pb_text][\/et_pb_column][\/et_pb_row][\/et_pb_section][et_pb_section fb_built=&#8220;1&#8243; _builder_version=&#8220;4.16&#8243; global_colors_info=&#8220;{}&#8220;][et_pb_row column_structure=&#8220;1_2,1_2&#8243; _builder_version=&#8220;4.16&#8243; global_colors_info=&#8220;{}&#8220;][et_pb_column type=&#8220;1_2&#8243; _builder_version=&#8220;4.16&#8243; global_colors_info=&#8220;{}&#8220;][et_pb_text _builder_version=&#8220;4.16&#8243; header_font=&#8220;|700|||||||&#8220; global_colors_info=&#8220;{}&#8220;]<\/p>\n<h1>Preisgestaltung f\u00fcr Smartphone Contact Management<\/h1>\n<p>Der monatliche wiederkehrende Abonnementpreis betr\u00e4gt 3 USD pro Monat f\u00fcr jeden Benutzer. Ein Benutzer ist als ein einzelnes Exchange Server-Postfach definiert. Sie k\u00f6nnen unbegrenzt Smartphones und Tablets an die lizenzierte Mailbox anschlie\u00dfen und eine beliebige Anzahl von Kontakten f\u00fcr diesen Preis synchronisieren.<br \/>\n[\/et_pb_text][\/et_pb_column][et_pb_column type=&#8220;1_2&#8243; _builder_version=&#8220;4.16&#8243; global_colors_info=&#8220;{}&#8220;][et_pb_text _builder_version=&#8220;4.16&#8243; header_font=&#8220;|700|||||||&#8220; global_colors_info=&#8220;{}&#8220;]<\/p>\n<h1>Evaluierungs- und Starterlizenzen<\/h1>\n<p>Das Starterpaket bietet Ihnen die ersten zehn Benutzer f\u00fcr ein Jahr kostenlos. Die Software ist voll funktionsf\u00e4hig und kann durch Hinzuf\u00fcgen eines Lizenzpakets, wie hier angegeben, auf eine gr\u00f6\u00dfere Anzahl von Benutzern skaliert werden.<br \/>\n[\/et_pb_text][\/et_pb_column][\/et_pb_row][\/et_pb_section][et_pb_section fb_built=&#8220;1&#8243; _builder_version=&#8220;4.16&#8243; background_color=&#8220;#fafafc&#8220; global_colors_info=&#8220;{}&#8220;][et_pb_row column_structure=&#8220;1_2,1_2&#8243; _builder_version=&#8220;4.16&#8243; background_enable_color=&#8220;off&#8220; global_colors_info=&#8220;{}&#8220;][et_pb_column type=&#8220;1_2&#8243; _builder_version=&#8220;4.16&#8243; global_colors_info=&#8220;{}&#8220;][et_pb_text _builder_version=&#8220;4.16&#8243; header_font=&#8220;|700|||||||&#8220; global_colors_info=&#8220;{}&#8220;]<\/p>\n<h1>Mengenrabatt<\/h1>\n<p>Bei Abonnementpreisen sind zwei Rabatte verf\u00fcgbar. Wenn ein Abonnement ist<strong> 50 oder mehr<\/strong> Benutzer jeden Monat wird ein Rabatt von zehn Prozent auf die Rechnung angewendet. Der vollst\u00e4ndige Rabattplan lautet wie folgt:<br \/>\n[\/et_pb_text][\/et_pb_column][et_pb_column type=&#8220;1_2&#8243; _builder_version=&#8220;4.16&#8243; global_colors_info=&#8220;{}&#8220;][et_pb_text _builder_version=&#8220;4.16&#8243; global_colors_info=&#8220;{}&#8220;]<\/p>\n<table class=\"pr-table\">\n<tbody>\n<tr>\n<td>20 bis 49 Benutzer<\/td>\n<td>0%<\/td>\n<\/tr>\n<tr>\n<td>50 bis 99 Benutzer<\/td>\n<td>10%<\/td>\n<\/tr>\n<tr>\n<td>100 bis 249 Benutzer<\/td>\n<td>20%<\/td>\n<\/tr>\n<tr>\n<td>250 bis 499 Benutzer<\/td>\n<td>30%<\/td>\n<\/tr>\n<tr>\n<td>500 bis 999 Benutzer<\/td>\n<td>40%<\/td>\n<\/tr>\n<tr>\n<td>1000 bis 2499 Benutzer<\/td>\n<td>50%<\/td>\n<\/tr>\n<tr>\n<td>2500 bis 4999 Benutzer<\/td>\n<td>55%<\/td>\n<\/tr>\n<tr>\n<td>5000 Benutzer und mehr<\/td>\n<td>60%<\/td>\n<\/tr>\n<\/tbody>\n<\/table>\n<p>[\/et_pb_text][\/et_pb_column][\/et_pb_row][\/et_pb_section][et_pb_section fb_built=&#8220;1&#8243; _builder_version=&#8220;4.16&#8243; global_colors_info=&#8220;{}&#8220;][et_pb_row _builder_version=&#8220;4.16&#8243; custom_padding=&#8220;0px||0px||false|false&#8220; global_colors_info=&#8220;{}&#8220;][et_pb_column type=&#8220;4_4&#8243; _builder_version=&#8220;4.16&#8243; global_colors_info=&#8220;{}&#8220;][et_pb_text _builder_version=&#8220;4.16&#8243; header_font=&#8220;|700|||||||&#8220; global_colors_info=&#8220;{}&#8220;]<\/p>\n<h1>J\u00e4hrlicher Vorauszahlungsrabatt<\/h1>\n<p>Der zweite Rabatt gilt f\u00fcr Jahresabonnements. Wenn zu Beginn einer Laufzeit ein elfmonatiges Abonnement bezahlt wird, ist der zw\u00f6lfte Monat kostenlos. Anders gesagt, der j\u00e4hrliche Abonnementpreis entspricht den Kosten von elf Monaten.<br \/>\n[\/et_pb_text][\/et_pb_column][\/et_pb_row][\/et_pb_section][et_pb_section fb_built=&#8220;1&#8243; _builder_version=&#8220;4.16&#8243; background_color=&#8220;#fafafc&#8220; global_colors_info=&#8220;{}&#8220;][et_pb_row _builder_version=&#8220;4.16&#8243; custom_padding=&#8220;0px||0px||false|false&#8220; global_colors_info=&#8220;{}&#8220;][et_pb_column type=&#8220;4_4&#8243; _builder_version=&#8220;4.16&#8243; global_colors_info=&#8220;{}&#8220;][et_pb_text _builder_version=&#8220;4.16&#8243; header_font=&#8220;|700|||||||&#8220; header_2_font=&#8220;|700|||||||&#8220; global_colors_info=&#8220;{}&#8220;]<\/p>\n<h2>Beispielpreisberechnung<\/h2>\n<p>[\/et_pb_text][\/et_pb_column][\/et_pb_row][et_pb_row column_structure=&#8220;1_2,1_2&#8243; _builder_version=&#8220;4.16&#8243; background_enable_color=&#8220;off&#8220; custom_margin=&#8220;0px||0px||false|false&#8220; custom_padding=&#8220;0px||0px||false|false&#8220; global_colors_info=&#8220;{}&#8220;][et_pb_column type=&#8220;1_2&#8243; _builder_version=&#8220;4.16&#8243; global_colors_info=&#8220;{}&#8220;][et_pb_text _builder_version=&#8220;4.16&#8243; custom_margin=&#8220;||10px||false|false&#8220; custom_padding=&#8220;0px||0px||false|false&#8220; global_colors_info=&#8220;{}&#8220;]Wenn Sie 30 Benutzer f\u00fcr ein Jahr lizenzieren m\u00fcssen, sieht die Kostenverteilung wie folgt aus:[\/et_pb_text][et_pb_blurb title=&#8220;Die Kosten f\u00fcr 30 Benutzer betragen 90 USD pro Monat &#8220; use_icon=&#8220;on&#8220; font_icon=&#8220;&#x4e;||divi||400&#8243; icon_color=&#8220;#c496e8&#8243; icon_placement=&#8220;left&#8220; image_icon_width=&#8220;22px&#8220; _builder_version=&#8220;4.16&#8243; header_text_align=&#8220;left&#8220; header_font_size=&#8220;14px&#8220; header_line_height=&#8220;1.8em&#8220; custom_margin=&#8220;|0px|0px|0px|false|false&#8220; custom_padding=&#8220;0px||3px|3px|false|false&#8220; icon_font_size=&#8220;22px&#8220; global_colors_info=&#8220;{}&#8220;][\/et_pb_blurb][et_pb_blurb title=&#8220;Eine Vorauszahlung f\u00fcr 30 Benutzer f\u00fcr elf Monate betr\u00e4gt 990 USD (11 * 90).&#8220; use_icon=&#8220;on&#8220; font_icon=&#8220;&#x4e;||divi||400&#8243; icon_color=&#8220;#c496e8&#8243; icon_placement=&#8220;left&#8220; image_icon_width=&#8220;22px&#8220; _builder_version=&#8220;4.16&#8243; header_text_align=&#8220;left&#8220; header_font_size=&#8220;14px&#8220; header_line_height=&#8220;1.8em&#8220; custom_margin=&#8220;|0px|0px|0px|false|false&#8220; custom_padding=&#8220;0px||3px|3px|false|false&#8220; icon_font_size=&#8220;22px&#8220; global_colors_info=&#8220;{}&#8220;][\/et_pb_blurb][et_pb_blurb title=&#8220;Gesamtvorauszahlung f\u00fcr 30 Benutzer f\u00fcr ein Jahr: 990 USD&#8220; use_icon=&#8220;on&#8220; font_icon=&#8220;&#x4e;||divi||400&#8243; icon_color=&#8220;#c496e8&#8243; icon_placement=&#8220;left&#8220; image_icon_width=&#8220;22px&#8220; _builder_version=&#8220;4.16&#8243; header_text_align=&#8220;left&#8220; header_font_size=&#8220;14px&#8220; header_line_height=&#8220;1.8em&#8220; custom_margin=&#8220;|0px|0px|0px|false|false&#8220; custom_padding=&#8220;0px||3px|3px|false|false&#8220; icon_font_size=&#8220;22px&#8220; global_colors_info=&#8220;{}&#8220;][\/et_pb_blurb][\/et_pb_column][et_pb_column type=&#8220;1_2&#8243; _builder_version=&#8220;4.16&#8243; global_colors_info=&#8220;{}&#8220;][et_pb_text _builder_version=&#8220;4.16&#8243; custom_margin=&#8220;||10px||false|false&#8220; custom_padding=&#8220;0px||0px||false|false&#8220; global_colors_info=&#8220;{}&#8220;]Wenn Sie 100 Benutzer f\u00fcr ein Jahr lizenzieren m\u00fcssen, sieht die Kostenverteilung wie folgt aus:[\/et_pb_text][et_pb_blurb title=&#8220;Die Kosten f\u00fcr 100 Benutzer betragen 300 USD pro Monat&#8220; use_icon=&#8220;on&#8220; font_icon=&#8220;&#x4e;||divi||400&#8243; icon_color=&#8220;#c496e8&#8243; icon_placement=&#8220;left&#8220; image_icon_width=&#8220;22px&#8220; _builder_version=&#8220;4.16&#8243; header_text_align=&#8220;left&#8220; header_font_size=&#8220;14px&#8220; header_line_height=&#8220;1.8em&#8220; custom_margin=&#8220;|0px|0px|0px|false|false&#8220; custom_padding=&#8220;0px||3px|3px|false|false&#8220; icon_font_size=&#8220;22px&#8220; global_colors_info=&#8220;{}&#8220;][\/et_pb_blurb][et_pb_blurb title=&#8220;Es wird ein Mengenrabatt von 20% gew\u00e4hrt und die Zahlung f\u00fcr jeden Monat betr\u00e4gt 240 USD&#8220; use_icon=&#8220;on&#8220; font_icon=&#8220;&#x4e;||divi||400&#8243; icon_color=&#8220;#c496e8&#8243; icon_placement=&#8220;left&#8220; image_icon_width=&#8220;22px&#8220; _builder_version=&#8220;4.16&#8243; header_text_align=&#8220;left&#8220; header_font_size=&#8220;14px&#8220; header_line_height=&#8220;1.8em&#8220; custom_margin=&#8220;|0px|0px|0px|false|false&#8220; custom_padding=&#8220;0px||3px|3px|false|false&#8220; icon_font_size=&#8220;22px&#8220; global_colors_info=&#8220;{}&#8220;][\/et_pb_blurb][et_pb_blurb title=&#8220;Die Kosten f\u00fcr 30 Benutzer betragen 90 USD pro Monat &#8220; use_icon=&#8220;on&#8220; font_icon=&#8220;&#x4e;||divi||400&#8243; icon_color=&#8220;#c496e8&#8243; icon_placement=&#8220;left&#8220; image_icon_width=&#8220;22px&#8220; _builder_version=&#8220;4.16&#8243; header_text_align=&#8220;left&#8220; header_font_size=&#8220;14px&#8220; header_line_height=&#8220;1.8em&#8220; custom_margin=&#8220;|0px|0px|0px|false|false&#8220; custom_padding=&#8220;0px||3px|3px|false|false&#8220; icon_font_size=&#8220;22px&#8220; global_colors_info=&#8220;{}&#8220;][\/et_pb_blurb][\/et_pb_column][\/et_pb_row][\/et_pb_section][et_pb_section fb_built=&#8220;1&#8243; _builder_version=&#8220;4.16&#8243; global_colors_info=&#8220;{}&#8220;][et_pb_row _builder_version=&#8220;4.16&#8243; custom_padding=&#8220;0px||0px||false|false&#8220; global_colors_info=&#8220;{}&#8220;][et_pb_column type=&#8220;4_4&#8243; _builder_version=&#8220;4.16&#8243; global_colors_info=&#8220;{}&#8220;][et_pb_text _builder_version=&#8220;4.16&#8243; header_font=&#8220;|700|||||||&#8220; global_colors_info=&#8220;{}&#8220;]<\/p>\n<h1>Mindestvertr\u00e4ge<\/h1>\n<p><strong>Die Mindestanzahl an Benutzern f\u00fcr ein kostenpflichtiges Abonnement betr\u00e4gt 20.<\/strong><\/p>\n<p>Die Vertragsbedingungen k\u00f6nnen monatlich oder j\u00e4hrlich sein. Monatliche wiederkehrende Geb\u00fchren m\u00fcssen von einer Kreditkarte abgebucht oder im Voraus bezahlt werden. Bei Bestellungen \u00fcber 2000 USD k\u00f6nnen Bestellungen ebenfalls eine Option sein.<br \/>\n[\/et_pb_text][\/et_pb_column][\/et_pb_row][et_pb_row column_structure=&#8220;1_2,1_2&#8243; _builder_version=&#8220;4.16&#8243; global_colors_info=&#8220;{}&#8220;][et_pb_column type=&#8220;1_2&#8243; _builder_version=&#8220;4.16&#8243; global_colors_info=&#8220;{}&#8220;][et_pb_text _builder_version=&#8220;4.16&#8243; header_font=&#8220;|700|||||||&#8220; global_colors_info=&#8220;{}&#8220;]<\/p>\n<h1>Support ist inbegriffen<\/h1>\n<p>Bei allen Jahresabonnements ist Telefon- und E-Mail-Support enthalten. Alle Upgrades sind ohne Aufpreis enthalten.[\/et_pb_text][\/et_pb_column][et_pb_column type=&#8220;1_2&#8243; _builder_version=&#8220;4.16&#8243; global_colors_info=&#8220;{}&#8220;][et_pb_text _builder_version=&#8220;4.16&#8243; header_font=&#8220;|700|||||||&#8220; global_colors_info=&#8220;{}&#8220;]<\/p>\n<h1>Angebotsanfrage anfordern<\/h1>\n<p>Derzeit gibt es keinen Online-Mechanismus, um eine Bestellung aufzugeben. Bitte kontaktieren Sie unser Verkaufsteam \u00fcber<a href=\"https:\/\/csop.cirasync.com\/ContactMeSyncGAL2smartphone.aspx\"> diese Form<\/a> . Stellen Sie sicher, dass Ihre Telefonnummer unten steht.<br \/>\n[\/et_pb_text][\/et_pb_column][\/et_pb_row][et_pb_row column_structure=&#8220;1_2,1_2&#8243; _builder_version=&#8220;4.16&#8243; global_colors_info=&#8220;{}&#8220;][et_pb_column type=&#8220;1_2&#8243; _builder_version=&#8220;4.16&#8243; global_colors_info=&#8220;{}&#8220;][et_pb_text _builder_version=&#8220;4.16&#8243; header_font=&#8220;|700|||||||&#8220; global_colors_info=&#8220;{}&#8220;]<\/p>\n<h1>Perpetual Licensing<\/h1>\n<p>Wenn Ihre Organisation eine permanente Lizenz ben\u00f6tigt, die niemals abl\u00e4uft, wenden Sie sich bitte an unser Verkaufsteam<a href=\"https:\/\/csop.cirasync.com\/ContactMeSyncGAL2smartphone.aspx\"> mit diesem Formular<\/a> . Stellen Sie sicher, dass Ihre Telefonnummer unten steht.<br \/>\n[\/et_pb_text][\/et_pb_column][et_pb_column type=&#8220;1_2&#8243; _builder_version=&#8220;4.16&#8243; global_colors_info=&#8220;{}&#8220;][et_pb_text _builder_version=&#8220;4.16&#8243; header_font=&#8220;|700|||||||&#8220; global_colors_info=&#8220;{}&#8220;]<\/p>\n<h1>B\u00fcro 365<\/h1>\n<p>Wenn Sie Exchange Server nicht mehr lokal verwenden und eine Preisgestaltung f\u00fcr Office 365 erforderlich ist,<a href=\"https:\/\/www.cirasync.com\/\"> CiraSync<\/a> ist eine viel kosteng\u00fcnstigere L\u00f6sung.<a href=\"https:\/\/www.cirasync.com\/pricing\/\"> Klicken Sie hier f\u00fcr die Preisgestaltung<\/a> .<br \/>\n[\/et_pb_text][\/et_pb_column][\/et_pb_row][\/et_pb_section]<\/p>\n","protected":false},"excerpt":{"rendered":"<p>Abonnementpreise f\u00fcr itrezzo Unified Contact Management Preisgestaltung f\u00fcr Smartphone Contact Management Der monatliche wiederkehrende Abonnementpreis betr\u00e4gt 3 USD pro Monat f\u00fcr jeden Benutzer. Ein Benutzer ist als ein einzelnes Exchange Server-Postfach definiert. Sie k\u00f6nnen unbegrenzt Smartphones und Tablets an die lizenzierte Mailbox anschlie\u00dfen und eine beliebige Anzahl von Kontakten f\u00fcr diesen Preis synchronisieren. Evaluierungs- und [&hellip;]<\/p>\n","protected":false},"author":3,"featured_media":0,"parent":5686,"menu_order":0,"comment_status":"closed","ping_status":"closed","template":"","meta":{"_et_pb_use_builder":"on","_et_pb_old_content":"","_et_gb_content_width":"","inline_featured_image":false,"footnotes":""},"class_list":["post-6285","page","type-page","status-publish","hentry"],"yoast_head":"<!-- This site is optimized with the Yoast SEO Premium plugin v27.1 (Yoast SEO v27.4) - https:\/\/yoast.com\/product\/yoast-seo-premium-wordpress\/ -->\n<title>\u00d6ffentliches Beschaffungswesen<\/title>\n<meta name=\"description\" content=\"\u00d6ffentliches Beschaffungswesen: Infos zu CiraSync On-Prem Smartphone Sync f\u00fcr Beh\u00f6rden, Starterpaket, Lizenzpakete und Beschaffung \u2013 schnell, transparent und konform.\" \/>\n<meta name=\"robots\" content=\"index, follow, max-snippet:-1, max-image-preview:large, max-video-preview:-1\" \/>\n<link rel=\"canonical\" href=\"https:\/\/csop.cirasync.com\/de\/preise-fuer-csop-smartphone-sync-software\/oeffentliches-beschaffungswesen\/\" \/>\n<meta property=\"og:locale\" content=\"de_DE\" \/>\n<meta property=\"og:type\" content=\"article\" \/>\n<meta property=\"og:title\" content=\"\u00d6ffentliches Beschaffungswesen\" \/>\n<meta property=\"og:description\" content=\"\u00d6ffentliches Beschaffungswesen: Infos zu CiraSync On-Prem Smartphone Sync f\u00fcr Beh\u00f6rden, Starterpaket, Lizenzpakete und Beschaffung \u2013 schnell, transparent und konform.\" \/>\n<meta property=\"og:url\" content=\"https:\/\/csop.cirasync.com\/de\/preise-fuer-csop-smartphone-sync-software\/oeffentliches-beschaffungswesen\/\" \/>\n<meta property=\"og:site_name\" content=\"CiraSync On-Prem - Sync Global Address List and Public Folders\" \/>\n<meta property=\"article:publisher\" content=\"https:\/\/www.facebook.com\/itrezzo\" \/>\n<meta property=\"article:modified_time\" content=\"2026-03-25T03:52:33+00:00\" \/>\n<meta name=\"twitter:card\" content=\"summary_large_image\" \/>\n<meta name=\"twitter:site\" content=\"@itrezzo\" \/>\n<script type=\"application\/ld+json\" class=\"yoast-schema-graph\">{\"@context\":\"https:\\\/\\\/schema.org\",\"@graph\":[{\"@type\":\"WebPage\",\"@id\":\"https:\\\/\\\/csop.cirasync.com\\\/de\\\/preise-fuer-csop-smartphone-sync-software\\\/oeffentliches-beschaffungswesen\\\/\",\"url\":\"https:\\\/\\\/csop.cirasync.com\\\/de\\\/preise-fuer-csop-smartphone-sync-software\\\/oeffentliches-beschaffungswesen\\\/\",\"name\":\"\u00d6ffentliches Beschaffungswesen\",\"isPartOf\":{\"@id\":\"https:\\\/\\\/csop.cirasync.com\\\/de\\\/#website\"},\"datePublished\":\"2021-01-08T20:38:45+00:00\",\"dateModified\":\"2026-03-25T03:52:33+00:00\",\"description\":\"\u00d6ffentliches Beschaffungswesen: Infos zu CiraSync On-Prem Smartphone Sync f\u00fcr Beh\u00f6rden, Starterpaket, Lizenzpakete und Beschaffung \u2013 schnell, transparent und konform.\",\"breadcrumb\":{\"@id\":\"https:\\\/\\\/csop.cirasync.com\\\/de\\\/preise-fuer-csop-smartphone-sync-software\\\/oeffentliches-beschaffungswesen\\\/#breadcrumb\"},\"inLanguage\":\"de\",\"potentialAction\":[{\"@type\":\"ReadAction\",\"target\":[\"https:\\\/\\\/csop.cirasync.com\\\/de\\\/preise-fuer-csop-smartphone-sync-software\\\/oeffentliches-beschaffungswesen\\\/\"]}]},{\"@type\":\"BreadcrumbList\",\"@id\":\"https:\\\/\\\/csop.cirasync.com\\\/de\\\/preise-fuer-csop-smartphone-sync-software\\\/oeffentliches-beschaffungswesen\\\/#breadcrumb\",\"itemListElement\":[{\"@type\":\"ListItem\",\"position\":1,\"name\":\"Home\",\"item\":\"https:\\\/\\\/csop.cirasync.com\\\/de\\\/\"},{\"@type\":\"ListItem\",\"position\":2,\"name\":\"Preise f\u00fcr CiraSync On-Prem Smartphone Sync Software\",\"item\":\"https:\\\/\\\/csop.cirasync.com\\\/de\\\/preise-fuer-csop-smartphone-sync-software\\\/\"},{\"@type\":\"ListItem\",\"position\":3,\"name\":\"\u00d6ffentliches Beschaffungswesen\"}]},{\"@type\":\"WebSite\",\"@id\":\"https:\\\/\\\/csop.cirasync.com\\\/de\\\/#website\",\"url\":\"https:\\\/\\\/csop.cirasync.com\\\/de\\\/\",\"name\":\"CiraSync On-Prem - Sync Global Address List and Public Folders\",\"description\":\"Sync the GAL and Public Folders to Outlook and smartphones\",\"publisher\":{\"@id\":\"https:\\\/\\\/csop.cirasync.com\\\/de\\\/#organization\"},\"potentialAction\":[{\"@type\":\"SearchAction\",\"target\":{\"@type\":\"EntryPoint\",\"urlTemplate\":\"https:\\\/\\\/csop.cirasync.com\\\/de\\\/?s={search_term_string}\"},\"query-input\":{\"@type\":\"PropertyValueSpecification\",\"valueRequired\":true,\"valueName\":\"search_term_string\"}}],\"inLanguage\":\"de\"},{\"@type\":\"Organization\",\"@id\":\"https:\\\/\\\/csop.cirasync.com\\\/de\\\/#organization\",\"name\":\"CiraSync On-Prem contact management and sync software\",\"url\":\"https:\\\/\\\/csop.cirasync.com\\\/de\\\/\",\"logo\":{\"@type\":\"ImageObject\",\"inLanguage\":\"de\",\"@id\":\"https:\\\/\\\/csop.cirasync.com\\\/de\\\/#\\\/schema\\\/logo\\\/image\\\/\",\"url\":\"https:\\\/\\\/csop.cirasync.com\\\/wp-content\\\/uploads\\\/2020\\\/04\\\/logo.png\",\"contentUrl\":\"https:\\\/\\\/csop.cirasync.com\\\/wp-content\\\/uploads\\\/2020\\\/04\\\/logo.png\",\"width\":172,\"height\":40,\"caption\":\"CiraSync On-Prem contact management and sync software\"},\"image\":{\"@id\":\"https:\\\/\\\/csop.cirasync.com\\\/de\\\/#\\\/schema\\\/logo\\\/image\\\/\"},\"sameAs\":[\"https:\\\/\\\/www.facebook.com\\\/itrezzo\",\"https:\\\/\\\/x.com\\\/itrezzo\",\"https:\\\/\\\/www.linkedin.com\\\/company\\\/sync-the-global-address-list-to-an-iphone-android-or-blackberry\",\"https:\\\/\\\/www.youtube.com\\\/channel\\\/UCyAwGMuXo3HPNDpZeBAQyNQ\"]}]}<\/script>\n<!-- \/ Yoast SEO Premium plugin. -->","yoast_head_json":{"title":"\u00d6ffentliches Beschaffungswesen","description":"\u00d6ffentliches Beschaffungswesen: Infos zu CiraSync On-Prem Smartphone Sync f\u00fcr Beh\u00f6rden, Starterpaket, Lizenzpakete und Beschaffung \u2013 schnell, transparent und konform.","robots":{"index":"index","follow":"follow","max-snippet":"max-snippet:-1","max-image-preview":"max-image-preview:large","max-video-preview":"max-video-preview:-1"},"canonical":"https:\/\/csop.cirasync.com\/de\/preise-fuer-csop-smartphone-sync-software\/oeffentliches-beschaffungswesen\/","og_locale":"de_DE","og_type":"article","og_title":"\u00d6ffentliches Beschaffungswesen","og_description":"\u00d6ffentliches Beschaffungswesen: Infos zu CiraSync On-Prem Smartphone Sync f\u00fcr Beh\u00f6rden, Starterpaket, Lizenzpakete und Beschaffung \u2013 schnell, transparent und konform.","og_url":"https:\/\/csop.cirasync.com\/de\/preise-fuer-csop-smartphone-sync-software\/oeffentliches-beschaffungswesen\/","og_site_name":"CiraSync On-Prem - Sync Global Address List and Public Folders","article_publisher":"https:\/\/www.facebook.com\/itrezzo","article_modified_time":"2026-03-25T03:52:33+00:00","twitter_card":"summary_large_image","twitter_site":"@itrezzo","schema":{"@context":"https:\/\/schema.org","@graph":[{"@type":"WebPage","@id":"https:\/\/csop.cirasync.com\/de\/preise-fuer-csop-smartphone-sync-software\/oeffentliches-beschaffungswesen\/","url":"https:\/\/csop.cirasync.com\/de\/preise-fuer-csop-smartphone-sync-software\/oeffentliches-beschaffungswesen\/","name":"\u00d6ffentliches Beschaffungswesen","isPartOf":{"@id":"https:\/\/csop.cirasync.com\/de\/#website"},"datePublished":"2021-01-08T20:38:45+00:00","dateModified":"2026-03-25T03:52:33+00:00","description":"\u00d6ffentliches Beschaffungswesen: Infos zu CiraSync On-Prem Smartphone Sync f\u00fcr Beh\u00f6rden, Starterpaket, Lizenzpakete und Beschaffung \u2013 schnell, transparent und konform.","breadcrumb":{"@id":"https:\/\/csop.cirasync.com\/de\/preise-fuer-csop-smartphone-sync-software\/oeffentliches-beschaffungswesen\/#breadcrumb"},"inLanguage":"de","potentialAction":[{"@type":"ReadAction","target":["https:\/\/csop.cirasync.com\/de\/preise-fuer-csop-smartphone-sync-software\/oeffentliches-beschaffungswesen\/"]}]},{"@type":"BreadcrumbList","@id":"https:\/\/csop.cirasync.com\/de\/preise-fuer-csop-smartphone-sync-software\/oeffentliches-beschaffungswesen\/#breadcrumb","itemListElement":[{"@type":"ListItem","position":1,"name":"Home","item":"https:\/\/csop.cirasync.com\/de\/"},{"@type":"ListItem","position":2,"name":"Preise f\u00fcr CiraSync On-Prem Smartphone Sync Software","item":"https:\/\/csop.cirasync.com\/de\/preise-fuer-csop-smartphone-sync-software\/"},{"@type":"ListItem","position":3,"name":"\u00d6ffentliches Beschaffungswesen"}]},{"@type":"WebSite","@id":"https:\/\/csop.cirasync.com\/de\/#website","url":"https:\/\/csop.cirasync.com\/de\/","name":"CiraSync On-Prem - Sync Global Address List and Public Folders","description":"Sync the GAL and Public Folders to Outlook and smartphones","publisher":{"@id":"https:\/\/csop.cirasync.com\/de\/#organization"},"potentialAction":[{"@type":"SearchAction","target":{"@type":"EntryPoint","urlTemplate":"https:\/\/csop.cirasync.com\/de\/?s={search_term_string}"},"query-input":{"@type":"PropertyValueSpecification","valueRequired":true,"valueName":"search_term_string"}}],"inLanguage":"de"},{"@type":"Organization","@id":"https:\/\/csop.cirasync.com\/de\/#organization","name":"CiraSync On-Prem contact management and sync software","url":"https:\/\/csop.cirasync.com\/de\/","logo":{"@type":"ImageObject","inLanguage":"de","@id":"https:\/\/csop.cirasync.com\/de\/#\/schema\/logo\/image\/","url":"https:\/\/csop.cirasync.com\/wp-content\/uploads\/2020\/04\/logo.png","contentUrl":"https:\/\/csop.cirasync.com\/wp-content\/uploads\/2020\/04\/logo.png","width":172,"height":40,"caption":"CiraSync On-Prem contact management and sync software"},"image":{"@id":"https:\/\/csop.cirasync.com\/de\/#\/schema\/logo\/image\/"},"sameAs":["https:\/\/www.facebook.com\/itrezzo","https:\/\/x.com\/itrezzo","https:\/\/www.linkedin.com\/company\/sync-the-global-address-list-to-an-iphone-android-or-blackberry","https:\/\/www.youtube.com\/channel\/UCyAwGMuXo3HPNDpZeBAQyNQ"]}]}},"_links":{"self":[{"href":"https:\/\/csop.cirasync.com\/de\/wp-json\/wp\/v2\/pages\/6285","targetHints":{"allow":["GET"]}}],"collection":[{"href":"https:\/\/csop.cirasync.com\/de\/wp-json\/wp\/v2\/pages"}],"about":[{"href":"https:\/\/csop.cirasync.com\/de\/wp-json\/wp\/v2\/types\/page"}],"author":[{"embeddable":true,"href":"https:\/\/csop.cirasync.com\/de\/wp-json\/wp\/v2\/users\/3"}],"replies":[{"embeddable":true,"href":"https:\/\/csop.cirasync.com\/de\/wp-json\/wp\/v2\/comments?post=6285"}],"version-history":[{"count":6,"href":"https:\/\/csop.cirasync.com\/de\/wp-json\/wp\/v2\/pages\/6285\/revisions"}],"predecessor-version":[{"id":13520,"href":"https:\/\/csop.cirasync.com\/de\/wp-json\/wp\/v2\/pages\/6285\/revisions\/13520"}],"up":[{"embeddable":true,"href":"https:\/\/csop.cirasync.com\/de\/wp-json\/wp\/v2\/pages\/5686"}],"wp:attachment":[{"href":"https:\/\/csop.cirasync.com\/de\/wp-json\/wp\/v2\/media?parent=6285"}],"curies":[{"name":"wp","href":"https:\/\/api.w.org\/{rel}","templated":true}]}}